{"id":92,"date":"2012-03-10T20:18:19","date_gmt":"2012-03-10T18:18:19","guid":{"rendered":"http:\/\/wildtravel.ro\/despre-eco-chettusia\/"},"modified":"2023-02-15T10:10:45","modified_gmt":"2023-02-15T08:10:45","slug":"despre-noi","status":"publish","type":"page","link":"https:\/\/wildtravel.ro\/ro\/despre-noi\/","title":{"rendered":"Despre WILD TRAVEL"},"content":{"rendered":"<p>Wild Travel este o companie rom\u00e2neasc\u0103 ce promoveaz\u0103 eco turismul \u00een Delta Dun\u0103rii. \u00cenfiin\u021bat\u0103 de c\u0103tre ornitologul Mihai Baciu, firma organizeaz\u0103 ture\u00a0 \u00een Delta Dun\u0103rii, bazate pe observatul p\u0103s\u0103rilor, fotografie de wildlife\u00a0 sau pur \u0219i simplu relax \u00een natur\u0103, cu ambarca\u021biunile proprii sau \u00eenchiriate.<img fetchpriority=\"high\" decoding=\"async\" class=\"size-medium wp-image-37523 alignleft\" src=\"http:\/\/wildtravel.ro\/wp-content\/uploads\/2023\/02\/derrr-245x300.jpg\" alt=\"\" width=\"245\" height=\"300\" srcset=\"https:\/\/wildtravel.ro\/wp-content\/uploads\/2023\/02\/derrr-245x300.jpg 245w, https:\/\/wildtravel.ro\/wp-content\/uploads\/2023\/02\/derrr.jpg 466w\" sizes=\"(max-width: 245px) 100vw, 245px\" \/><\/p>\n<p><strong>Mihai BACIU<\/strong> este managerul firmei \u0219i ghidul principal. Este fotograf de natur\u0103, ornitolog \u0219i scriitor, av\u00e2nd publicate 4 c\u0103r\u021bi despre p\u0103s\u0103rile din Delta Dun\u0103rii \u0219i \u00eemprejurimi, cu fotografiile realizate de c\u0103tre acesta \u00een decursul anilor.<img decoding=\"async\" class=\"wp-image-20356 alignright\" src=\"http:\/\/wildtravel.ro\/wp-content\/uploads\/2023\/01\/46-225x300.jpg\" alt=\"\" width=\"255\" height=\"340\" srcset=\"https:\/\/wildtravel.ro\/wp-content\/uploads\/2023\/01\/46-225x300.jpg 225w, https:\/\/wildtravel.ro\/wp-content\/uploads\/2023\/01\/46.jpg 684w\" sizes=\"(max-width: 255px) 100vw, 255px\" \/><\/p>\n<p>A fost ranger in cadrul Rezervatiei Biosferei Delta Dunarii, loc unde a prins pasiunea pentru observatul pasarilor si ghidare a turistilor.<\/p>\n<p>C\u0103r\u021bile sunt scrise \u00een limba rom\u00e2n\u0103 \u0219i traduse \u00een italian\u0103, englez\u0103, francez\u0103 \u0219i german\u0103.<\/p>\n<p>\u00cen paginile c\u0103r\u021bilor se reg\u0103sesc mai mult de 300 de specii de p\u0103s\u0103ri care se pot vedea \u0219i \u00een turele organizate de c\u0103tre firma. Mihai este \u0219i c\u0103pitanul vasului principal al firmei numit &#8222;CODRUTZ&#8221;.<\/p>\n<p>Vorbe\u0219te francez\u0103, italian\u0103 \u0219i englez\u0103.<\/p>\n<p><strong>Valentina<\/strong> este so\u021bia lui Mihai \u0219i este buc\u0103tarul\u00a0 vaporului &#8222;CODRUTZ&#8221;, principala ambarca\u021biune a firmei.<\/p>\n<p><img decoding=\"async\" class=\"wp-image-17520 alignleft\" src=\"http:\/\/wildtravel.ro\/wp-content\/uploads\/2023\/01\/ea5-225x300.jpg\" alt=\"\" width=\"255\" height=\"340\" srcset=\"https:\/\/wildtravel.ro\/wp-content\/uploads\/2023\/01\/ea5-225x300.jpg 225w, https:\/\/wildtravel.ro\/wp-content\/uploads\/2023\/01\/ea5-768x1024.jpg 768w, https:\/\/wildtravel.ro\/wp-content\/uploads\/2023\/01\/ea5-1152x1536.jpg 1152w, https:\/\/wildtravel.ro\/wp-content\/uploads\/2023\/01\/ea5.jpg 1536w\" sizes=\"(max-width: 255px) 100vw, 255px\" \/>Valentina este buc\u0103tar pasionat, fost participant la emisiunea rom\u00e2neasc\u0103 &#8222;Master Chef&#8221;, dar este \u0219i un foarte bun cunosc\u0103tor al deltei, fiind originar\u0103 din comunitatea rusilor lipoveni cea care formeaza majoritatea locuitorilor deltei.<img loading=\"lazy\" decoding=\"async\" class=\" wp-image-20357 alignright\" src=\"http:\/\/wildtravel.ro\/wp-content\/uploads\/2023\/01\/oper-1-293x300.jpg\" alt=\"\" width=\"341\" height=\"349\" srcset=\"https:\/\/wildtravel.ro\/wp-content\/uploads\/2023\/01\/oper-1-293x300.jpg 293w, https:\/\/wildtravel.ro\/wp-content\/uploads\/2023\/01\/oper-1-1000x1024.jpg 1000w, https:\/\/wildtravel.ro\/wp-content\/uploads\/2023\/01\/oper-1-768x786.jpg 768w, https:\/\/wildtravel.ro\/wp-content\/uploads\/2023\/01\/oper-1.jpg 1136w\" sizes=\"(max-width: 341px) 100vw, 341px\" \/><\/p>\n<p>Dincolo de pasiunea pentru bucatarie, Valentina este si un bun povestitor, viitor foarte bun ornitolog si fotograf.<\/p>\n<p>Are o vast\u0103 experien\u021b\u0103 \u00een travelling, a urcat pe Everest (nu p\u00e2n\u0103 \u00een v\u00e2rf..), a vizitat aproape \u00eentreag\u0103 Africa \u0219i Asia&#8230;<\/p>\n<p>Vorbeste engleza, rusa, si italiana.<\/p>\n","protected":false},"excerpt":{"rendered":"<p>Wild Travel este o companie rom\u00e2neasc\u0103 ce promoveaz\u0103 eco turismul \u00een Delta Dun\u0103rii. \u00cenfiin\u021bat\u0103 de c\u0103tre ornitologul Mihai Baciu, firma organizeaz\u0103 ture\u00a0 \u00een Delta Dun\u0103rii, bazate pe observatul p\u0103s\u0103rilor, fotografie de wildlife\u00a0 sau pur \u0219i simplu relax \u00een natur\u0103, cu ambarca\u021biunile proprii sau \u00eenchiriate. Mihai BACIU este managerul firmei \u0219i ghidul principal. Este fotograf de [&hellip;]<\/p>\n","protected":false},"author":3,"featured_media":17517,"parent":0,"menu_order":0,"comment_status":"closed","ping_status":"closed","template":"","meta":{"_acf_changed":false,"footnotes":""},"class_list":["post-92","page","type-page","status-publish","has-post-thumbnail","hentry"],"acf":[],"yoast_head":"<!-- This site is optimized with the Yoast SEO plugin v27.4 - https:\/\/yoast.com\/product\/yoast-seo-wordpress\/ -->\n<title>Despre WILD TRAVEL - wild travel in Delta Dunarii<\/title>\n<meta name=\"description\" content=\"Wild Travel este o companie romaneasca ce promoveaza eco turismul in Delta Dunarii. Infiintata de catre ornitologul Mihai Baciu\" \/>\n<meta name=\"robots\" content=\"index, follow, max-snippet:-1, max-image-preview:large, max-video-preview:-1\" \/>\n<link rel=\"canonical\" href=\"https:\/\/wildtravel.ro\/ro\/despre-noi\/\" \/>\n<meta property=\"og:locale\" content=\"ro_RO\" \/>\n<meta property=\"og:type\" content=\"article\" \/>\n<meta property=\"og:title\" content=\"Despre WILD TRAVEL - wild travel in Delta Dunarii\" \/>\n<meta property=\"og:description\" content=\"Wild Travel este o companie romaneasca ce promoveaza eco turismul in Delta Dunarii. Infiintata de catre ornitologul Mihai Baciu\" \/>\n<meta property=\"og:url\" content=\"https:\/\/wildtravel.ro\/ro\/despre-noi\/\" \/>\n<meta property=\"og:site_name\" content=\"wild travel in Delta Dunarii\" \/>\n<meta property=\"article:publisher\" content=\"https:\/\/www.facebook.com\/wildtravel.ro\/\" \/>\n<meta property=\"article:modified_time\" content=\"2023-02-15T08:10:45+00:00\" \/>\n<meta property=\"og:image\" content=\"https:\/\/wildtravel.ro\/wp-content\/uploads\/2023\/01\/cartile.jpg\" \/>\n\t<meta property=\"og:image:width\" content=\"1440\" \/>\n\t<meta property=\"og:image:height\" content=\"1080\" \/>\n\t<meta property=\"og:image:type\" content=\"image\/jpeg\" \/>\n<meta name=\"twitter:card\" content=\"summary_large_image\" \/>\n<meta name=\"twitter:label1\" content=\"Timp estimat pentru citire\" \/>\n\t<meta name=\"twitter:data1\" content=\"2 minute\" \/>\n<script type=\"application\/ld+json\" class=\"yoast-schema-graph\">{\"@context\":\"https:\\\/\\\/schema.org\",\"@graph\":[{\"@type\":\"WebPage\",\"@id\":\"https:\\\/\\\/wildtravel.ro\\\/ro\\\/despre-noi\\\/\",\"url\":\"https:\\\/\\\/wildtravel.ro\\\/ro\\\/despre-noi\\\/\",\"name\":\"Despre WILD TRAVEL - wild travel in Delta Dunarii\",\"isPartOf\":{\"@id\":\"https:\\\/\\\/wildtravel.ro\\\/#website\"},\"primaryImageOfPage\":{\"@id\":\"https:\\\/\\\/wildtravel.ro\\\/ro\\\/despre-noi\\\/#primaryimage\"},\"image\":{\"@id\":\"https:\\\/\\\/wildtravel.ro\\\/ro\\\/despre-noi\\\/#primaryimage\"},\"thumbnailUrl\":\"https:\\\/\\\/wildtravel.ro\\\/wp-content\\\/uploads\\\/2023\\\/01\\\/cartile.jpg\",\"datePublished\":\"2012-03-10T18:18:19+00:00\",\"dateModified\":\"2023-02-15T08:10:45+00:00\",\"description\":\"Wild Travel este o companie romaneasca ce promoveaza eco turismul in Delta Dunarii. Infiintata de catre ornitologul Mihai Baciu\",\"breadcrumb\":{\"@id\":\"https:\\\/\\\/wildtravel.ro\\\/ro\\\/despre-noi\\\/#breadcrumb\"},\"inLanguage\":\"ro-RO\",\"potentialAction\":[{\"@type\":\"ReadAction\",\"target\":[\"https:\\\/\\\/wildtravel.ro\\\/ro\\\/despre-noi\\\/\"]}]},{\"@type\":\"ImageObject\",\"inLanguage\":\"ro-RO\",\"@id\":\"https:\\\/\\\/wildtravel.ro\\\/ro\\\/despre-noi\\\/#primaryimage\",\"url\":\"https:\\\/\\\/wildtravel.ro\\\/wp-content\\\/uploads\\\/2023\\\/01\\\/cartile.jpg\",\"contentUrl\":\"https:\\\/\\\/wildtravel.ro\\\/wp-content\\\/uploads\\\/2023\\\/01\\\/cartile.jpg\",\"width\":1440,\"height\":1080,\"caption\":\"carti\"},{\"@type\":\"BreadcrumbList\",\"@id\":\"https:\\\/\\\/wildtravel.ro\\\/ro\\\/despre-noi\\\/#breadcrumb\",\"itemListElement\":[{\"@type\":\"ListItem\",\"position\":1,\"name\":\"Home\",\"item\":\"https:\\\/\\\/wildtravel.ro\\\/ro\\\/\"},{\"@type\":\"ListItem\",\"position\":2,\"name\":\"Despre WILD TRAVEL\"}]},{\"@type\":\"WebSite\",\"@id\":\"https:\\\/\\\/wildtravel.ro\\\/#website\",\"url\":\"https:\\\/\\\/wildtravel.ro\\\/\",\"name\":\"wild travel in Delta Dunarii\",\"description\":\"My WordPress Blog\",\"publisher\":{\"@id\":\"https:\\\/\\\/wildtravel.ro\\\/#organization\"},\"potentialAction\":[{\"@type\":\"SearchAction\",\"target\":{\"@type\":\"EntryPoint\",\"urlTemplate\":\"https:\\\/\\\/wildtravel.ro\\\/?s={search_term_string}\"},\"query-input\":{\"@type\":\"PropertyValueSpecification\",\"valueRequired\":true,\"valueName\":\"search_term_string\"}}],\"inLanguage\":\"ro-RO\"},{\"@type\":\"Organization\",\"@id\":\"https:\\\/\\\/wildtravel.ro\\\/#organization\",\"name\":\"Wild travel\",\"url\":\"https:\\\/\\\/wildtravel.ro\\\/\",\"logo\":{\"@type\":\"ImageObject\",\"inLanguage\":\"ro-RO\",\"@id\":\"https:\\\/\\\/wildtravel.ro\\\/#\\\/schema\\\/logo\\\/image\\\/\",\"url\":\"http:\\\/\\\/wildtravel.ro\\\/wp-content\\\/uploads\\\/2023\\\/01\\\/logo-125.png\",\"contentUrl\":\"http:\\\/\\\/wildtravel.ro\\\/wp-content\\\/uploads\\\/2023\\\/01\\\/logo-125.png\",\"width\":357,\"height\":125,\"caption\":\"Wild travel\"},\"image\":{\"@id\":\"https:\\\/\\\/wildtravel.ro\\\/#\\\/schema\\\/logo\\\/image\\\/\"},\"sameAs\":[\"https:\\\/\\\/www.facebook.com\\\/wildtravel.ro\\\/\"]}]}<\/script>\n<!-- \/ Yoast SEO plugin. -->","yoast_head_json":{"title":"Despre WILD TRAVEL - wild travel in Delta Dunarii","description":"Wild Travel este o companie romaneasca ce promoveaza eco turismul in Delta Dunarii. Infiintata de catre ornitologul Mihai Baciu","robots":{"index":"index","follow":"follow","max-snippet":"max-snippet:-1","max-image-preview":"max-image-preview:large","max-video-preview":"max-video-preview:-1"},"canonical":"https:\/\/wildtravel.ro\/ro\/despre-noi\/","og_locale":"ro_RO","og_type":"article","og_title":"Despre WILD TRAVEL - wild travel in Delta Dunarii","og_description":"Wild Travel este o companie romaneasca ce promoveaza eco turismul in Delta Dunarii. Infiintata de catre ornitologul Mihai Baciu","og_url":"https:\/\/wildtravel.ro\/ro\/despre-noi\/","og_site_name":"wild travel in Delta Dunarii","article_publisher":"https:\/\/www.facebook.com\/wildtravel.ro\/","article_modified_time":"2023-02-15T08:10:45+00:00","og_image":[{"width":1440,"height":1080,"url":"https:\/\/wildtravel.ro\/wp-content\/uploads\/2023\/01\/cartile.jpg","type":"image\/jpeg"}],"twitter_card":"summary_large_image","twitter_misc":{"Timp estimat pentru citire":"2 minute"},"schema":{"@context":"https:\/\/schema.org","@graph":[{"@type":"WebPage","@id":"https:\/\/wildtravel.ro\/ro\/despre-noi\/","url":"https:\/\/wildtravel.ro\/ro\/despre-noi\/","name":"Despre WILD TRAVEL - wild travel in Delta Dunarii","isPartOf":{"@id":"https:\/\/wildtravel.ro\/#website"},"primaryImageOfPage":{"@id":"https:\/\/wildtravel.ro\/ro\/despre-noi\/#primaryimage"},"image":{"@id":"https:\/\/wildtravel.ro\/ro\/despre-noi\/#primaryimage"},"thumbnailUrl":"https:\/\/wildtravel.ro\/wp-content\/uploads\/2023\/01\/cartile.jpg","datePublished":"2012-03-10T18:18:19+00:00","dateModified":"2023-02-15T08:10:45+00:00","description":"Wild Travel este o companie romaneasca ce promoveaza eco turismul in Delta Dunarii. Infiintata de catre ornitologul Mihai Baciu","breadcrumb":{"@id":"https:\/\/wildtravel.ro\/ro\/despre-noi\/#breadcrumb"},"inLanguage":"ro-RO","potentialAction":[{"@type":"ReadAction","target":["https:\/\/wildtravel.ro\/ro\/despre-noi\/"]}]},{"@type":"ImageObject","inLanguage":"ro-RO","@id":"https:\/\/wildtravel.ro\/ro\/despre-noi\/#primaryimage","url":"https:\/\/wildtravel.ro\/wp-content\/uploads\/2023\/01\/cartile.jpg","contentUrl":"https:\/\/wildtravel.ro\/wp-content\/uploads\/2023\/01\/cartile.jpg","width":1440,"height":1080,"caption":"carti"},{"@type":"BreadcrumbList","@id":"https:\/\/wildtravel.ro\/ro\/despre-noi\/#breadcrumb","itemListElement":[{"@type":"ListItem","position":1,"name":"Home","item":"https:\/\/wildtravel.ro\/ro\/"},{"@type":"ListItem","position":2,"name":"Despre WILD TRAVEL"}]},{"@type":"WebSite","@id":"https:\/\/wildtravel.ro\/#website","url":"https:\/\/wildtravel.ro\/","name":"wild travel in Delta Dunarii","description":"My WordPress Blog","publisher":{"@id":"https:\/\/wildtravel.ro\/#organization"},"potentialAction":[{"@type":"SearchAction","target":{"@type":"EntryPoint","urlTemplate":"https:\/\/wildtravel.ro\/?s={search_term_string}"},"query-input":{"@type":"PropertyValueSpecification","valueRequired":true,"valueName":"search_term_string"}}],"inLanguage":"ro-RO"},{"@type":"Organization","@id":"https:\/\/wildtravel.ro\/#organization","name":"Wild travel","url":"https:\/\/wildtravel.ro\/","logo":{"@type":"ImageObject","inLanguage":"ro-RO","@id":"https:\/\/wildtravel.ro\/#\/schema\/logo\/image\/","url":"http:\/\/wildtravel.ro\/wp-content\/uploads\/2023\/01\/logo-125.png","contentUrl":"http:\/\/wildtravel.ro\/wp-content\/uploads\/2023\/01\/logo-125.png","width":357,"height":125,"caption":"Wild travel"},"image":{"@id":"https:\/\/wildtravel.ro\/#\/schema\/logo\/image\/"},"sameAs":["https:\/\/www.facebook.com\/wildtravel.ro\/"]}]}},"_links":{"self":[{"href":"https:\/\/wildtravel.ro\/ro\/wp-json\/wp\/v2\/pages\/92","targetHints":{"allow":["GET"]}}],"collection":[{"href":"https:\/\/wildtravel.ro\/ro\/wp-json\/wp\/v2\/pages"}],"about":[{"href":"https:\/\/wildtravel.ro\/ro\/wp-json\/wp\/v2\/types\/page"}],"author":[{"embeddable":true,"href":"https:\/\/wildtravel.ro\/ro\/wp-json\/wp\/v2\/users\/3"}],"replies":[{"embeddable":true,"href":"https:\/\/wildtravel.ro\/ro\/wp-json\/wp\/v2\/comments?post=92"}],"version-history":[{"count":0,"href":"https:\/\/wildtravel.ro\/ro\/wp-json\/wp\/v2\/pages\/92\/revisions"}],"wp:featuredmedia":[{"embeddable":true,"href":"https:\/\/wildtravel.ro\/ro\/wp-json\/wp\/v2\/media\/17517"}],"wp:attachment":[{"href":"https:\/\/wildtravel.ro\/ro\/wp-json\/wp\/v2\/media?parent=92"}],"curies":[{"name":"wp","href":"https:\/\/api.w.org\/{rel}","templated":true}]}}