{"id":78,"date":"2012-03-10T19:50:10","date_gmt":"2012-03-10T17:50:10","guid":{"rendered":"http:\/\/wildtravel.ro\/satele-din-delta-dunarii\/"},"modified":"2023-01-23T22:40:32","modified_gmt":"2023-01-23T20:40:32","slug":"satele-din-delta-dunarii","status":"publish","type":"page","link":"https:\/\/wildtravel.ro\/ro\/satele-din-delta-dunarii\/","title":{"rendered":"Satele din Delta Dunarii"},"content":{"rendered":"<p>Satele Deltei<\/p>\n<p>In afara localitatilor descrise deja, in Delta Dunarii gasim si alte sate, unele pastrate intr-un traditionalism unic, cu case vechi, viu colorate, specifice artei rusesti-lipovenesti, cu adaposturi pentru animale domestice invelite in stuf, cu locasuri pentru barci construite la marginea canalelor si baltilor.<br \/>\nPe malul bratului Sfantu Gheorghe gasim satele: Baltenii de Jos si Baltenii de Sus, apoi Murighiol. Mai in aval, gasim satele surori: Dunavatul de Jos si Dunavatul de Sus<\/p>\n<p>Despre Murighiol<\/p>\n<p>Numit de turci &#8222;Lacul Violet&#8222;, localitatea Murighiol este situata in partea de sud-est a judetului, la 45 km de municipiul Tulcea pe sosea si 53 km pe apa. Din punct de vedere administrativ, apartine de comuna cu acelasi nume alaturi de satele: Plopul,situat la o distanta de 6 km; Sarinasuf, la 10 km; Colina, la 13 km; Dunavatu de Sus, la 5 km; Dunavatu de Jos, la 8 km si Uzlina, la 6 km.<\/p>\n<p>Numele localitatii deriva din cuvintele de origine turca moru, mori (albastru) si ghiol (lac). Prima atestare documentara a localitatii, cu numele de Mor-Kasim, apare in registrele turcesti din 1543; documentele turcesti din 1864-1877 mentioneaza numele asezarii sub forma Mori-gol.<\/p>\n<p>Localitatea a fost fondata de tatarii veniti din Crimeea; ei au aici gasit pamant bun de cultura si de pasunat, fara a plati dari catre statul otoman. In urma razboiului din 1877-1878 cea mai mare parte din populatia mahomedana s-a retras, iar asezarea a fost ocupata de rusii-lipoveni din comunele invecinate, Caraorman si Uzlina, a caror ocupatie principala era si este pescuitul.<\/p>\n<p>Urmele arheologice descoperite in zona dateaza din prima si a doua epoca a fierului, epoca romana si perioada medievala.<\/p>\n<p>Cel mai important obiectiv istoric este cetatea Halmyris situata pe un promontoriu stancos, la 2,5 km est de Murighiol, pe malul drept al bratului Sfantu Gheorghe.<\/p>\n<p>Cercetarile arheologice au scos la iveala pe acest promontoriu urme arheologice din secolele VI-I i. Hr. Cetatea propriu-zisa a cunoscut mai multe etape evolutive: fortificatie romana de pamant (ultimul sfert al sec. I p. Hr.), castru de piatra (inceputul sec. II &#8211; al treilea sfert al sec. III p. Hr.), fortificatie romana tarzie (al treilea sfert al sec. III &#8211; primul sfert al sec. VII p. Hr.); langa cetate, spre vest se afla o intinsa asezare civila din aceeasi perioada.<\/p>\n<p>Despre Mila 23<img decoding=\"async\" class=\"size-medium wp-image-17550 alignleft\" src=\"http:\/\/wildtravel.ro\/wp-content\/uploads\/2023\/01\/4bb-300x149.jpg\" alt=\"\" width=\"300\" height=\"149\" srcset=\"https:\/\/wildtravel.ro\/wp-content\/uploads\/2023\/01\/4bb-300x149.jpg 300w, https:\/\/wildtravel.ro\/wp-content\/uploads\/2023\/01\/4bb-1024x508.jpg 1024w, https:\/\/wildtravel.ro\/wp-content\/uploads\/2023\/01\/4bb-768x381.jpg 768w, https:\/\/wildtravel.ro\/wp-content\/uploads\/2023\/01\/4bb-1536x762.jpg 1536w, https:\/\/wildtravel.ro\/wp-content\/uploads\/2023\/01\/4bb-2048x1015.jpg 2048w\" sizes=\"(max-width: 300px) 100vw, 300px\" \/><\/p>\n<p>Localitatea Mila 23 este situat\u0103 \u00een nordul jude\u0163ului Tulcea, la o distan\u0163\u0103 de 53 km de Tulcea \u015fi apar\u0163ine de comuna Cri\u015fan, fiind accesibil doar pe calea apei. Ocupa\u0163ia principal\u0103 a locuitorilor de aici este pescuitul, ace\u015ftia fiind amesteca\u0163i, pe de-o parte rom\u00e2ni, pe de alt\u0103 parte ucraineni, ru\u015fi, lipoveni \u015fi pe alocuri, turci.<\/p>\n<p>Localitatea Mila 23 se m\u00e2ndre\u015fte cu unul din locuitorii acesteia, pe nume Ivan Patzaichin, medaliat cu aur la Jocurile Olimpice de var\u0103 de la Munchen din 1972, precum \u015fi la Olimpiada de la Moscova din anul 1980.<\/p>\n<p>A\u015fezarea tulcean\u0103 se afl\u0103 chiar \u00een Delta Dun\u0103rii, ceea ce-i confer\u0103 posibilitatea dezvolt\u0103rii activit\u0103\u0163ilor de turism pe teritoriul s\u0103u. Localitatea dispune de o re\u0163ea destul de modest\u0103 a unit\u0103\u0163ilor de cazare, majoritatea locurilor de cazare disponibile fiind concentrate la pensiunile \u015fi vilele turistice existente aici, exist\u00e2nd o ofert\u0103 \u015fi din partea localnicilor, care invit\u0103 vizitatorii afla\u0163i \u00een concediu s\u0103 \u00eennopteze chiar \u00een casele lor.<\/p>\n<p>Localitatea Mila 23 dispune de c\u00e2teva obiective turistice, majoritatea fiind \u00een \u00eemprejurimile ei, precum Centrul Etnografic, Lacul Fortuna, Lacul Gorgova, G\u00e2rla P\u0103p\u0103dia, G\u00e2rla Sontea \u015fi Canalul Litcov, aici fiind practicat pescuitul sportiv.<\/p>\n<p>Accesul \u00een localitatea Mila 23 se face numai pe ap\u0103, prin intermediul ambarca\u0163iunilor de mici dimensiuni.<\/p>\n<p>Localitatea Mila 23 apar\u0163ine, din punct de vedere administrativ, de comuna Cri\u015fan, fiind situat\u0103 la o distan\u0163\u0103 de aproape 9 kilometri de re\u015fedin\u0163a de comun\u0103. Astfel, localitatea Mila 23 este printre cele mai cunoscute sate tulcene, amplasarea lui fiind chiar \u00een inima Deltei. Ca localizare, Mila 23 se \u00eenvecineaz\u0103 cu satul Gorgova \u00een sud, F\u00e2nt\u00e2na Dulce \u00een nord-vest, Cri\u015fan \u00een sud-est \u015fi C\u00e2\u015fli\u0163a \u00een nord.<\/p>\n<p>Numele localit\u0103\u0163ii Mila 23 provine de la mila marin\u0103 ce era alocat\u0103 zonei, marc\u00e2nd distan\u0163a pe vechiul bra\u0163 Sulina. Incursiunile arheologice realizate aici \u00een colaborare cu arheologi din Fran\u0163a au scos la iveal\u0103 artefacte dat\u00e2nd din perioada culturii Gumelni\u0163a, mai precis perioada 4400-4300 \u00ee.Hr. Dup\u0103 ce au fost supuse studiilor riguroase artefactele descoperite aici, s-a descoperit principala ocupa\u0163ie a locuitorilor zonei, aceasta fiind agricultura, \u015fi \u00een paralel, cre\u015fterea animalelor. Practic, \u00een urma descoperirilor arheologice se poate proba continuitatea locuirii pe aceste meleaguri, \u00een ciuda faptului c\u0103 Delta Dun\u0103rii este cea mai t\u00e2n\u0103r\u0103 por\u0163iune de p\u0103m\u00e2nt rom\u00e2nesc.<\/p>\n","protected":false},"excerpt":{"rendered":"<p>Satele Deltei In afara localitatilor descrise deja, in Delta Dunarii gasim si alte sate, unele pastrate intr-un traditionalism unic, cu case vechi, viu colorate, specifice artei rusesti-lipovenesti, cu adaposturi pentru animale domestice invelite in stuf, cu locasuri pentru barci construite la marginea canalelor si baltilor. Pe malul bratului Sfantu Gheorghe gasim satele: Baltenii de Jos [&hellip;]<\/p>\n","protected":false},"author":3,"featured_media":79,"parent":0,"menu_order":0,"comment_status":"closed","ping_status":"closed","template":"","meta":{"_acf_changed":false,"footnotes":""},"class_list":["post-78","page","type-page","status-publish","has-post-thumbnail","hentry"],"acf":[],"yoast_head":"<!-- This site is optimized with the Yoast SEO plugin v27.5 - https:\/\/yoast.com\/product\/yoast-seo-wordpress\/ -->\n<title>Satele din Delta Dunarii - wild travel in Delta Dunarii<\/title>\n<meta name=\"robots\" content=\"index, follow, max-snippet:-1, max-image-preview:large, max-video-preview:-1\" \/>\n<link rel=\"canonical\" href=\"https:\/\/wildtravel.ro\/ro\/satele-din-delta-dunarii\/\" \/>\n<meta property=\"og:locale\" content=\"ro_RO\" \/>\n<meta property=\"og:type\" content=\"article\" \/>\n<meta property=\"og:title\" content=\"Satele din Delta Dunarii - wild travel in Delta Dunarii\" \/>\n<meta property=\"og:description\" content=\"Satele Deltei In afara localitatilor descrise deja, in Delta Dunarii gasim si alte sate, unele pastrate intr-un traditionalism unic, cu case vechi, viu colorate, specifice artei rusesti-lipovenesti, cu adaposturi pentru animale domestice invelite in stuf, cu locasuri pentru barci construite la marginea canalelor si baltilor. Pe malul bratului Sfantu Gheorghe gasim satele: Baltenii de Jos [&hellip;]\" \/>\n<meta property=\"og:url\" content=\"https:\/\/wildtravel.ro\/ro\/satele-din-delta-dunarii\/\" \/>\n<meta property=\"og:site_name\" content=\"wild travel in Delta Dunarii\" \/>\n<meta property=\"article:publisher\" content=\"https:\/\/www.facebook.com\/wildtravel.ro\/\" \/>\n<meta property=\"article:modified_time\" content=\"2023-01-23T20:40:32+00:00\" \/>\n<meta property=\"og:image\" content=\"https:\/\/wildtravel.ro\/wp-content\/uploads\/2012\/03\/IMG_1178.JPG\" \/>\n\t<meta property=\"og:image:width\" content=\"1\" \/>\n\t<meta property=\"og:image:height\" content=\"1\" \/>\n\t<meta property=\"og:image:type\" content=\"image\/jpeg\" \/>\n<meta name=\"twitter:card\" content=\"summary_large_image\" \/>\n<meta name=\"twitter:label1\" content=\"Timp estimat pentru citire\" \/>\n\t<meta name=\"twitter:data1\" content=\"4 minute\" \/>\n<script type=\"application\/ld+json\" class=\"yoast-schema-graph\">{\"@context\":\"https:\\\/\\\/schema.org\",\"@graph\":[{\"@type\":\"WebPage\",\"@id\":\"https:\\\/\\\/wildtravel.ro\\\/ro\\\/satele-din-delta-dunarii\\\/\",\"url\":\"https:\\\/\\\/wildtravel.ro\\\/ro\\\/satele-din-delta-dunarii\\\/\",\"name\":\"Satele din Delta Dunarii - wild travel in Delta Dunarii\",\"isPartOf\":{\"@id\":\"https:\\\/\\\/wildtravel.ro\\\/#website\"},\"primaryImageOfPage\":{\"@id\":\"https:\\\/\\\/wildtravel.ro\\\/ro\\\/satele-din-delta-dunarii\\\/#primaryimage\"},\"image\":{\"@id\":\"https:\\\/\\\/wildtravel.ro\\\/ro\\\/satele-din-delta-dunarii\\\/#primaryimage\"},\"thumbnailUrl\":\"https:\\\/\\\/wildtravel.ro\\\/wp-content\\\/uploads\\\/2012\\\/03\\\/IMG_1178.JPG\",\"datePublished\":\"2012-03-10T17:50:10+00:00\",\"dateModified\":\"2023-01-23T20:40:32+00:00\",\"breadcrumb\":{\"@id\":\"https:\\\/\\\/wildtravel.ro\\\/ro\\\/satele-din-delta-dunarii\\\/#breadcrumb\"},\"inLanguage\":\"ro-RO\",\"potentialAction\":[{\"@type\":\"ReadAction\",\"target\":[\"https:\\\/\\\/wildtravel.ro\\\/ro\\\/satele-din-delta-dunarii\\\/\"]}]},{\"@type\":\"ImageObject\",\"inLanguage\":\"ro-RO\",\"@id\":\"https:\\\/\\\/wildtravel.ro\\\/ro\\\/satele-din-delta-dunarii\\\/#primaryimage\",\"url\":\"https:\\\/\\\/wildtravel.ro\\\/wp-content\\\/uploads\\\/2012\\\/03\\\/IMG_1178.JPG\",\"contentUrl\":\"https:\\\/\\\/wildtravel.ro\\\/wp-content\\\/uploads\\\/2012\\\/03\\\/IMG_1178.JPG\",\"caption\":\"peisaj\"},{\"@type\":\"BreadcrumbList\",\"@id\":\"https:\\\/\\\/wildtravel.ro\\\/ro\\\/satele-din-delta-dunarii\\\/#breadcrumb\",\"itemListElement\":[{\"@type\":\"ListItem\",\"position\":1,\"name\":\"Home\",\"item\":\"https:\\\/\\\/wildtravel.ro\\\/ro\\\/\"},{\"@type\":\"ListItem\",\"position\":2,\"name\":\"Satele din Delta Dunarii\"}]},{\"@type\":\"WebSite\",\"@id\":\"https:\\\/\\\/wildtravel.ro\\\/#website\",\"url\":\"https:\\\/\\\/wildtravel.ro\\\/\",\"name\":\"wild travel in Delta Dunarii\",\"description\":\"My WordPress Blog\",\"publisher\":{\"@id\":\"https:\\\/\\\/wildtravel.ro\\\/#organization\"},\"potentialAction\":[{\"@type\":\"SearchAction\",\"target\":{\"@type\":\"EntryPoint\",\"urlTemplate\":\"https:\\\/\\\/wildtravel.ro\\\/?s={search_term_string}\"},\"query-input\":{\"@type\":\"PropertyValueSpecification\",\"valueRequired\":true,\"valueName\":\"search_term_string\"}}],\"inLanguage\":\"ro-RO\"},{\"@type\":\"Organization\",\"@id\":\"https:\\\/\\\/wildtravel.ro\\\/#organization\",\"name\":\"Wild travel\",\"url\":\"https:\\\/\\\/wildtravel.ro\\\/\",\"logo\":{\"@type\":\"ImageObject\",\"inLanguage\":\"ro-RO\",\"@id\":\"https:\\\/\\\/wildtravel.ro\\\/#\\\/schema\\\/logo\\\/image\\\/\",\"url\":\"http:\\\/\\\/wildtravel.ro\\\/wp-content\\\/uploads\\\/2023\\\/01\\\/logo-125.png\",\"contentUrl\":\"http:\\\/\\\/wildtravel.ro\\\/wp-content\\\/uploads\\\/2023\\\/01\\\/logo-125.png\",\"width\":357,\"height\":125,\"caption\":\"Wild travel\"},\"image\":{\"@id\":\"https:\\\/\\\/wildtravel.ro\\\/#\\\/schema\\\/logo\\\/image\\\/\"},\"sameAs\":[\"https:\\\/\\\/www.facebook.com\\\/wildtravel.ro\\\/\"]}]}<\/script>\n<!-- \/ Yoast SEO plugin. -->","yoast_head_json":{"title":"Satele din Delta Dunarii - wild travel in Delta Dunarii","robots":{"index":"index","follow":"follow","max-snippet":"max-snippet:-1","max-image-preview":"max-image-preview:large","max-video-preview":"max-video-preview:-1"},"canonical":"https:\/\/wildtravel.ro\/ro\/satele-din-delta-dunarii\/","og_locale":"ro_RO","og_type":"article","og_title":"Satele din Delta Dunarii - wild travel in Delta Dunarii","og_description":"Satele Deltei In afara localitatilor descrise deja, in Delta Dunarii gasim si alte sate, unele pastrate intr-un traditionalism unic, cu case vechi, viu colorate, specifice artei rusesti-lipovenesti, cu adaposturi pentru animale domestice invelite in stuf, cu locasuri pentru barci construite la marginea canalelor si baltilor. Pe malul bratului Sfantu Gheorghe gasim satele: Baltenii de Jos [&hellip;]","og_url":"https:\/\/wildtravel.ro\/ro\/satele-din-delta-dunarii\/","og_site_name":"wild travel in Delta Dunarii","article_publisher":"https:\/\/www.facebook.com\/wildtravel.ro\/","article_modified_time":"2023-01-23T20:40:32+00:00","og_image":[{"url":"https:\/\/wildtravel.ro\/wp-content\/uploads\/2012\/03\/IMG_1178.JPG","width":1,"height":1,"type":"image\/jpeg"}],"twitter_card":"summary_large_image","twitter_misc":{"Timp estimat pentru citire":"4 minute"},"schema":{"@context":"https:\/\/schema.org","@graph":[{"@type":"WebPage","@id":"https:\/\/wildtravel.ro\/ro\/satele-din-delta-dunarii\/","url":"https:\/\/wildtravel.ro\/ro\/satele-din-delta-dunarii\/","name":"Satele din Delta Dunarii - wild travel in Delta Dunarii","isPartOf":{"@id":"https:\/\/wildtravel.ro\/#website"},"primaryImageOfPage":{"@id":"https:\/\/wildtravel.ro\/ro\/satele-din-delta-dunarii\/#primaryimage"},"image":{"@id":"https:\/\/wildtravel.ro\/ro\/satele-din-delta-dunarii\/#primaryimage"},"thumbnailUrl":"https:\/\/wildtravel.ro\/wp-content\/uploads\/2012\/03\/IMG_1178.JPG","datePublished":"2012-03-10T17:50:10+00:00","dateModified":"2023-01-23T20:40:32+00:00","breadcrumb":{"@id":"https:\/\/wildtravel.ro\/ro\/satele-din-delta-dunarii\/#breadcrumb"},"inLanguage":"ro-RO","potentialAction":[{"@type":"ReadAction","target":["https:\/\/wildtravel.ro\/ro\/satele-din-delta-dunarii\/"]}]},{"@type":"ImageObject","inLanguage":"ro-RO","@id":"https:\/\/wildtravel.ro\/ro\/satele-din-delta-dunarii\/#primaryimage","url":"https:\/\/wildtravel.ro\/wp-content\/uploads\/2012\/03\/IMG_1178.JPG","contentUrl":"https:\/\/wildtravel.ro\/wp-content\/uploads\/2012\/03\/IMG_1178.JPG","caption":"peisaj"},{"@type":"BreadcrumbList","@id":"https:\/\/wildtravel.ro\/ro\/satele-din-delta-dunarii\/#breadcrumb","itemListElement":[{"@type":"ListItem","position":1,"name":"Home","item":"https:\/\/wildtravel.ro\/ro\/"},{"@type":"ListItem","position":2,"name":"Satele din Delta Dunarii"}]},{"@type":"WebSite","@id":"https:\/\/wildtravel.ro\/#website","url":"https:\/\/wildtravel.ro\/","name":"wild travel in Delta Dunarii","description":"My WordPress Blog","publisher":{"@id":"https:\/\/wildtravel.ro\/#organization"},"potentialAction":[{"@type":"SearchAction","target":{"@type":"EntryPoint","urlTemplate":"https:\/\/wildtravel.ro\/?s={search_term_string}"},"query-input":{"@type":"PropertyValueSpecification","valueRequired":true,"valueName":"search_term_string"}}],"inLanguage":"ro-RO"},{"@type":"Organization","@id":"https:\/\/wildtravel.ro\/#organization","name":"Wild travel","url":"https:\/\/wildtravel.ro\/","logo":{"@type":"ImageObject","inLanguage":"ro-RO","@id":"https:\/\/wildtravel.ro\/#\/schema\/logo\/image\/","url":"http:\/\/wildtravel.ro\/wp-content\/uploads\/2023\/01\/logo-125.png","contentUrl":"http:\/\/wildtravel.ro\/wp-content\/uploads\/2023\/01\/logo-125.png","width":357,"height":125,"caption":"Wild travel"},"image":{"@id":"https:\/\/wildtravel.ro\/#\/schema\/logo\/image\/"},"sameAs":["https:\/\/www.facebook.com\/wildtravel.ro\/"]}]}},"_links":{"self":[{"href":"https:\/\/wildtravel.ro\/ro\/wp-json\/wp\/v2\/pages\/78","targetHints":{"allow":["GET"]}}],"collection":[{"href":"https:\/\/wildtravel.ro\/ro\/wp-json\/wp\/v2\/pages"}],"about":[{"href":"https:\/\/wildtravel.ro\/ro\/wp-json\/wp\/v2\/types\/page"}],"author":[{"embeddable":true,"href":"https:\/\/wildtravel.ro\/ro\/wp-json\/wp\/v2\/users\/3"}],"replies":[{"embeddable":true,"href":"https:\/\/wildtravel.ro\/ro\/wp-json\/wp\/v2\/comments?post=78"}],"version-history":[{"count":0,"href":"https:\/\/wildtravel.ro\/ro\/wp-json\/wp\/v2\/pages\/78\/revisions"}],"wp:featuredmedia":[{"embeddable":true,"href":"https:\/\/wildtravel.ro\/ro\/wp-json\/wp\/v2\/media\/79"}],"wp:attachment":[{"href":"https:\/\/wildtravel.ro\/ro\/wp-json\/wp\/v2\/media?parent=78"}],"curies":[{"name":"wp","href":"https:\/\/api.w.org\/{rel}","templated":true}]}}