{"id":73,"date":"2012-03-10T19:46:28","date_gmt":"2012-03-10T17:46:28","guid":{"rendered":"http:\/\/wildtravel.ro\/bratul-chilia\/"},"modified":"2023-01-23T22:43:36","modified_gmt":"2023-01-23T20:43:36","slug":"bratul-chilia","status":"publish","type":"page","link":"https:\/\/wildtravel.ro\/ro\/bratul-chilia\/","title":{"rendered":"Bratul Chilia"},"content":{"rendered":"<p>Bra\u021bul Chilia<\/p>\n<p>Chilia este un bra\u021b nordic din Delta Dun\u0103rii \u0219i are o lungime de 111 km. Prin bra\u021bul Chilia curge 60% din debitul de ap\u0103 al fluviului Dun\u0103rea, fiind navigabil pentru vasele mici.<\/p>\n<p>Bra\u021bul Chilia formeaz\u0103 grani\u021ba Rom\u00e2niei cu Ucraina \u00een mod direct pe o por\u021biune de 85.8 km. Pe unele por\u021biuni, frontier\u0103 rom\u00e2no-ucrainean\u0103 trece la sud de bra\u021bul principal, astfel \u00eenc\u00e2t aceast\u0103 urmeaz\u0103 cursul urm\u0103toarelor bra\u021be secundare: T\u0103taru (13.6 km), Stambulul Vechi (15.3 km) \u0219i Musura (9.5 km).<\/p>\n<p>Bra\u021bul acesta \u00eencepe de la Cetatea Chiliei, punctul \u00een care Dun\u0103rea se desparte \u00een 2 bra\u021be: Chilia \u0219i Tulcea. Plec\u00e2nd din Tulcea pe acest bra\u021b drumul p\u00e2n\u0103 la Periprava, punctul terminus al rutei, dureaz\u0103 7 ore. De-a lungul drumului, lung de 103 km, satele sunt \u00een\u0219irate pe mari \u00eentinderi unele abia v\u0103z\u00e2ndu-se din cauza perdelei dese de s\u0103lcii sau din mijlocul planta\u021biilor de pomi fructiferi (\u00een special gutui).<img fetchpriority=\"high\" decoding=\"async\" class=\"wp-image-17554 alignleft\" src=\"http:\/\/wildtravel.ro\/wp-content\/uploads\/2023\/01\/za-300x176.jpg\" alt=\"\" width=\"416\" height=\"244\" srcset=\"https:\/\/wildtravel.ro\/wp-content\/uploads\/2023\/01\/za-300x176.jpg 300w, https:\/\/wildtravel.ro\/wp-content\/uploads\/2023\/01\/za-1024x602.jpg 1024w, https:\/\/wildtravel.ro\/wp-content\/uploads\/2023\/01\/za-768x452.jpg 768w, https:\/\/wildtravel.ro\/wp-content\/uploads\/2023\/01\/za-1536x904.jpg 1536w, https:\/\/wildtravel.ro\/wp-content\/uploads\/2023\/01\/za-2048x1205.jpg 2048w\" sizes=\"(max-width: 416px) 100vw, 416px\" \/><\/p>\n<p>L\u0103\u021bimea bra\u021bului variaz\u0103 \u00eentre 300-700 m, uneori dep\u0103\u0219ind aceast\u0103 limita. A\u0219ez\u0103rile pe l\u00e2ng\u0103 care se trece prezint\u0103 fiecare o caracteristic\u0103 ce merit\u0103 a fi subliniat\u0103.<\/p>\n<p>Bra\u021bele Chilia \u0219i Sf\u00e2ntu Gheorghe sunt marcate \u00een kilometri, iar canalul Sulina p\u00e2n\u0103 la Br\u0103ila, pe care se desf\u0103\u0219oar\u0103 naviga\u021bia interna\u021bional\u0103, se m\u0103soar\u0103 \u00een mile marine engleze\u0219ti, 1mila = 1.852m. Mil\u0103 sau kilometrul &#8222;0&#8221; este acel punct unde bra\u021bul fluvial se vars\u0103 \u00een mare. Astfel, Sulina se afl\u0103 la mil\u0103 &#8222;0&#8221; iar Tulcea \u00eentre milele 38-39. Bra\u021bul Chilia are cel mai mare debit de ap\u0103 &#8211; circa dou\u0103 treimi din ap\u0103 Dun\u0103rii se vars\u0103 prin acest bra\u021b \u00een mare, ceea ce \u00eel face \u0219i destul de ad\u00e2nc. Cu toate acestea, navele de croazier\u0103 navigheaz\u0103 pu\u021b\u00een pe acest bra\u021b. Nava de pasageri clasic\u0103, parcurge ruta \u00een cca. 6 ore \u00b1 30 minute (c\u00e2\u0219tig\u00e2nd jum\u0103tate de ora la cursa \u00een direc\u021bia apei). Cauza diferen\u021belor const\u0103 \u00een efectul de \u00eenlesnire sau impiedicare datorat curentului apei, vitez\u0103 curentului, tipul navei, direc\u021bia favorabil\u0103 sau nefavorabil\u0103 a v\u00e2ntului, num\u0103rul pasagerilor de la bord, cantitatea m\u0103rfurilor transportate, etc.<\/p>\n<p>Ceatalul Chilia (desprinderea de bra\u021bul Tulcea), se afl\u0103 la 10 km de Tulcea, \u00een apropiere de satul P\u0103tl\u0103geanca. De aici devine ap\u0103 de frontier\u0103, malul sau st\u00e2ng sp\u0103l\u00e2nd teritoriul Ucrainei.<\/p>\n<p>Trecem pe l\u00e2ng\u0103 localit\u0103\u021bile Salceni, Ceatalchioi, Plauru, Pardina &#8211; aceast\u0103 localitate are mii de hectare indiguite \u0219i asanate pentru a fi redate culturilor agricole. Dac\u0103 aceast\u0103 localitate nu a devenit \u00eenc\u0103 prosper\u0103 este doar o enigm\u0103 a economiei de tranzi\u021bie. Urmeaz\u0103 un s\u0103tuc modest, Tatanir, iar apoi ajungem la str\u0103vechiul port Chilia Veche. La prima vedere nimic nu dezv\u0103luie c\u0103 localitatea cu 2.870 de locuitori (dup\u0103 recens\u0103m\u00e2ntul din 1992), este o veche a\u0219ezare, cu o istorie fr\u0103m\u00e2ntat\u0103.<\/p>\n<p>\u00cen baza unor surse istorice, numele de Chilia &#8211; \u00een form\u0103 Achillea, vine de la numele lui Achile, eroul r\u0103zboiului troian, cel care, dup\u0103 ce a fost lovit de s\u0103geata pornit\u0103 din arcul frumosului Paris, a fost adus de mama s\u0103, zei\u021b\u0103 marii Thetis, pe insula Leuce, unde a tr\u0103it \u0219i dup\u0103 moarte (la urm\u0103 urmei, fiul unei zei\u021be a marii nu poate s\u0103 moar\u0103 oricum), \u00eempreun\u0103 cu so\u021bia, Elena din Egipt, \u0219i i s-a \u00een\u0103l\u021bat aici \u0219i un sanctuar. Leuce este, poate, insula \u0219erpilor din Marea Neagr\u0103, aflat\u0103 la cca. 40 km spre est de Sulina.<\/p>\n<p>Nava parcurge \u00eenc\u0103 20 km \u00een microdelt\u0103 tot mai ramificat\u0103 a bra\u021bului Chilia, apoi ajunge la cap\u0103tul traseului, la Periprava. Acesta este un mic sat cu 320 locuitori.<\/p>\n<p>\u00centre Chilia \u0219i Periprava ornitofaun\u0103 acvatic\u0103 este foarte bogat\u0103, aici fiind una din cele mai mari zone de cuib\u0103rit a gastelor din toat\u0103 delta. \u00cent\u00e2lnim uneori concentr\u0103ri masive de cormorani mici, soimuleti de sear\u0103 sau berze negre.<\/p>\n<p>Ostroavele Babina \u0219i Cernovca, afl\u00e2ndu-se chiar pe frontier\u0103, au fost indiguite, cu scopul de a fi transformate \u00een orezarii. Dup\u0103 \u00eenfiin\u021barea rezerva\u021biei, aceste dou\u0103 ostroave au fost primele zone renaturate, unde se \u00eencearc\u0103 refacerea (reconstruc\u021bie ecologic\u0103) c\u00e2t mai fidel\u0103 a peisajului, florei \u0219i faunei distruse prin metodele drastice de transformare din trecut.<\/p>\n<p>Periprava se afl\u0103 \u00een partea de nord a grindului Letea, de unde s-ar putea colind\u0103 prin tot acest \u021binut minunat. \u00centr-un viitor articol vom vedea cum putem vizit\u0103 grindul Letea, dintr-o ruta mai accesibil\u0103, aceea dinspre Sulina.<\/p>\n<p>Chilia Veche este un sat \u00een partea de nord a jude\u021bului Tulcea, \u00een Delta Dun\u0103rii, pe malul drept al Bra\u021bului Chilia, pe &#8222;insula continental\u0103&#8221;, numit\u0103 \u0219i C\u00e2mpul Chiliei. Apar\u021bine de comun\u0103<\/p>\n<p>Este cea mai populat\u0103 a\u0219ezare rural\u0103 din delt\u0103, cu peste 3000 de locuitori; situat\u0103 \u00een fa\u021ba celebrei Cet\u0103\u021bi Chilia (construit\u0103 \u00een 1479) care a apar\u021binut lui \u0218tefan cel Mare. Chilia Veche este \u00eentr-adev\u0103r foarte veche: Achillea \u00een antichitatea greac\u0103, urmele se pot vedea \u0219i azi. Turcii au numit\u2013o Eskil-Kale.<\/p>\n<p>Stema comunei Chilia Veche se compune dintr-un scut triunghiular cu marginile rotunjite, t\u0103iat \u00een diagonal\u0103 de o band\u0103 de argint. \u00cen cartierul I, \u00een c\u00e2mp ro\u0219u, se afl\u0103 un turn de biseric\u0103, de aur, av\u00e2nd acoperi\u0219ul \u00een form\u0103 de bulb de ceap\u0103 \u0219i surmontat de o cruce. Turnul are o fereastr\u0103 arcuit\u0103 de culoare neagr\u0103. \u00cen cartierul \u00ceI, pe fond albastru, se afl\u0103 trei tulpini cu papur\u0103 \u0219i doi nuferi de aur ie\u0219ind din valuri. Scutul este timbrat de o coroan\u0103 mural\u0103 de argint cu un turn crenelat.<\/p>\n<p>Turnul reprezint\u0103 principalul monument de arhitectur\u0103 al comunei Chilia Veche, iar biserica cu hramul &#8222;Sfin\u021bii Voievozi&#8221;, care dateaz\u0103 din secolul XIX-lea \u0219i constituie un reper al comunei Chilia Veche, este alc\u0103tuit\u0103 din turnuri \u00eenalte de 45 m. Nuferii \u0219i papur\u0103 simbolizeaz\u0103 Rezerva\u021bia Biosferei Delta Dun\u0103rii, iar valurile semnific\u0103 fluviul Dun\u0103rea. Coroana mural\u0103 cu un turn crenelat semnific\u0103 faptul c\u0103 localitatea are rangul de comun\u0103.<\/p>\n<p>Periprava<\/p>\n<p>Periprava este o localitate \u00een jude\u021bul Tulcea, Dobrogea, Rom\u00e2nia. \u00cen Evul Mediu, \u00een raz\u0103 Peripravei se g\u0103seau portul \u0219i cetatea genovez\u0103 Licostomo (din greceasc\u0103: \u039b\u03c5\u03f0\u03bf\u03c3\u03c4\u03cc\u03bc\u03b1-Licostoma, Gur\u0103 Lupilor). \u00cen perioada comunist\u0103, tot \u00een raz\u0103 Peripravei se g\u0103sea un lag\u0103r de munc\u0103 silnic\u0103 cu regim sever, ale c\u0103rui ruine se mai v\u0103d \u00eenc\u0103. Satul, situat pe Bra\u021bul Chilia \u00een fa\u021ba V\u00e2lcovului, apar\u021bine comunei Rosetti \u0219i dispune de un debarcader. Este populat \u00een majoritate de lipoveni.<\/p>\n","protected":false},"excerpt":{"rendered":"<p>Bra\u021bul Chilia Chilia este un bra\u021b nordic din Delta Dun\u0103rii \u0219i are o lungime de 111 km. Prin bra\u021bul Chilia curge 60% din debitul de ap\u0103 al fluviului Dun\u0103rea, fiind navigabil pentru vasele mici. Bra\u021bul Chilia formeaz\u0103 grani\u021ba Rom\u00e2niei cu Ucraina \u00een mod direct pe o por\u021biune de 85.8 km. Pe unele por\u021biuni, frontier\u0103 rom\u00e2no-ucrainean\u0103 [&hellip;]<\/p>\n","protected":false},"author":3,"featured_media":74,"parent":0,"menu_order":0,"comment_status":"closed","ping_status":"closed","template":"","meta":{"_acf_changed":false,"footnotes":""},"class_list":["post-73","page","type-page","status-publish","has-post-thumbnail","hentry"],"acf":[],"yoast_head":"<!-- This site is optimized with the Yoast SEO plugin v27.5 - https:\/\/yoast.com\/product\/yoast-seo-wordpress\/ -->\n<title>Bratul Chilia - wild travel in Delta Dunarii<\/title>\n<meta name=\"description\" content=\"Bratul Chilia este un brat nordic din Delta Dunarii si are o lungime de 111 km. Prin bratul Chilia curge debitul de apa al fluviului Dunarea\" \/>\n<meta name=\"robots\" content=\"index, follow, max-snippet:-1, max-image-preview:large, max-video-preview:-1\" \/>\n<link rel=\"canonical\" href=\"https:\/\/wildtravel.ro\/ro\/bratul-chilia\/\" \/>\n<meta property=\"og:locale\" content=\"ro_RO\" \/>\n<meta property=\"og:type\" content=\"article\" \/>\n<meta property=\"og:title\" content=\"Bratul Chilia - wild travel in Delta Dunarii\" \/>\n<meta property=\"og:description\" content=\"Bratul Chilia este un brat nordic din Delta Dunarii si are o lungime de 111 km. Prin bratul Chilia curge debitul de apa al fluviului Dunarea\" \/>\n<meta property=\"og:url\" content=\"https:\/\/wildtravel.ro\/ro\/bratul-chilia\/\" \/>\n<meta property=\"og:site_name\" content=\"wild travel in Delta Dunarii\" \/>\n<meta property=\"article:publisher\" content=\"https:\/\/www.facebook.com\/wildtravel.ro\/\" \/>\n<meta property=\"article:modified_time\" content=\"2023-01-23T20:43:36+00:00\" \/>\n<meta property=\"og:image\" content=\"https:\/\/wildtravel.ro\/wp-content\/uploads\/2012\/03\/titi.jpg\" \/>\n\t<meta property=\"og:image:width\" content=\"1\" \/>\n\t<meta property=\"og:image:height\" content=\"1\" \/>\n\t<meta property=\"og:image:type\" content=\"image\/jpeg\" \/>\n<meta name=\"twitter:card\" content=\"summary_large_image\" \/>\n<meta name=\"twitter:label1\" content=\"Timp estimat pentru citire\" \/>\n\t<meta name=\"twitter:data1\" content=\"5 minute\" \/>\n<script type=\"application\/ld+json\" class=\"yoast-schema-graph\">{\"@context\":\"https:\\\/\\\/schema.org\",\"@graph\":[{\"@type\":\"WebPage\",\"@id\":\"https:\\\/\\\/wildtravel.ro\\\/ro\\\/bratul-chilia\\\/\",\"url\":\"https:\\\/\\\/wildtravel.ro\\\/ro\\\/bratul-chilia\\\/\",\"name\":\"Bratul Chilia - wild travel in Delta Dunarii\",\"isPartOf\":{\"@id\":\"https:\\\/\\\/wildtravel.ro\\\/#website\"},\"primaryImageOfPage\":{\"@id\":\"https:\\\/\\\/wildtravel.ro\\\/ro\\\/bratul-chilia\\\/#primaryimage\"},\"image\":{\"@id\":\"https:\\\/\\\/wildtravel.ro\\\/ro\\\/bratul-chilia\\\/#primaryimage\"},\"thumbnailUrl\":\"https:\\\/\\\/wildtravel.ro\\\/wp-content\\\/uploads\\\/2012\\\/03\\\/titi.jpg\",\"datePublished\":\"2012-03-10T17:46:28+00:00\",\"dateModified\":\"2023-01-23T20:43:36+00:00\",\"description\":\"Bratul Chilia este un brat nordic din Delta Dunarii si are o lungime de 111 km. Prin bratul Chilia curge debitul de apa al fluviului Dunarea\",\"breadcrumb\":{\"@id\":\"https:\\\/\\\/wildtravel.ro\\\/ro\\\/bratul-chilia\\\/#breadcrumb\"},\"inLanguage\":\"ro-RO\",\"potentialAction\":[{\"@type\":\"ReadAction\",\"target\":[\"https:\\\/\\\/wildtravel.ro\\\/ro\\\/bratul-chilia\\\/\"]}]},{\"@type\":\"ImageObject\",\"inLanguage\":\"ro-RO\",\"@id\":\"https:\\\/\\\/wildtravel.ro\\\/ro\\\/bratul-chilia\\\/#primaryimage\",\"url\":\"https:\\\/\\\/wildtravel.ro\\\/wp-content\\\/uploads\\\/2012\\\/03\\\/titi.jpg\",\"contentUrl\":\"https:\\\/\\\/wildtravel.ro\\\/wp-content\\\/uploads\\\/2012\\\/03\\\/titi.jpg\",\"caption\":\"apus\"},{\"@type\":\"BreadcrumbList\",\"@id\":\"https:\\\/\\\/wildtravel.ro\\\/ro\\\/bratul-chilia\\\/#breadcrumb\",\"itemListElement\":[{\"@type\":\"ListItem\",\"position\":1,\"name\":\"Home\",\"item\":\"https:\\\/\\\/wildtravel.ro\\\/ro\\\/\"},{\"@type\":\"ListItem\",\"position\":2,\"name\":\"Bratul Chilia\"}]},{\"@type\":\"WebSite\",\"@id\":\"https:\\\/\\\/wildtravel.ro\\\/#website\",\"url\":\"https:\\\/\\\/wildtravel.ro\\\/\",\"name\":\"wild travel in Delta Dunarii\",\"description\":\"My WordPress Blog\",\"publisher\":{\"@id\":\"https:\\\/\\\/wildtravel.ro\\\/#organization\"},\"potentialAction\":[{\"@type\":\"SearchAction\",\"target\":{\"@type\":\"EntryPoint\",\"urlTemplate\":\"https:\\\/\\\/wildtravel.ro\\\/?s={search_term_string}\"},\"query-input\":{\"@type\":\"PropertyValueSpecification\",\"valueRequired\":true,\"valueName\":\"search_term_string\"}}],\"inLanguage\":\"ro-RO\"},{\"@type\":\"Organization\",\"@id\":\"https:\\\/\\\/wildtravel.ro\\\/#organization\",\"name\":\"Wild travel\",\"url\":\"https:\\\/\\\/wildtravel.ro\\\/\",\"logo\":{\"@type\":\"ImageObject\",\"inLanguage\":\"ro-RO\",\"@id\":\"https:\\\/\\\/wildtravel.ro\\\/#\\\/schema\\\/logo\\\/image\\\/\",\"url\":\"http:\\\/\\\/wildtravel.ro\\\/wp-content\\\/uploads\\\/2023\\\/01\\\/logo-125.png\",\"contentUrl\":\"http:\\\/\\\/wildtravel.ro\\\/wp-content\\\/uploads\\\/2023\\\/01\\\/logo-125.png\",\"width\":357,\"height\":125,\"caption\":\"Wild travel\"},\"image\":{\"@id\":\"https:\\\/\\\/wildtravel.ro\\\/#\\\/schema\\\/logo\\\/image\\\/\"},\"sameAs\":[\"https:\\\/\\\/www.facebook.com\\\/wildtravel.ro\\\/\"]}]}<\/script>\n<!-- \/ Yoast SEO plugin. -->","yoast_head_json":{"title":"Bratul Chilia - wild travel in Delta Dunarii","description":"Bratul Chilia este un brat nordic din Delta Dunarii si are o lungime de 111 km. Prin bratul Chilia curge debitul de apa al fluviului Dunarea","robots":{"index":"index","follow":"follow","max-snippet":"max-snippet:-1","max-image-preview":"max-image-preview:large","max-video-preview":"max-video-preview:-1"},"canonical":"https:\/\/wildtravel.ro\/ro\/bratul-chilia\/","og_locale":"ro_RO","og_type":"article","og_title":"Bratul Chilia - wild travel in Delta Dunarii","og_description":"Bratul Chilia este un brat nordic din Delta Dunarii si are o lungime de 111 km. Prin bratul Chilia curge debitul de apa al fluviului Dunarea","og_url":"https:\/\/wildtravel.ro\/ro\/bratul-chilia\/","og_site_name":"wild travel in Delta Dunarii","article_publisher":"https:\/\/www.facebook.com\/wildtravel.ro\/","article_modified_time":"2023-01-23T20:43:36+00:00","og_image":[{"url":"https:\/\/wildtravel.ro\/wp-content\/uploads\/2012\/03\/titi.jpg","width":1,"height":1,"type":"image\/jpeg"}],"twitter_card":"summary_large_image","twitter_misc":{"Timp estimat pentru citire":"5 minute"},"schema":{"@context":"https:\/\/schema.org","@graph":[{"@type":"WebPage","@id":"https:\/\/wildtravel.ro\/ro\/bratul-chilia\/","url":"https:\/\/wildtravel.ro\/ro\/bratul-chilia\/","name":"Bratul Chilia - wild travel in Delta Dunarii","isPartOf":{"@id":"https:\/\/wildtravel.ro\/#website"},"primaryImageOfPage":{"@id":"https:\/\/wildtravel.ro\/ro\/bratul-chilia\/#primaryimage"},"image":{"@id":"https:\/\/wildtravel.ro\/ro\/bratul-chilia\/#primaryimage"},"thumbnailUrl":"https:\/\/wildtravel.ro\/wp-content\/uploads\/2012\/03\/titi.jpg","datePublished":"2012-03-10T17:46:28+00:00","dateModified":"2023-01-23T20:43:36+00:00","description":"Bratul Chilia este un brat nordic din Delta Dunarii si are o lungime de 111 km. Prin bratul Chilia curge debitul de apa al fluviului Dunarea","breadcrumb":{"@id":"https:\/\/wildtravel.ro\/ro\/bratul-chilia\/#breadcrumb"},"inLanguage":"ro-RO","potentialAction":[{"@type":"ReadAction","target":["https:\/\/wildtravel.ro\/ro\/bratul-chilia\/"]}]},{"@type":"ImageObject","inLanguage":"ro-RO","@id":"https:\/\/wildtravel.ro\/ro\/bratul-chilia\/#primaryimage","url":"https:\/\/wildtravel.ro\/wp-content\/uploads\/2012\/03\/titi.jpg","contentUrl":"https:\/\/wildtravel.ro\/wp-content\/uploads\/2012\/03\/titi.jpg","caption":"apus"},{"@type":"BreadcrumbList","@id":"https:\/\/wildtravel.ro\/ro\/bratul-chilia\/#breadcrumb","itemListElement":[{"@type":"ListItem","position":1,"name":"Home","item":"https:\/\/wildtravel.ro\/ro\/"},{"@type":"ListItem","position":2,"name":"Bratul Chilia"}]},{"@type":"WebSite","@id":"https:\/\/wildtravel.ro\/#website","url":"https:\/\/wildtravel.ro\/","name":"wild travel in Delta Dunarii","description":"My WordPress Blog","publisher":{"@id":"https:\/\/wildtravel.ro\/#organization"},"potentialAction":[{"@type":"SearchAction","target":{"@type":"EntryPoint","urlTemplate":"https:\/\/wildtravel.ro\/?s={search_term_string}"},"query-input":{"@type":"PropertyValueSpecification","valueRequired":true,"valueName":"search_term_string"}}],"inLanguage":"ro-RO"},{"@type":"Organization","@id":"https:\/\/wildtravel.ro\/#organization","name":"Wild travel","url":"https:\/\/wildtravel.ro\/","logo":{"@type":"ImageObject","inLanguage":"ro-RO","@id":"https:\/\/wildtravel.ro\/#\/schema\/logo\/image\/","url":"http:\/\/wildtravel.ro\/wp-content\/uploads\/2023\/01\/logo-125.png","contentUrl":"http:\/\/wildtravel.ro\/wp-content\/uploads\/2023\/01\/logo-125.png","width":357,"height":125,"caption":"Wild travel"},"image":{"@id":"https:\/\/wildtravel.ro\/#\/schema\/logo\/image\/"},"sameAs":["https:\/\/www.facebook.com\/wildtravel.ro\/"]}]}},"_links":{"self":[{"href":"https:\/\/wildtravel.ro\/ro\/wp-json\/wp\/v2\/pages\/73","targetHints":{"allow":["GET"]}}],"collection":[{"href":"https:\/\/wildtravel.ro\/ro\/wp-json\/wp\/v2\/pages"}],"about":[{"href":"https:\/\/wildtravel.ro\/ro\/wp-json\/wp\/v2\/types\/page"}],"author":[{"embeddable":true,"href":"https:\/\/wildtravel.ro\/ro\/wp-json\/wp\/v2\/users\/3"}],"replies":[{"embeddable":true,"href":"https:\/\/wildtravel.ro\/ro\/wp-json\/wp\/v2\/comments?post=73"}],"version-history":[{"count":0,"href":"https:\/\/wildtravel.ro\/ro\/wp-json\/wp\/v2\/pages\/73\/revisions"}],"wp:featuredmedia":[{"embeddable":true,"href":"https:\/\/wildtravel.ro\/ro\/wp-json\/wp\/v2\/media\/74"}],"wp:attachment":[{"href":"https:\/\/wildtravel.ro\/ro\/wp-json\/wp\/v2\/media?parent=73"}],"curies":[{"name":"wp","href":"https:\/\/api.w.org\/{rel}","templated":true}]}}