{"id":68,"date":"2012-03-10T19:42:42","date_gmt":"2012-03-10T17:42:42","guid":{"rendered":"http:\/\/wildtravel.ro\/bratul-sfantu-gheorghe\/"},"modified":"2023-01-23T22:45:21","modified_gmt":"2023-01-23T20:45:21","slug":"bratul-sfantu-gheorghe","status":"publish","type":"page","link":"https:\/\/wildtravel.ro\/ro\/bratul-sfantu-gheorghe\/","title":{"rendered":"Bratul Sfantu Gheorghe"},"content":{"rendered":"<p>Bra\u021bul Sf.Gheorghe<\/p>\n<p>Are un curs sinuos desf\u0103\u0219urat pe 112 km, \u00eenaint\u00e2nd spre sud-est. Sf\u00e2ntul Gheorghe este cel mai vechi bra\u021b, care transporta 22% din volum de ap\u0103 \u0219i aluviuni. Cea mai mare ad\u00e2ncime pe acest bra\u021b este de 26 m. \u0218i acest bra\u021b a suferit transform\u0103ri prin t\u0103ierea unui num\u0103r de \u0219ase meandre, lungimea s\u0103 scurtandu-se la 70 de km navigabili. La v\u0103rsare formeaz\u0103 o acumulare de nisip sub form\u0103 unor insule, Sacalinul Mic \u0219i Sacalinul Mare. Din bra\u021bul Sf\u00e2ntul Gheorghe se desprind spre sud canalele Dranov \u0219i Dunavat, prin care se realizeaz\u0103 leg\u0103tur\u0103 cu laguna Razim. Localit\u0103\u021bi de-a lungul bra\u021bului: Nufaru, Mahmudia, Uzlina, Sf. Gheorghe.<\/p>\n<p>Este primul bra\u021b format de fluviul Dun\u0103rea, foarte frumos \u00een zonele \u00een care nu a fost scurtat, cu arbori b\u0103tr\u00e2ni de-a lungul canalului, numeroase insulate bogate \u00een p\u0103s\u0103ri cuibaritoare,ape domoale .<\/p>\n<p>De-a lungul bra\u021bului se afl\u0103 c\u00e2teva sate pe l\u00e2ng\u0103 care se trece \u00een cadrul excursiei, prima localitate \u00eent\u00e2lnit\u0103, dup\u0103 plecarea din Tulcea, fiind Nufaru.<br \/>\nLocalitatea se afl\u0103 situat\u0103 \u00een partea de nord-est a jude\u021bului Tulcea, la o distan\u021b\u0103 de 12 km de re\u0219edin\u021ba de jude\u021b, pe malul drept al bra\u021bului Sf\u00e2ntul Gheorghe.<br \/>\nSatele componente ale comunei sunt : Nufaru, Malcoci, Victoria \u0219i Ilganii de Jos.<img fetchpriority=\"high\" decoding=\"async\" class=\"wp-image-17557 alignleft\" src=\"http:\/\/wildtravel.ro\/wp-content\/uploads\/2023\/01\/s5-300x200.jpg\" alt=\"\" width=\"440\" height=\"293\" srcset=\"https:\/\/wildtravel.ro\/wp-content\/uploads\/2023\/01\/s5-300x200.jpg 300w, https:\/\/wildtravel.ro\/wp-content\/uploads\/2023\/01\/s5-1024x682.jpg 1024w, https:\/\/wildtravel.ro\/wp-content\/uploads\/2023\/01\/s5-768x512.jpg 768w, https:\/\/wildtravel.ro\/wp-content\/uploads\/2023\/01\/s5-1536x1024.jpg 1536w, https:\/\/wildtravel.ro\/wp-content\/uploads\/2023\/01\/s5.jpg 1844w\" sizes=\"(max-width: 440px) 100vw, 440px\" \/><\/p>\n<p>De la \u00eenceputul sec. XX, au fost semnalate \u00een aceast\u0103 localitate existen\u021ba unor ziduri de incinta \u0219i un bogat material arheologic. Argumentele arheologice aduse de muzeografi, arheologi \u0219i speciali\u0219ti de la Institutul Arheologic &#8222;Vasile P\u00e2rvan'&#8221;, Muzeul Militar Na\u021bional, Muzeul Na\u021bional de Istorie al Rom\u00e2niei din Bucure\u0219ti \u0219i Institutul de Cercet\u0103ri Eco-Muzeale Tulcea, cu prilejul s\u0103p\u0103turilor arheologice care se desf\u0103\u0219oar\u0103 sub form\u0103 unor sondaje practicate \u00een pu\u021binele zone libere de construc\u021bii, din intravilanul localit\u0103\u021bii Nufaru, arat\u0103 c\u0103 a\u0219ezarea exist\u0103 \u00eenc\u0103 din epoca elenistic\u0103.<\/p>\n<p>Urm\u0103toarea localitate pe traseul acestui bra\u021b este Mahmudia. Fosta capital\u0103 a Dobrogei (teritoriul dintre Dun\u0103re \u0219i Marea Neagr\u0103), \u00een timpul ocupa\u021biei otomane, satul ni se prezint\u0103 \u00eentins pe c\u00e2teva coline, cu case frumoase, str\u0103zi largi, hoteluri \u0219i pensiuni nou construite de-a lungul apei.<br \/>\nLocalitatea Mahmudia este situat\u0103 pe malul drept al bra\u021bului Sf. Gheorghe. Vatra localit\u0103\u021bii este desp\u0103r\u021bit\u0103 de drumul jude\u021bean 222C delimit\u00e2nd zona de vest care se afl\u0103 la poalele dealurilor Bestepe. Comun\u0103 Mahmudia este delimitat\u0103 de urm\u0103toarele teritorii:<\/p>\n<p>&#8211; la nord, teritoriul administrativ al comunei Maliuc<br \/>\n&#8211; la est \u0219i sud, teritoriul administrativ al comunei Murighiol<br \/>\n&#8211; la vest, teritoriile administrative ale comunelor Bestepe \u0219i Valea Nucarilor<\/p>\n<p>La est de drumul comunal, zona este \u00eentins\u0103 \u00een platforma p\u00e2n\u0103 la lunca Dun\u0103rii fa\u021b\u0103 de care se termin\u0103 cu rape pe tot centrul estic al vetrei. Popula\u021bia comunei Mahmudia totalizeaz\u0103 2968 locuitori dintre care 1567 femei \u0219i 1401 b\u0103rba\u021bi. Din punct de vedere etnic \u00een localitatea Mahmudia locuiesc 2382 rom\u00e2ni, 510 ru\u0219i lipoveni, 36 ucraineni, 28 turci \u0219i 2 bulgari. Lungimea str\u0103zilor din intravilanul localit\u0103\u021bii Mahmudia este de 18.6 km din care 2 km asfaltati, restul drumurilor fiind pietruite.<\/p>\n<p>Ultimul popas de-a lungul fluviului este localitatea Sf\u00e2ntu Gheorghe.<br \/>\nSe \u00eentinde pe partea st\u00e2nga a pe celui mai vechi bra\u021b al Dun\u0103rii &#8211; Sf\u00e2ntu-Gheorghe, \u00een apropierea gurii de v\u0103rsare a Dun\u0103rii \u00een Marea Neagr\u0103, pe o suprafa\u021b\u0103 administrativ\u0103 de 60575.87 ha, comun\u0103 este alc\u0103tuit\u0103 din aproximativ 358 gospod\u0103rii \u00een care tr\u0103iesc aproximativ 971 oameni ce \u0219i-au p\u0103strat tradi\u021biile \u0219i limba ucrainean\u0103. Actual, suprafa\u021b\u0103 intravilana este de 75.98 ha iar planurile de extindere sunt pentru o suprafa\u021b\u0103 de 123,32 ha.<\/p>\n<p>Accesul \u00een localitate este posibil doar naval. (Latitudine: 44.88,Longitudine: 29.66)<\/p>\n<p>Aflat\u0103 \u00een extremitatea estic\u0103 a Deltei Dun\u0103rii, localitatea SF\u00c2NTU-GHEORGHE este situat\u0103 \u00een partea de est a jude\u021bului Tulcea la 120 Km de Tulcea pe bra\u021bul Sf\u00e2ntu-Gheorghe \u0219i la 35 Km de ora\u0219ul Sulina. Comun\u0103 este delimitat\u0103 la nord de comun\u0103 Cri\u0219an \u0219i ora\u0219ul Sulina, la est \u0219i sud de Marea Neagr\u0103, iar la vest de comun\u0103 Murighiol.<\/p>\n<p>Clim\u0103 este continental\u0103 cu veri c\u0103lduroase, ierni geroase cu v\u00e2nturi puternice, temperatura medie anual\u0103 de 11\u00b0C, iar cantitatea medie de precipita\u021bii este de 440l\/mp anual. Umezeal\u0103 aerului \u00eenregistreaz\u0103 cele mai mari valori de pe teritoriul Rom\u00e2niei: variaz\u0103 \u00eentre cca. 85% iarn\u0103 \u0219i cca. 70% vara. Stratul de z\u0103pad\u0103 este sub\u021bire \u0219i se men\u021bine perioade scurte de timp, \u00een iernile aspre. V\u00e2nturile dominante bat din sectorul nordic (Criv\u0103\u021bul).<\/p>\n","protected":false},"excerpt":{"rendered":"<p>Bra\u021bul Sf.Gheorghe Are un curs sinuos desf\u0103\u0219urat pe 112 km, \u00eenaint\u00e2nd spre sud-est. Sf\u00e2ntul Gheorghe este cel mai vechi bra\u021b, care transporta 22% din volum de ap\u0103 \u0219i aluviuni. Cea mai mare ad\u00e2ncime pe acest bra\u021b este de 26 m. \u0218i acest bra\u021b a suferit transform\u0103ri prin t\u0103ierea unui num\u0103r de \u0219ase meandre, lungimea s\u0103 [&hellip;]<\/p>\n","protected":false},"author":3,"featured_media":69,"parent":0,"menu_order":0,"comment_status":"closed","ping_status":"closed","template":"","meta":{"_acf_changed":false,"footnotes":""},"class_list":["post-68","page","type-page","status-publish","has-post-thumbnail","hentry"],"acf":[],"yoast_head":"<!-- This site is optimized with the Yoast SEO plugin v27.5 - https:\/\/yoast.com\/product\/yoast-seo-wordpress\/ -->\n<title>Bratul Sfantu Gheorghe - wild travel in Delta Dunarii<\/title>\n<meta name=\"description\" content=\"Bratul Sf.GheorgheAre un curs sinuos desfasurat pe 112 km, inaintand spre sud-est. Sfantul Gheorghe este cel mai vec\" \/>\n<meta name=\"robots\" content=\"index, follow, max-snippet:-1, max-image-preview:large, max-video-preview:-1\" \/>\n<link rel=\"canonical\" href=\"https:\/\/wildtravel.ro\/ro\/bratul-sfantu-gheorghe\/\" \/>\n<meta property=\"og:locale\" content=\"ro_RO\" \/>\n<meta property=\"og:type\" content=\"article\" \/>\n<meta property=\"og:title\" content=\"Bratul Sfantu Gheorghe - wild travel in Delta Dunarii\" \/>\n<meta property=\"og:description\" content=\"Bratul Sf.GheorgheAre un curs sinuos desfasurat pe 112 km, inaintand spre sud-est. Sfantul Gheorghe este cel mai vec\" \/>\n<meta property=\"og:url\" content=\"https:\/\/wildtravel.ro\/ro\/bratul-sfantu-gheorghe\/\" \/>\n<meta property=\"og:site_name\" content=\"wild travel in Delta Dunarii\" \/>\n<meta property=\"article:publisher\" content=\"https:\/\/www.facebook.com\/wildtravel.ro\/\" \/>\n<meta property=\"article:modified_time\" content=\"2023-01-23T20:45:21+00:00\" \/>\n<meta property=\"og:image\" content=\"https:\/\/wildtravel.ro\/wp-content\/uploads\/2012\/03\/43.jpg\" \/>\n\t<meta property=\"og:image:width\" content=\"1\" \/>\n\t<meta property=\"og:image:height\" content=\"1\" \/>\n\t<meta property=\"og:image:type\" content=\"image\/jpeg\" \/>\n<meta name=\"twitter:card\" content=\"summary_large_image\" \/>\n<meta name=\"twitter:label1\" content=\"Timp estimat pentru citire\" \/>\n\t<meta name=\"twitter:data1\" content=\"4 minute\" \/>\n<script type=\"application\/ld+json\" class=\"yoast-schema-graph\">{\"@context\":\"https:\\\/\\\/schema.org\",\"@graph\":[{\"@type\":\"WebPage\",\"@id\":\"https:\\\/\\\/wildtravel.ro\\\/ro\\\/bratul-sfantu-gheorghe\\\/\",\"url\":\"https:\\\/\\\/wildtravel.ro\\\/ro\\\/bratul-sfantu-gheorghe\\\/\",\"name\":\"Bratul Sfantu Gheorghe - wild travel in Delta Dunarii\",\"isPartOf\":{\"@id\":\"https:\\\/\\\/wildtravel.ro\\\/#website\"},\"primaryImageOfPage\":{\"@id\":\"https:\\\/\\\/wildtravel.ro\\\/ro\\\/bratul-sfantu-gheorghe\\\/#primaryimage\"},\"image\":{\"@id\":\"https:\\\/\\\/wildtravel.ro\\\/ro\\\/bratul-sfantu-gheorghe\\\/#primaryimage\"},\"thumbnailUrl\":\"https:\\\/\\\/wildtravel.ro\\\/wp-content\\\/uploads\\\/2012\\\/03\\\/43.jpg\",\"datePublished\":\"2012-03-10T17:42:42+00:00\",\"dateModified\":\"2023-01-23T20:45:21+00:00\",\"description\":\"Bratul Sf.GheorgheAre un curs sinuos desfasurat pe 112 km, inaintand spre sud-est. Sfantul Gheorghe este cel mai vec\",\"breadcrumb\":{\"@id\":\"https:\\\/\\\/wildtravel.ro\\\/ro\\\/bratul-sfantu-gheorghe\\\/#breadcrumb\"},\"inLanguage\":\"ro-RO\",\"potentialAction\":[{\"@type\":\"ReadAction\",\"target\":[\"https:\\\/\\\/wildtravel.ro\\\/ro\\\/bratul-sfantu-gheorghe\\\/\"]}]},{\"@type\":\"ImageObject\",\"inLanguage\":\"ro-RO\",\"@id\":\"https:\\\/\\\/wildtravel.ro\\\/ro\\\/bratul-sfantu-gheorghe\\\/#primaryimage\",\"url\":\"https:\\\/\\\/wildtravel.ro\\\/wp-content\\\/uploads\\\/2012\\\/03\\\/43.jpg\",\"contentUrl\":\"https:\\\/\\\/wildtravel.ro\\\/wp-content\\\/uploads\\\/2012\\\/03\\\/43.jpg\",\"caption\":\"apus\"},{\"@type\":\"BreadcrumbList\",\"@id\":\"https:\\\/\\\/wildtravel.ro\\\/ro\\\/bratul-sfantu-gheorghe\\\/#breadcrumb\",\"itemListElement\":[{\"@type\":\"ListItem\",\"position\":1,\"name\":\"Home\",\"item\":\"https:\\\/\\\/wildtravel.ro\\\/ro\\\/\"},{\"@type\":\"ListItem\",\"position\":2,\"name\":\"Bratul Sfantu Gheorghe\"}]},{\"@type\":\"WebSite\",\"@id\":\"https:\\\/\\\/wildtravel.ro\\\/#website\",\"url\":\"https:\\\/\\\/wildtravel.ro\\\/\",\"name\":\"wild travel in Delta Dunarii\",\"description\":\"My WordPress Blog\",\"publisher\":{\"@id\":\"https:\\\/\\\/wildtravel.ro\\\/#organization\"},\"potentialAction\":[{\"@type\":\"SearchAction\",\"target\":{\"@type\":\"EntryPoint\",\"urlTemplate\":\"https:\\\/\\\/wildtravel.ro\\\/?s={search_term_string}\"},\"query-input\":{\"@type\":\"PropertyValueSpecification\",\"valueRequired\":true,\"valueName\":\"search_term_string\"}}],\"inLanguage\":\"ro-RO\"},{\"@type\":\"Organization\",\"@id\":\"https:\\\/\\\/wildtravel.ro\\\/#organization\",\"name\":\"Wild travel\",\"url\":\"https:\\\/\\\/wildtravel.ro\\\/\",\"logo\":{\"@type\":\"ImageObject\",\"inLanguage\":\"ro-RO\",\"@id\":\"https:\\\/\\\/wildtravel.ro\\\/#\\\/schema\\\/logo\\\/image\\\/\",\"url\":\"http:\\\/\\\/wildtravel.ro\\\/wp-content\\\/uploads\\\/2023\\\/01\\\/logo-125.png\",\"contentUrl\":\"http:\\\/\\\/wildtravel.ro\\\/wp-content\\\/uploads\\\/2023\\\/01\\\/logo-125.png\",\"width\":357,\"height\":125,\"caption\":\"Wild travel\"},\"image\":{\"@id\":\"https:\\\/\\\/wildtravel.ro\\\/#\\\/schema\\\/logo\\\/image\\\/\"},\"sameAs\":[\"https:\\\/\\\/www.facebook.com\\\/wildtravel.ro\\\/\"]}]}<\/script>\n<!-- \/ Yoast SEO plugin. -->","yoast_head_json":{"title":"Bratul Sfantu Gheorghe - wild travel in Delta Dunarii","description":"Bratul Sf.GheorgheAre un curs sinuos desfasurat pe 112 km, inaintand spre sud-est. Sfantul Gheorghe este cel mai vec","robots":{"index":"index","follow":"follow","max-snippet":"max-snippet:-1","max-image-preview":"max-image-preview:large","max-video-preview":"max-video-preview:-1"},"canonical":"https:\/\/wildtravel.ro\/ro\/bratul-sfantu-gheorghe\/","og_locale":"ro_RO","og_type":"article","og_title":"Bratul Sfantu Gheorghe - wild travel in Delta Dunarii","og_description":"Bratul Sf.GheorgheAre un curs sinuos desfasurat pe 112 km, inaintand spre sud-est. Sfantul Gheorghe este cel mai vec","og_url":"https:\/\/wildtravel.ro\/ro\/bratul-sfantu-gheorghe\/","og_site_name":"wild travel in Delta Dunarii","article_publisher":"https:\/\/www.facebook.com\/wildtravel.ro\/","article_modified_time":"2023-01-23T20:45:21+00:00","og_image":[{"url":"https:\/\/wildtravel.ro\/wp-content\/uploads\/2012\/03\/43.jpg","width":1,"height":1,"type":"image\/jpeg"}],"twitter_card":"summary_large_image","twitter_misc":{"Timp estimat pentru citire":"4 minute"},"schema":{"@context":"https:\/\/schema.org","@graph":[{"@type":"WebPage","@id":"https:\/\/wildtravel.ro\/ro\/bratul-sfantu-gheorghe\/","url":"https:\/\/wildtravel.ro\/ro\/bratul-sfantu-gheorghe\/","name":"Bratul Sfantu Gheorghe - wild travel in Delta Dunarii","isPartOf":{"@id":"https:\/\/wildtravel.ro\/#website"},"primaryImageOfPage":{"@id":"https:\/\/wildtravel.ro\/ro\/bratul-sfantu-gheorghe\/#primaryimage"},"image":{"@id":"https:\/\/wildtravel.ro\/ro\/bratul-sfantu-gheorghe\/#primaryimage"},"thumbnailUrl":"https:\/\/wildtravel.ro\/wp-content\/uploads\/2012\/03\/43.jpg","datePublished":"2012-03-10T17:42:42+00:00","dateModified":"2023-01-23T20:45:21+00:00","description":"Bratul Sf.GheorgheAre un curs sinuos desfasurat pe 112 km, inaintand spre sud-est. Sfantul Gheorghe este cel mai vec","breadcrumb":{"@id":"https:\/\/wildtravel.ro\/ro\/bratul-sfantu-gheorghe\/#breadcrumb"},"inLanguage":"ro-RO","potentialAction":[{"@type":"ReadAction","target":["https:\/\/wildtravel.ro\/ro\/bratul-sfantu-gheorghe\/"]}]},{"@type":"ImageObject","inLanguage":"ro-RO","@id":"https:\/\/wildtravel.ro\/ro\/bratul-sfantu-gheorghe\/#primaryimage","url":"https:\/\/wildtravel.ro\/wp-content\/uploads\/2012\/03\/43.jpg","contentUrl":"https:\/\/wildtravel.ro\/wp-content\/uploads\/2012\/03\/43.jpg","caption":"apus"},{"@type":"BreadcrumbList","@id":"https:\/\/wildtravel.ro\/ro\/bratul-sfantu-gheorghe\/#breadcrumb","itemListElement":[{"@type":"ListItem","position":1,"name":"Home","item":"https:\/\/wildtravel.ro\/ro\/"},{"@type":"ListItem","position":2,"name":"Bratul Sfantu Gheorghe"}]},{"@type":"WebSite","@id":"https:\/\/wildtravel.ro\/#website","url":"https:\/\/wildtravel.ro\/","name":"wild travel in Delta Dunarii","description":"My WordPress Blog","publisher":{"@id":"https:\/\/wildtravel.ro\/#organization"},"potentialAction":[{"@type":"SearchAction","target":{"@type":"EntryPoint","urlTemplate":"https:\/\/wildtravel.ro\/?s={search_term_string}"},"query-input":{"@type":"PropertyValueSpecification","valueRequired":true,"valueName":"search_term_string"}}],"inLanguage":"ro-RO"},{"@type":"Organization","@id":"https:\/\/wildtravel.ro\/#organization","name":"Wild travel","url":"https:\/\/wildtravel.ro\/","logo":{"@type":"ImageObject","inLanguage":"ro-RO","@id":"https:\/\/wildtravel.ro\/#\/schema\/logo\/image\/","url":"http:\/\/wildtravel.ro\/wp-content\/uploads\/2023\/01\/logo-125.png","contentUrl":"http:\/\/wildtravel.ro\/wp-content\/uploads\/2023\/01\/logo-125.png","width":357,"height":125,"caption":"Wild travel"},"image":{"@id":"https:\/\/wildtravel.ro\/#\/schema\/logo\/image\/"},"sameAs":["https:\/\/www.facebook.com\/wildtravel.ro\/"]}]}},"_links":{"self":[{"href":"https:\/\/wildtravel.ro\/ro\/wp-json\/wp\/v2\/pages\/68","targetHints":{"allow":["GET"]}}],"collection":[{"href":"https:\/\/wildtravel.ro\/ro\/wp-json\/wp\/v2\/pages"}],"about":[{"href":"https:\/\/wildtravel.ro\/ro\/wp-json\/wp\/v2\/types\/page"}],"author":[{"embeddable":true,"href":"https:\/\/wildtravel.ro\/ro\/wp-json\/wp\/v2\/users\/3"}],"replies":[{"embeddable":true,"href":"https:\/\/wildtravel.ro\/ro\/wp-json\/wp\/v2\/comments?post=68"}],"version-history":[{"count":0,"href":"https:\/\/wildtravel.ro\/ro\/wp-json\/wp\/v2\/pages\/68\/revisions"}],"wp:featuredmedia":[{"embeddable":true,"href":"https:\/\/wildtravel.ro\/ro\/wp-json\/wp\/v2\/media\/69"}],"wp:attachment":[{"href":"https:\/\/wildtravel.ro\/ro\/wp-json\/wp\/v2\/media?parent=68"}],"curies":[{"name":"wp","href":"https:\/\/api.w.org\/{rel}","templated":true}]}}