{"id":18984,"date":"2023-01-28T18:43:55","date_gmt":"2023-01-28T16:43:55","guid":{"rendered":"http:\/\/wildtravel.ro\/?page_id=18984"},"modified":"2023-02-14T16:27:17","modified_gmt":"2023-02-14T14:27:17","slug":"despre-delta-dunarii","status":"publish","type":"page","link":"https:\/\/wildtravel.ro\/ro\/despre-delta-dunarii\/","title":{"rendered":"Despre Delta Dunarii"},"content":{"rendered":"\n<p>Delta Dun\u0103rii, Rom\u00e2nia, reprezint\u0103 un ultim paradis natural european, o adev\u0103rat\u0103 re\u021bea de canale, lacuri, ostroave \u0219i garle, p\u0103duri cu aspect tropical un amalgam de culturi \u0219i etnii, o mare diversitate de viet\u0103\u021bi, peste care troneaz\u0103, c\u0103 un rege, maiestuosul pelican. Iubitorii de natur\u0103 \u0219i lini\u0219te \u00ee\u0219i pot g\u0103si refugiul aici, ascunz\u00e2ndu-se \u00een hatisurile de lacuri \u0219i canale care-i poart\u0103 \u00eentr-o lume de vis, \u00eenc\u0103 nedistrusa de interven\u021bia ucig\u0103toare a omului.<\/p>\n\n\n\n<p>Cu o suprafa\u021b\u0103 de aproximativ 5050 km p\u0103tra\u021bi, Delta Dun\u0103rii se situeaz\u0103 pe locul secund \u00een Europa, dup\u0103 Delta Volg\u0103i, form\u00e2ndu-se acum 10000 de ani la gurile de v\u0103rsare ale Dun\u0103rii \u00een Marea Neagr\u0103. Dun\u0103rea care izvor\u0103\u0219te din Germania, din Mun\u021bii P\u0103durea Neagr\u0103 traverseaz\u0103 teritoriile a zece \u021b\u0103ri \u0219i dup\u0103 o c\u0103l\u0103torie de 2860 de km \u00ee\u0219i g\u0103se\u0219te odihn\u0103 vars\u00e2ndu-se alene prin trei bra\u021be principale \u00een Marea Neagr\u0103 (Chilia, Sulina, Sf. Gheorghe).<\/p>\n\n\n<div class=\"wp-block-image\">\n<figure class=\"alignleft size-large is-resized\"><img fetchpriority=\"high\" decoding=\"async\" src=\"http:\/\/wildtravel.ro\/wp-content\/uploads\/2023\/01\/vanea-1-1024x678.jpg\" alt=\"\" class=\"wp-image-18985\" width=\"434\" height=\"287\" srcset=\"https:\/\/wildtravel.ro\/wp-content\/uploads\/2023\/01\/vanea-1-1024x678.jpg 1024w, https:\/\/wildtravel.ro\/wp-content\/uploads\/2023\/01\/vanea-1-300x199.jpg 300w, https:\/\/wildtravel.ro\/wp-content\/uploads\/2023\/01\/vanea-1-768x509.jpg 768w, https:\/\/wildtravel.ro\/wp-content\/uploads\/2023\/01\/vanea-1-1536x1017.jpg 1536w, https:\/\/wildtravel.ro\/wp-content\/uploads\/2023\/01\/vanea-1-2048x1357.jpg 2048w\" sizes=\"(max-width: 434px) 100vw, 434px\" \/><\/figure>\n<\/div>\n\n\n<p class=\"has-text-align-left\">Delta Dun\u0103rii este limitat\u0103 la sud-vest de podi\u0219ul Dobrogei, la nord formeaz\u0103 grani\u021ba cu Ucraina, iar \u00een est se vars\u0103 \u00een Marea Neagr\u0103. Delta Dun\u0103rii este traversat\u0103 de paralela de 45\u00b0 latitudine N \u0219i de meridianul de 29\u00b0, longitudine E. Delta ocup\u0103, \u00eempreun\u0103 cu complexul lagunar Razim &#8211; Sinoe 5050 km\u00b2, din care 732 km\u00b2 apar\u021bin Ucrainei, Deltei rom\u00e2ne\u0219ti revenindu-i o suprafa\u021b\u0103 de 2540 km\u00b2. Datorit\u0103 celor 67 milioane de tone aluviuni aduse de Dun\u0103re, Delta Dun\u0103rii cre\u0219te anual cu aprox. 40 m\u00b2. <\/p>\n\n\n\n<p class=\"has-text-align-left\">Dun\u0103rea ajuns\u0103 la P\u0103tl\u0103geanca se bifurc\u0103 \u00een dou\u0103 bra\u021be, Bra\u021bul Chilia la nord \u0219i Bra\u021bul Tulcea la sud, bra\u021b care mai apoi. la Ceatal Sfantu Gheorghe, se desparte \u00een Bra\u021bul Sulina \u0219i Bra\u021bul Sf\u00e2ntul Gheorghe. <\/p>\n\n\n\n<p class=\"has-text-align-left\">Bra\u021bul Chilia, formeaz\u0103 grani\u021ba cu Ucraina, \u0219i transport\u0103 pe cursul s\u0103u de o lungime de 104 km\u00b2, 60% din apele \u0219i aluviunile Dun\u0103rii. <\/p>\n\n\n\n<p class=\"has-text-align-left\">Bra\u021bul Sulina este situat \u00een mijlocul Deltei, \u0219i spre deosebire de Chilia, are un curs rectiliniu, fiind permanent dragat \u0219i \u00eentre\u021binut pentru naviga\u021bia vaselor maritime. Are o lungime de 71 km \u0219i transport\u0103 18% din volumul de ap\u0103 al Dun\u0103rii. <\/p>\n\n\n\n<p class=\"has-text-align-left\">Cursul Bra\u021bului Sf\u00e2ntul Gheorghe este orientat spre sud-est \u0219i se desf\u0103\u0219oar\u0103 pe 112 km, transport\u00e2nd 22% din debitul Dun\u0103rii. La v\u0103rsare formeaza insulele Sacalin considerate un \u00eenceput de delt\u0103 secundar\u0103. Delta Dun\u0103rii (cu excep\u021bia deltei secundare a bra\u021bului Chilia) face tradi\u021bional parte din Dobrogea, dar \u00een Antichitate \u0219i Evul Mediu, litoralul se afla mult mai la apus (\u00eentre Chilia Veche \u0219i Murighiol pe vremea lui Strabon, \u00eentre Periprava \u0219i Lacul Dranov \u00een epoca bizantin\u0103), astfel \u00eenc\u00e2t h\u0103r\u021bile istorice care reprezint\u0103 Dobrogea cuprinz\u00e2nd toat\u0103 Delta actual\u0103, sunt geomorfologic false.<\/p>\n\n\n\n<p>\u00centreg teritoriul este declarat \u00een anul 1990 Rezerva\u021bie a Biosferei, inclus\u0103 \u00een patrimoniul mondial \u0219i este administrat de c\u0103tre o institu\u021bie cu sediul \u00een Tulcea(str. Portului nr 34 A; <a href=\"http:\/\/www.ddbra.ro\">www.ddbra.ro<\/a>), condus\u0103 de un guvernator.<\/p>\n\n\n<div class=\"wp-block-image\">\n<figure class=\"alignright size-large is-resized\"><img decoding=\"async\" src=\"http:\/\/wildtravel.ro\/wp-content\/uploads\/2023\/01\/35-1024x568.jpg\" alt=\"\" class=\"wp-image-18986\" width=\"480\" height=\"266\" srcset=\"https:\/\/wildtravel.ro\/wp-content\/uploads\/2023\/01\/35-1024x568.jpg 1024w, https:\/\/wildtravel.ro\/wp-content\/uploads\/2023\/01\/35-300x166.jpg 300w, https:\/\/wildtravel.ro\/wp-content\/uploads\/2023\/01\/35-768x426.jpg 768w, https:\/\/wildtravel.ro\/wp-content\/uploads\/2023\/01\/35-1536x852.jpg 1536w, https:\/\/wildtravel.ro\/wp-content\/uploads\/2023\/01\/35-2048x1136.jpg 2048w\" sizes=\"(max-width: 480px) 100vw, 480px\" \/><\/figure>\n<\/div>\n\n\n<p>Obiectivul principal al ARBDD este \u00een principal cel de a conserv\u0103 \u0219i proteja imensul patrimoniu natural existent \u00een acest col\u021b de r\u0103i al lumii.<\/p>\n\n\n\n<p>Fauna deltei cuprinde numeroase specii de p\u0103s\u0103ri, mamifere, reptile, amfibieni precum \u0219i 3018 specii de nevertebrate.<\/p>\n\n\n\n<p>Ornitologii pasiona\u021bi au posibilitatea de a admira de-a lungul unui an, un num\u0103r de 350 de specii de p\u0103s\u0103ri, multe dintre acestea fiind foarte rare \u00een Europa.<\/p>\n\n\n\n<p>\u00cen timpul migra\u021biei de prim\u0103var\u0103 (15 aprilie-15 iunie) cea mai atractiv\u0103 \u0219i mai interesant\u0103 perioada de birdwatching (c\u0103 \u0219i august -septembrie), la un traseu organizat de 8-10 zile pot fi observate \u00een medie un num\u0103r de aproximativ 140-160 de specii de p\u0103s\u0103ri.<\/p>\n\n\n\n<p>Pas\u0103rea simbol a deltei este pelicanul, reprezentat fiind de catre cele dou\u0103 specii europene: pelicanul cre\u021b \u0219i pelicanul comun.<\/p>\n\n\n\n<p>Alte specii interesante pentru delta sunt: \u0219oimul dun\u0103rean (Falco cherrug), codalbul (Haliaeetus albicilla), soimuletul de sear\u0103 (Falco vespertinus), ga\u0219c\u0103 cu g\u00e2t ro\u0219u (Branta ruficollis), dumbr\u0103veanc\u0103 (Coracias garrulus), prigoria (Merops apiaster), cioc\u0103nitoare de gr\u0103dina (Dendrocopos syriacus), tiganusul (Plegadis falcinellus), lopatarul (Platalea leucorodia), etc&#8230;<\/p>\n\n\n\n<p>Dintre mamifere amintim vidra european\u0103 (Lutra lutra), una dintre cele mai bogate popula\u021bii din Europa, pisica s\u0103lbatic\u0103 (Felix silvestris), c\u00e2inele enot (Nyctereutes procyonoides), porcul mistre\u021b (Sus scrofa), etc..<\/p>\n\n\n<div class=\"wp-block-image\">\n<figure class=\"alignleft size-large is-resized\"><img decoding=\"async\" src=\"http:\/\/wildtravel.ro\/wp-content\/uploads\/2023\/01\/s5-2-1024x682.jpg\" alt=\"\" class=\"wp-image-18987\" width=\"435\" height=\"290\" srcset=\"https:\/\/wildtravel.ro\/wp-content\/uploads\/2023\/01\/s5-2-1024x682.jpg 1024w, https:\/\/wildtravel.ro\/wp-content\/uploads\/2023\/01\/s5-2-300x200.jpg 300w, https:\/\/wildtravel.ro\/wp-content\/uploads\/2023\/01\/s5-2-768x512.jpg 768w, https:\/\/wildtravel.ro\/wp-content\/uploads\/2023\/01\/s5-2-1536x1024.jpg 1536w, https:\/\/wildtravel.ro\/wp-content\/uploads\/2023\/01\/s5-2.jpg 1844w\" sizes=\"(max-width: 435px) 100vw, 435px\" \/><\/figure>\n<\/div>\n\n\n<p>Reptilele sunt \u0219i ele bine reprezentate de \u0219arpele de ap\u0103 (Natrix tessellata) \u0219i \u0219arpele de cas\u0103 (Natrix natrix), broasc\u0103 \u021bestoas\u0103 de uscat (Testudo graeca) \u0219i broasc\u0103 \u021bestoas\u0103 de ap\u0103 (Emys orbicularis), precum de de o varietate de specii de \u0219op\u00e2rle.<\/p>\n\n\n\n<p>O alt\u0103 bog\u0103\u021bie natural\u0103 a deltei sunt pe\u0219tii, dintre speciile cele mai des \u00eent\u00e2lnite amintim: crapul (Cyprinus carpio), somnul (Silurus glanis), \u0219tiuc\u0103 (Esox lucius), \u0219al\u0103ul (Stizostedion lucioperca), sturionii (familia Acipenseridae), etc&#8230;<\/p>\n\n\n\n<p>Delta Dun\u0103rii are o popula\u021bie de aproximativ 15000 locuitori,  cea mai mare localitate fiind ora\u0219ul Sulina, care are circa 5000 de locuitori. <\/p>\n\n\n\n<p>Popula\u021bia majoritar\u0103 este format\u0103 din rom\u00e2ni care convie\u021buiesc c\u0103 \u00eentr-un modern &#8222;Turn Babel&#8221; \u00eempreun\u0103 cu peste 15 minorit\u0103\u021bi (lipoveni, ucraineni, turci, t\u0103tari, greci, ruteni, italieni, etc..).<\/p>\n\n\n<div class=\"wp-block-image\">\n<figure class=\"alignright size-full is-resized\"><img loading=\"lazy\" decoding=\"async\" src=\"http:\/\/wildtravel.ro\/wp-content\/uploads\/2023\/01\/image-1.png\" alt=\"\" class=\"wp-image-18990\" width=\"372\" height=\"279\" srcset=\"https:\/\/wildtravel.ro\/wp-content\/uploads\/2023\/01\/image-1.png 1024w, https:\/\/wildtravel.ro\/wp-content\/uploads\/2023\/01\/image-1-300x225.png 300w, https:\/\/wildtravel.ro\/wp-content\/uploads\/2023\/01\/image-1-768x576.png 768w\" sizes=\"(max-width: 372px) 100vw, 372px\" \/><\/figure>\n<\/div>\n\n\n<p><\/p>\n\n\n\n<p>Tulcea turistic\u0103 Ora\u0219ul Tulcea (Aegyssus \u00een antichitate), poart\u0103 de intrare \u00een Delta Dun\u0103rii, ofer\u0103 vizitatorilor numeroase puncte de interes turistic, cele mai interesante fiind cu siguran\u021b\u0103 cele patru muzee (art\u0103, arheologie, etnografie, \u0219tiin\u021bele naturii).<\/p>\n\n\n\n<p> <\/p>\n\n\n\n<p>Evident c\u0103, lu\u00e2nd ora\u0219ul la pas, pute\u021bi descoperi \u0219i alte obiective care va vor atrage aten\u021bia si \u00eenc\u00e2nta ochiul, c\u0103 avanpremier\u0103 a spectacolului care va urma-DELTA DUN\u0102RII. Muzeul de stiinte naturale este un obiectiv de neratat in Tulcea.<\/p>\n\n\n\n<p><\/p>\n","protected":false},"excerpt":{"rendered":"<p>Delta Dun\u0103rii, Rom\u00e2nia, reprezint\u0103 un ultim paradis natural european, o adev\u0103rat\u0103 re\u021bea de canale, lacuri, ostroave \u0219i garle, p\u0103duri cu aspect tropical un amalgam de culturi \u0219i etnii, o mare diversitate de viet\u0103\u021bi, peste care troneaz\u0103, c\u0103 un rege, maiestuosul pelican. Iubitorii de natur\u0103 \u0219i lini\u0219te \u00ee\u0219i pot g\u0103si refugiul aici, ascunz\u00e2ndu-se \u00een hatisurile de [&hellip;]<\/p>\n","protected":false},"author":3,"featured_media":18988,"parent":0,"menu_order":0,"comment_status":"closed","ping_status":"closed","template":"","meta":{"_acf_changed":false,"footnotes":""},"class_list":["post-18984","page","type-page","status-publish","has-post-thumbnail","hentry"],"acf":[],"yoast_head":"<!-- This site is optimized with the Yoast SEO plugin v27.4 - https:\/\/yoast.com\/product\/yoast-seo-wordpress\/ -->\n<title>Despre Delta Dunarii - wild travel in Delta Dunarii<\/title>\n<meta name=\"description\" content=\"Delta Dun\u0103rii, Rom\u00e2nia, reprezint\u0103 un ultim paradis natural european, o adev\u0103rat\u0103 re\u021bea de canale, lacuri, ostroave \u0219i garle, p\u0103duri cu aspec\" \/>\n<meta name=\"robots\" content=\"index, follow, max-snippet:-1, max-image-preview:large, max-video-preview:-1\" \/>\n<link rel=\"canonical\" href=\"https:\/\/wildtravel.ro\/ro\/despre-delta-dunarii\/\" \/>\n<meta property=\"og:locale\" content=\"ro_RO\" \/>\n<meta property=\"og:type\" content=\"article\" \/>\n<meta property=\"og:title\" content=\"Despre Delta Dunarii - wild travel in Delta Dunarii\" \/>\n<meta property=\"og:description\" content=\"Delta Dun\u0103rii, Rom\u00e2nia, reprezint\u0103 un ultim paradis natural european, o adev\u0103rat\u0103 re\u021bea de canale, lacuri, ostroave \u0219i garle, p\u0103duri cu aspec\" \/>\n<meta property=\"og:url\" content=\"https:\/\/wildtravel.ro\/ro\/despre-delta-dunarii\/\" \/>\n<meta property=\"og:site_name\" content=\"wild travel in Delta Dunarii\" \/>\n<meta property=\"article:publisher\" content=\"https:\/\/www.facebook.com\/wildtravel.ro\/\" \/>\n<meta property=\"article:modified_time\" content=\"2023-02-14T14:27:17+00:00\" \/>\n<meta property=\"og:image\" content=\"https:\/\/wildtravel.ro\/wp-content\/uploads\/2023\/01\/deltaica-scaled.jpg\" \/>\n\t<meta property=\"og:image:width\" content=\"2560\" \/>\n\t<meta property=\"og:image:height\" content=\"1696\" \/>\n\t<meta property=\"og:image:type\" content=\"image\/jpeg\" \/>\n<meta name=\"twitter:card\" content=\"summary_large_image\" \/>\n<meta name=\"twitter:label1\" content=\"Timp estimat pentru citire\" \/>\n\t<meta name=\"twitter:data1\" content=\"5 minute\" \/>\n<script type=\"application\/ld+json\" class=\"yoast-schema-graph\">{\"@context\":\"https:\\\/\\\/schema.org\",\"@graph\":[{\"@type\":\"WebPage\",\"@id\":\"https:\\\/\\\/wildtravel.ro\\\/ro\\\/despre-delta-dunarii\\\/\",\"url\":\"https:\\\/\\\/wildtravel.ro\\\/ro\\\/despre-delta-dunarii\\\/\",\"name\":\"Despre Delta Dunarii - wild travel in Delta Dunarii\",\"isPartOf\":{\"@id\":\"https:\\\/\\\/wildtravel.ro\\\/#website\"},\"primaryImageOfPage\":{\"@id\":\"https:\\\/\\\/wildtravel.ro\\\/ro\\\/despre-delta-dunarii\\\/#primaryimage\"},\"image\":{\"@id\":\"https:\\\/\\\/wildtravel.ro\\\/ro\\\/despre-delta-dunarii\\\/#primaryimage\"},\"thumbnailUrl\":\"https:\\\/\\\/wildtravel.ro\\\/wp-content\\\/uploads\\\/2023\\\/01\\\/deltaica-scaled.jpg\",\"datePublished\":\"2023-01-28T16:43:55+00:00\",\"dateModified\":\"2023-02-14T14:27:17+00:00\",\"description\":\"Delta Dun\u0103rii, Rom\u00e2nia, reprezint\u0103 un ultim paradis natural european, o adev\u0103rat\u0103 re\u021bea de canale, lacuri, ostroave \u0219i garle, p\u0103duri cu aspec\",\"breadcrumb\":{\"@id\":\"https:\\\/\\\/wildtravel.ro\\\/ro\\\/despre-delta-dunarii\\\/#breadcrumb\"},\"inLanguage\":\"ro-RO\",\"potentialAction\":[{\"@type\":\"ReadAction\",\"target\":[\"https:\\\/\\\/wildtravel.ro\\\/ro\\\/despre-delta-dunarii\\\/\"]}]},{\"@type\":\"ImageObject\",\"inLanguage\":\"ro-RO\",\"@id\":\"https:\\\/\\\/wildtravel.ro\\\/ro\\\/despre-delta-dunarii\\\/#primaryimage\",\"url\":\"https:\\\/\\\/wildtravel.ro\\\/wp-content\\\/uploads\\\/2023\\\/01\\\/deltaica-scaled.jpg\",\"contentUrl\":\"https:\\\/\\\/wildtravel.ro\\\/wp-content\\\/uploads\\\/2023\\\/01\\\/deltaica-scaled.jpg\",\"width\":2560,\"height\":1696,\"caption\":\"apus\"},{\"@type\":\"BreadcrumbList\",\"@id\":\"https:\\\/\\\/wildtravel.ro\\\/ro\\\/despre-delta-dunarii\\\/#breadcrumb\",\"itemListElement\":[{\"@type\":\"ListItem\",\"position\":1,\"name\":\"Home\",\"item\":\"https:\\\/\\\/wildtravel.ro\\\/ro\\\/\"},{\"@type\":\"ListItem\",\"position\":2,\"name\":\"Despre Delta Dunarii\"}]},{\"@type\":\"WebSite\",\"@id\":\"https:\\\/\\\/wildtravel.ro\\\/#website\",\"url\":\"https:\\\/\\\/wildtravel.ro\\\/\",\"name\":\"wild travel in Delta Dunarii\",\"description\":\"My WordPress Blog\",\"publisher\":{\"@id\":\"https:\\\/\\\/wildtravel.ro\\\/#organization\"},\"potentialAction\":[{\"@type\":\"SearchAction\",\"target\":{\"@type\":\"EntryPoint\",\"urlTemplate\":\"https:\\\/\\\/wildtravel.ro\\\/?s={search_term_string}\"},\"query-input\":{\"@type\":\"PropertyValueSpecification\",\"valueRequired\":true,\"valueName\":\"search_term_string\"}}],\"inLanguage\":\"ro-RO\"},{\"@type\":\"Organization\",\"@id\":\"https:\\\/\\\/wildtravel.ro\\\/#organization\",\"name\":\"Wild travel\",\"url\":\"https:\\\/\\\/wildtravel.ro\\\/\",\"logo\":{\"@type\":\"ImageObject\",\"inLanguage\":\"ro-RO\",\"@id\":\"https:\\\/\\\/wildtravel.ro\\\/#\\\/schema\\\/logo\\\/image\\\/\",\"url\":\"http:\\\/\\\/wildtravel.ro\\\/wp-content\\\/uploads\\\/2023\\\/01\\\/logo-125.png\",\"contentUrl\":\"http:\\\/\\\/wildtravel.ro\\\/wp-content\\\/uploads\\\/2023\\\/01\\\/logo-125.png\",\"width\":357,\"height\":125,\"caption\":\"Wild travel\"},\"image\":{\"@id\":\"https:\\\/\\\/wildtravel.ro\\\/#\\\/schema\\\/logo\\\/image\\\/\"},\"sameAs\":[\"https:\\\/\\\/www.facebook.com\\\/wildtravel.ro\\\/\"]}]}<\/script>\n<!-- \/ Yoast SEO plugin. -->","yoast_head_json":{"title":"Despre Delta Dunarii - wild travel in Delta Dunarii","description":"Delta Dun\u0103rii, Rom\u00e2nia, reprezint\u0103 un ultim paradis natural european, o adev\u0103rat\u0103 re\u021bea de canale, lacuri, ostroave \u0219i garle, p\u0103duri cu aspec","robots":{"index":"index","follow":"follow","max-snippet":"max-snippet:-1","max-image-preview":"max-image-preview:large","max-video-preview":"max-video-preview:-1"},"canonical":"https:\/\/wildtravel.ro\/ro\/despre-delta-dunarii\/","og_locale":"ro_RO","og_type":"article","og_title":"Despre Delta Dunarii - wild travel in Delta Dunarii","og_description":"Delta Dun\u0103rii, Rom\u00e2nia, reprezint\u0103 un ultim paradis natural european, o adev\u0103rat\u0103 re\u021bea de canale, lacuri, ostroave \u0219i garle, p\u0103duri cu aspec","og_url":"https:\/\/wildtravel.ro\/ro\/despre-delta-dunarii\/","og_site_name":"wild travel in Delta Dunarii","article_publisher":"https:\/\/www.facebook.com\/wildtravel.ro\/","article_modified_time":"2023-02-14T14:27:17+00:00","og_image":[{"width":2560,"height":1696,"url":"https:\/\/wildtravel.ro\/wp-content\/uploads\/2023\/01\/deltaica-scaled.jpg","type":"image\/jpeg"}],"twitter_card":"summary_large_image","twitter_misc":{"Timp estimat pentru citire":"5 minute"},"schema":{"@context":"https:\/\/schema.org","@graph":[{"@type":"WebPage","@id":"https:\/\/wildtravel.ro\/ro\/despre-delta-dunarii\/","url":"https:\/\/wildtravel.ro\/ro\/despre-delta-dunarii\/","name":"Despre Delta Dunarii - wild travel in Delta Dunarii","isPartOf":{"@id":"https:\/\/wildtravel.ro\/#website"},"primaryImageOfPage":{"@id":"https:\/\/wildtravel.ro\/ro\/despre-delta-dunarii\/#primaryimage"},"image":{"@id":"https:\/\/wildtravel.ro\/ro\/despre-delta-dunarii\/#primaryimage"},"thumbnailUrl":"https:\/\/wildtravel.ro\/wp-content\/uploads\/2023\/01\/deltaica-scaled.jpg","datePublished":"2023-01-28T16:43:55+00:00","dateModified":"2023-02-14T14:27:17+00:00","description":"Delta Dun\u0103rii, Rom\u00e2nia, reprezint\u0103 un ultim paradis natural european, o adev\u0103rat\u0103 re\u021bea de canale, lacuri, ostroave \u0219i garle, p\u0103duri cu aspec","breadcrumb":{"@id":"https:\/\/wildtravel.ro\/ro\/despre-delta-dunarii\/#breadcrumb"},"inLanguage":"ro-RO","potentialAction":[{"@type":"ReadAction","target":["https:\/\/wildtravel.ro\/ro\/despre-delta-dunarii\/"]}]},{"@type":"ImageObject","inLanguage":"ro-RO","@id":"https:\/\/wildtravel.ro\/ro\/despre-delta-dunarii\/#primaryimage","url":"https:\/\/wildtravel.ro\/wp-content\/uploads\/2023\/01\/deltaica-scaled.jpg","contentUrl":"https:\/\/wildtravel.ro\/wp-content\/uploads\/2023\/01\/deltaica-scaled.jpg","width":2560,"height":1696,"caption":"apus"},{"@type":"BreadcrumbList","@id":"https:\/\/wildtravel.ro\/ro\/despre-delta-dunarii\/#breadcrumb","itemListElement":[{"@type":"ListItem","position":1,"name":"Home","item":"https:\/\/wildtravel.ro\/ro\/"},{"@type":"ListItem","position":2,"name":"Despre Delta Dunarii"}]},{"@type":"WebSite","@id":"https:\/\/wildtravel.ro\/#website","url":"https:\/\/wildtravel.ro\/","name":"wild travel in Delta Dunarii","description":"My WordPress Blog","publisher":{"@id":"https:\/\/wildtravel.ro\/#organization"},"potentialAction":[{"@type":"SearchAction","target":{"@type":"EntryPoint","urlTemplate":"https:\/\/wildtravel.ro\/?s={search_term_string}"},"query-input":{"@type":"PropertyValueSpecification","valueRequired":true,"valueName":"search_term_string"}}],"inLanguage":"ro-RO"},{"@type":"Organization","@id":"https:\/\/wildtravel.ro\/#organization","name":"Wild travel","url":"https:\/\/wildtravel.ro\/","logo":{"@type":"ImageObject","inLanguage":"ro-RO","@id":"https:\/\/wildtravel.ro\/#\/schema\/logo\/image\/","url":"http:\/\/wildtravel.ro\/wp-content\/uploads\/2023\/01\/logo-125.png","contentUrl":"http:\/\/wildtravel.ro\/wp-content\/uploads\/2023\/01\/logo-125.png","width":357,"height":125,"caption":"Wild travel"},"image":{"@id":"https:\/\/wildtravel.ro\/#\/schema\/logo\/image\/"},"sameAs":["https:\/\/www.facebook.com\/wildtravel.ro\/"]}]}},"_links":{"self":[{"href":"https:\/\/wildtravel.ro\/ro\/wp-json\/wp\/v2\/pages\/18984","targetHints":{"allow":["GET"]}}],"collection":[{"href":"https:\/\/wildtravel.ro\/ro\/wp-json\/wp\/v2\/pages"}],"about":[{"href":"https:\/\/wildtravel.ro\/ro\/wp-json\/wp\/v2\/types\/page"}],"author":[{"embeddable":true,"href":"https:\/\/wildtravel.ro\/ro\/wp-json\/wp\/v2\/users\/3"}],"replies":[{"embeddable":true,"href":"https:\/\/wildtravel.ro\/ro\/wp-json\/wp\/v2\/comments?post=18984"}],"version-history":[{"count":0,"href":"https:\/\/wildtravel.ro\/ro\/wp-json\/wp\/v2\/pages\/18984\/revisions"}],"wp:featuredmedia":[{"embeddable":true,"href":"https:\/\/wildtravel.ro\/ro\/wp-json\/wp\/v2\/media\/18988"}],"wp:attachment":[{"href":"https:\/\/wildtravel.ro\/ro\/wp-json\/wp\/v2\/media?parent=18984"}],"curies":[{"name":"wp","href":"https:\/\/api.w.org\/{rel}","templated":true}]}}