{"id":117,"date":"2012-03-28T07:32:25","date_gmt":"2012-03-28T05:32:25","guid":{"rendered":"http:\/\/wildtravel.ro\/fluviul-dunarea\/"},"modified":"2023-01-23T23:05:22","modified_gmt":"2023-01-23T21:05:22","slug":"fluviul-dunarea","status":"publish","type":"page","link":"https:\/\/wildtravel.ro\/ro\/fluviul-dunarea\/","title":{"rendered":"Fluviul Dun\u0103rea"},"content":{"rendered":"<div style=\"text-align: justify;\">\n<div>Dun\u0103rea, al doilea fluviu c\u0103 m\u0103rime din Europa, dup\u0103 Volga, izvor\u0103\u0219te de sub v\u00e2rful Kandel (1241 m), din Mun\u021b\u00eei P\u0103durea Neagr\u0103, Germania. \u00cen localitatea Donaueschingen, cele dou\u0103 paraiase Brigach \u0219i Breg \u00ee\u0219i amestec\u0103 apele \u00een parcul castelului F\u00fcrstenberg, pornind c\u0103tre est, \u00eentr-o lung\u0103 \u0219i aventuroas\u0103 c\u0103l\u0103torie, de aproximativ 2860 km c\u0103tre Marea Neagr\u0103.<br \/>\nLa punctul de izvor al fluviului, se afl\u0103 un complex statuar, reprezent\u00e2nd dou\u0103 femei, o mama, simbolizand Europa, ce \u00eei arat\u0103 fiicei sale , Dun\u0103rea calea pe care trebuie s-o urmeze .<\/div>\n<div>\nDun\u0103rea, traverseaz\u0103 \u0219i \u00een acela\u0219i timp une\u0219te, 4 capitale &#8211; Viena, Bratislava, Budapesta, Belgrad \u0219i 10 state europene: Germania, Austria, Slovacia, Ungaria, Croa\u021bia, Iugoslavia, Rom\u00e2nia, Bulgaria, Republica Moldova \u0219i Ucraina.<img fetchpriority=\"high\" decoding=\"async\" class=\"wp-image-17529 alignleft\" src=\"http:\/\/wildtravel.ro\/wp-content\/uploads\/2023\/01\/dunare-300x183.jpg\" alt=\"\" width=\"469\" height=\"286\" srcset=\"https:\/\/wildtravel.ro\/wp-content\/uploads\/2023\/01\/dunare-300x183.jpg 300w, https:\/\/wildtravel.ro\/wp-content\/uploads\/2023\/01\/dunare-1024x626.jpg 1024w, https:\/\/wildtravel.ro\/wp-content\/uploads\/2023\/01\/dunare-768x470.jpg 768w, https:\/\/wildtravel.ro\/wp-content\/uploads\/2023\/01\/dunare-1536x939.jpg 1536w, https:\/\/wildtravel.ro\/wp-content\/uploads\/2023\/01\/dunare-2048x1253.jpg 2048w\" sizes=\"(max-width: 469px) 100vw, 469px\" \/><\/div>\n<div>\nDe la izvoarele sale, din Mun\u021b\u00eei P\u0103durea Neagr\u0103 \u0219i p\u00e2n\u0103 la v\u0103rsare, str\u0103bate variate forme de relief care imprim\u0103 cursului Dun\u0103rii c\u00e2nd un aspect de fluviu n\u0103valnic de munte, c\u00e2nd un aspect de fluviu de ses, cu ape lini\u0219tite. De-a lungul a mai bine de dou\u0103 milioane de ani \u00ee\u0219i \u00eempline\u0219te cursul, \u00eenfrunt\u00e2nd mai multe culmi muntoase ale sistemului alpino &#8211; carpatic, daltuind peisaje de o rar\u0103 frumuse\u021be, \u00eempodobite de om cu numeroase castele medievale sau cu a\u0219ez\u0103ri pierdute \u00een vegeta\u021bie.<\/div>\n<div>\nDun\u0103rea curge c\u0103tre sud-est pe o distan\u021b\u0103 de aproximativ 2860 km \u0219i se vars\u0103 \u00een Marea Neagr\u0103, fiind singurul fluviu european ce curge de la vest la est.<br \/>\nImportant drum fluvial interna\u021bional, Dun\u0103rea parcurge 10 \u021b\u0103ri (Germania, Austria, Slovacia, Ungaria, Croa\u021bia, Serbia, Rom\u00e2nia, Bulgaria, Republica Moldova, Ucraina) are afluen\u021bi din alte \u0219apte \u021b\u0103ri \u0219i trece prin patru capitale de stat: Viena, Bratislava, Budapesta \u0219i Belgrad.<\/div>\n<div>\nPe teritoriul Rom\u00e2niei, cursul inferior al Dun\u0103rii, se desf\u0103\u0219oar\u0103 pe o distan\u021b\u0103 de 1075 km \u00eentre localit\u0103\u021bile Bazia\u0219 \u0219i Sulina, f\u0103c\u00e2nd grani\u021ba cu Serbia (235,5 km), Bulgaria (469,5 km), Republica Moldova (0,6 km) \u0219i Ucraina (53,9 km), colect\u00e2nd majoritatea r\u00e2urilor din Rom\u00e2nia cu excep\u021bia celor din Dobrogea.<\/div>\n<div>\nDatorit\u0103 faptului c\u0103 traverseaz\u0103 o multitudine de regiuni naturale, cursul inferior al Dun\u0103rii este \u00eemp\u0103r\u021bit \u00een cinci sectoare: defileul carparic, sectorul sud-pontic, sectorul pontic oriental cu b\u0103l\u021bi, sectorul predobrogean \u0219i sectorul deltaic.<br \/>\nTransporta anual circa 60 milioane tone aluviuni \u0219i 200 miliarde m\u00b3 de ap\u0103. Prezint\u0103 important\u0103 deosebit\u0103 pentru: naviga\u021bie, hidroenergie, piscicultur\u0103, fiind totodat\u0103 \u0219i o important\u0103 surs\u0103 de ap\u0103 pentru agricultur\u0103, industrie \u0219i popula\u021bie.<\/div>\n<div>\n<strong>Bra\u021bele Dun\u0103rii:<\/strong><\/div>\n<ul>\n<li>\n<div><strong>Bra\u021bele Borcea \u0219i Ostrov <\/strong>&#8211; formate \u00een dreptul localit\u0103\u021bii Sili\u0219tea. \u00centre Bra\u021bul Borcea, la vest \u0219i Bra\u021bul Dun\u0103rea Veche, la est, \u00een Valea Dun\u0103rii, Dun\u0103rea formeaz\u0103 Balt\u0103 Ialomi\u021bei. Cursul Bra\u021bului Borcea se \u00eentinde din dreptul localit\u0103\u021bii C\u0103l\u0103ra\u0219i p\u00e2n\u0103 la H\u00e2r\u0219ova, trec\u00e2nd \u0219i prin Fete\u0219ti.<\/div>\n<\/li>\n<li>\n<div><strong>Bra\u021bul Dun\u0103rea Veche<\/strong> \u2013 format dup\u0103 localitatea Giurgeni, bra\u021b mai pu\u021b\u00een navigat, separ\u00e2nd Balt\u0103 Br\u0103ilei de Dobrogea. Pe acest bra\u021b se afl\u0103 ora\u0219ul M\u0103cin.<\/div>\n<\/li>\n<li>\n<div><strong>Bra\u021bul Valciu<\/strong> &#8211; Este cel mai important dintre bra\u021bele de vest ce m\u0103rgine\u0219te Balt\u0103 Br\u0103ilei. \u00cen partea s\u0103 de sud cuprinde Balt\u0103 Mic\u0103 a Br\u0103ilei, rezerva\u021bie natural\u0103.<\/div>\n<\/li>\n<li>\n<div><strong>Bra\u021bul Calia<\/strong> \u2013 format \u00een zona satului Gur\u0103 Garlutei, m\u0103rgine\u0219te la vest Balt\u0103 Mic\u0103 a Br\u0103ilei, rezerva\u021bie natural\u0103.<\/div>\n<\/li>\n<li>\n<div><strong>Bra\u021bul Chilia<\/strong> &#8211; \u00eencepe de la Cetatea Chiliei, punctul \u00een care Dun\u0103rea se desparte \u00een 2 bra\u021be : Chilia \u0219i Tulcea. Bra\u021bul Chilia se \u00eendreapt\u0103 spre nord, av\u00e2nd lungimea cea mai mare (120 km) \u0219i debitul de aproximativ 60% din total. L\u0103\u021bimea bra\u021bului variaz\u0103 \u00eentre 300-700 m, unori dep\u0103\u0219ind aceast\u0103 limita. Pe bra\u021bul Chilia alterneaz\u0103 sectoarele cu un singur curs (\u00een dreptul grindurilor Stipoc, Chilia \u0219i Letea) cu sectoarele de bifurcare, \u00eentre grinduri. La v\u0103rsarea acestuia \u00een mare, se g\u0103se\u0219te o delta secundar\u0103 cu trei bra\u021be secundare: T\u0103taru, Cernavod\u0103 \u0219i Babin\u0103, situate pe teritoriul Ucrainei. Delta secundar\u0103 a Chiliei, care avanseaz\u0103 \u00een mare cu c\u00e2\u021biva zeci de metri pe an (40-80 m\/an) nu apar\u021bine teritoriului \u021b\u0103rii noastre, apar\u021b\u00een\u00e2nd Ucrainei. Localit\u0103\u021bi de-a lungul bra\u021bului: Palazu, Pardina, Chilia Veche, Periprava.<img decoding=\"async\" class=\"wp-image-17530 alignright\" src=\"http:\/\/wildtravel.ro\/wp-content\/uploads\/2023\/01\/ko-300x200.jpg\" alt=\"\" width=\"536\" height=\"357\" srcset=\"https:\/\/wildtravel.ro\/wp-content\/uploads\/2023\/01\/ko-300x200.jpg 300w, https:\/\/wildtravel.ro\/wp-content\/uploads\/2023\/01\/ko-1024x683.jpg 1024w, https:\/\/wildtravel.ro\/wp-content\/uploads\/2023\/01\/ko-768x512.jpg 768w, https:\/\/wildtravel.ro\/wp-content\/uploads\/2023\/01\/ko-1536x1024.jpg 1536w, https:\/\/wildtravel.ro\/wp-content\/uploads\/2023\/01\/ko-2048x1365.jpg 2048w\" sizes=\"(max-width: 536px) 100vw, 536px\" \/><\/div>\n<\/li>\n<li>\n<div><strong>Bra\u021bul Sulina<\/strong> &#8211; Bra\u021bul cel mai scurt (64 km), regularizat \u0219i canalizat, \u00een urm\u0103 cu aproape un secol, este situat \u00een mijlocul Deltei \u0219i este folosit pentru naviga\u021bia vaselor maritime \u00een urm\u0103 adancirilor \u0219i corectarilor unor meandre. \u00cen urm\u0103 acestor lucr\u0103ri care au avut loc \u00eentre 1862 \u0219i 1902, lungimea bra\u021bului a sc\u0103zut de la 93 de km la 64 de km, iar volumul de ap\u0103 s-a dublat (18% \u00een prezent), ad\u00e2ncimea minim\u0103 fiind de 7 de m, iar cea maxim\u0103 de 18 de m. La v\u0103rsarea \u00een mare are loc o depunere relativ brusc\u0103 a aluviunilor, la contactul \u00eentre apele dulci ale fluviului \u0219i apele s\u0103rate ale marii, form\u00e2ndu-se bar\u0103 de la Sulina, care are tendin\u021ba de a optura gur\u0103 de v\u0103rsare. Pentru a diminua acest efect, a fost construit un dig (\u00een lungime de 10 km) care \u00eendep\u0103rteaz\u0103 spre larg aluviunile aduse de curentul circular al marii. Acest bra\u021b al Dun\u0103rii este dragat continuu, servind naviga\u021biei maritime.<br \/>\nLocalit\u0103\u021bi de-a lungul bra\u021bului: Ilganii de Sus, Maliuc, Gorgova, Cri\u0219an, Vulturu, Partizani, Sulina.<\/div>\n<\/li>\n<li>\n<div><strong>Bra\u021bul Sf\u00e2ntul Gheorghe<\/strong> &#8211; are un curs sinuos desf\u0103\u0219urat pe 112 km, \u00eenaint\u00e2nd spre sud-est. Sf\u00e2ntul Gheorghe este cel mai vechi bra\u021b, care transporta 22% din volum de ap\u0103 \u0219i aluviuni. Cea mai mare ad\u00e2ncime pe acest bra\u021b este de 26 de m. \u0218i acest bra\u021b a suferit transform\u0103ri prin t\u0103ierea unui num\u0103r de \u0219ase meandre, lungimea s\u0103 scurtandu-se la 70 de km navigabili. La v\u0103rsare formeaz\u0103 o acumulare de nisip sub form\u0103 unor insule, Sacalinul Mic \u0219i Sacalinul Mare. Din bra\u021bul Sf\u00e2ntul Gheorghe se desprind spre sud canalele Dranov \u0219i Dunavat, prin care se realizeaz\u0103 leg\u0103tur\u0103 cu lagun\u0103 Razim. Localit\u0103\u021bi de-a lungul bra\u021bului: Nufaru, Mahmudia, Uzlina, Sf. Gheorghe.<\/div>\n<\/li>\n<\/ul>\n<\/div>\n","protected":false},"excerpt":{"rendered":"<p>Dun\u0103rea, al doilea fluviu c\u0103 m\u0103rime din Europa, dup\u0103 Volga, izvor\u0103\u0219te de sub v\u00e2rful Kandel (1241 m), din Mun\u021b\u00eei P\u0103durea Neagr\u0103, Germania. \u00cen localitatea Donaueschingen, cele dou\u0103 paraiase Brigach \u0219i Breg \u00ee\u0219i amestec\u0103 apele \u00een parcul castelului F\u00fcrstenberg, pornind c\u0103tre est, \u00eentr-o lung\u0103 \u0219i aventuroas\u0103 c\u0103l\u0103torie, de aproximativ 2860 km c\u0103tre Marea Neagr\u0103. La punctul [&hellip;]<\/p>\n","protected":false},"author":3,"featured_media":118,"parent":0,"menu_order":0,"comment_status":"closed","ping_status":"closed","template":"","meta":{"_acf_changed":false,"footnotes":""},"class_list":["post-117","page","type-page","status-publish","has-post-thumbnail","hentry"],"acf":[],"yoast_head":"<!-- This site is optimized with the Yoast SEO plugin v27.5 - https:\/\/yoast.com\/product\/yoast-seo-wordpress\/ -->\n<title>Fluviul Dun\u0103rea - wild travel in Delta Dunarii<\/title>\n<meta name=\"description\" content=\"Dunarea, al doilea fluviu ca marime din Europa, dupa Volga, izvoraste de sub varful Kandel (1241 m), din Muntii Padurea Neagra\" \/>\n<meta name=\"robots\" content=\"index, follow, max-snippet:-1, max-image-preview:large, max-video-preview:-1\" \/>\n<link rel=\"canonical\" href=\"https:\/\/wildtravel.ro\/ro\/fluviul-dunarea\/\" \/>\n<meta property=\"og:locale\" content=\"ro_RO\" \/>\n<meta property=\"og:type\" content=\"article\" \/>\n<meta property=\"og:title\" content=\"Fluviul Dun\u0103rea - wild travel in Delta Dunarii\" \/>\n<meta property=\"og:description\" content=\"Dunarea, al doilea fluviu ca marime din Europa, dupa Volga, izvoraste de sub varful Kandel (1241 m), din Muntii Padurea Neagra\" \/>\n<meta property=\"og:url\" content=\"https:\/\/wildtravel.ro\/ro\/fluviul-dunarea\/\" \/>\n<meta property=\"og:site_name\" content=\"wild travel in Delta Dunarii\" \/>\n<meta property=\"article:publisher\" content=\"https:\/\/www.facebook.com\/wildtravel.ro\/\" \/>\n<meta property=\"article:modified_time\" content=\"2023-01-23T21:05:22+00:00\" \/>\n<meta property=\"og:image\" content=\"https:\/\/wildtravel.ro\/wp-content\/uploads\/2012\/03\/aaaaaccccc.jpg\" \/>\n\t<meta property=\"og:image:width\" content=\"1\" \/>\n\t<meta property=\"og:image:height\" content=\"1\" \/>\n\t<meta property=\"og:image:type\" content=\"image\/jpeg\" \/>\n<meta name=\"twitter:card\" content=\"summary_large_image\" \/>\n<meta name=\"twitter:label1\" content=\"Timp estimat pentru citire\" \/>\n\t<meta name=\"twitter:data1\" content=\"5 minute\" \/>\n<script type=\"application\/ld+json\" class=\"yoast-schema-graph\">{\"@context\":\"https:\\\/\\\/schema.org\",\"@graph\":[{\"@type\":\"WebPage\",\"@id\":\"https:\\\/\\\/wildtravel.ro\\\/ro\\\/fluviul-dunarea\\\/\",\"url\":\"https:\\\/\\\/wildtravel.ro\\\/ro\\\/fluviul-dunarea\\\/\",\"name\":\"Fluviul Dun\u0103rea - wild travel in Delta Dunarii\",\"isPartOf\":{\"@id\":\"https:\\\/\\\/wildtravel.ro\\\/#website\"},\"primaryImageOfPage\":{\"@id\":\"https:\\\/\\\/wildtravel.ro\\\/ro\\\/fluviul-dunarea\\\/#primaryimage\"},\"image\":{\"@id\":\"https:\\\/\\\/wildtravel.ro\\\/ro\\\/fluviul-dunarea\\\/#primaryimage\"},\"thumbnailUrl\":\"https:\\\/\\\/wildtravel.ro\\\/wp-content\\\/uploads\\\/2012\\\/03\\\/aaaaaccccc.jpg\",\"datePublished\":\"2012-03-28T05:32:25+00:00\",\"dateModified\":\"2023-01-23T21:05:22+00:00\",\"description\":\"Dunarea, al doilea fluviu ca marime din Europa, dupa Volga, izvoraste de sub varful Kandel (1241 m), din Muntii Padurea Neagra\",\"breadcrumb\":{\"@id\":\"https:\\\/\\\/wildtravel.ro\\\/ro\\\/fluviul-dunarea\\\/#breadcrumb\"},\"inLanguage\":\"ro-RO\",\"potentialAction\":[{\"@type\":\"ReadAction\",\"target\":[\"https:\\\/\\\/wildtravel.ro\\\/ro\\\/fluviul-dunarea\\\/\"]}]},{\"@type\":\"ImageObject\",\"inLanguage\":\"ro-RO\",\"@id\":\"https:\\\/\\\/wildtravel.ro\\\/ro\\\/fluviul-dunarea\\\/#primaryimage\",\"url\":\"https:\\\/\\\/wildtravel.ro\\\/wp-content\\\/uploads\\\/2012\\\/03\\\/aaaaaccccc.jpg\",\"contentUrl\":\"https:\\\/\\\/wildtravel.ro\\\/wp-content\\\/uploads\\\/2012\\\/03\\\/aaaaaccccc.jpg\",\"caption\":\"barca\"},{\"@type\":\"BreadcrumbList\",\"@id\":\"https:\\\/\\\/wildtravel.ro\\\/ro\\\/fluviul-dunarea\\\/#breadcrumb\",\"itemListElement\":[{\"@type\":\"ListItem\",\"position\":1,\"name\":\"Home\",\"item\":\"https:\\\/\\\/wildtravel.ro\\\/ro\\\/\"},{\"@type\":\"ListItem\",\"position\":2,\"name\":\"Fluviul Dun\u0103rea\"}]},{\"@type\":\"WebSite\",\"@id\":\"https:\\\/\\\/wildtravel.ro\\\/#website\",\"url\":\"https:\\\/\\\/wildtravel.ro\\\/\",\"name\":\"wild travel in Delta Dunarii\",\"description\":\"My WordPress Blog\",\"publisher\":{\"@id\":\"https:\\\/\\\/wildtravel.ro\\\/#organization\"},\"potentialAction\":[{\"@type\":\"SearchAction\",\"target\":{\"@type\":\"EntryPoint\",\"urlTemplate\":\"https:\\\/\\\/wildtravel.ro\\\/?s={search_term_string}\"},\"query-input\":{\"@type\":\"PropertyValueSpecification\",\"valueRequired\":true,\"valueName\":\"search_term_string\"}}],\"inLanguage\":\"ro-RO\"},{\"@type\":\"Organization\",\"@id\":\"https:\\\/\\\/wildtravel.ro\\\/#organization\",\"name\":\"Wild travel\",\"url\":\"https:\\\/\\\/wildtravel.ro\\\/\",\"logo\":{\"@type\":\"ImageObject\",\"inLanguage\":\"ro-RO\",\"@id\":\"https:\\\/\\\/wildtravel.ro\\\/#\\\/schema\\\/logo\\\/image\\\/\",\"url\":\"http:\\\/\\\/wildtravel.ro\\\/wp-content\\\/uploads\\\/2023\\\/01\\\/logo-125.png\",\"contentUrl\":\"http:\\\/\\\/wildtravel.ro\\\/wp-content\\\/uploads\\\/2023\\\/01\\\/logo-125.png\",\"width\":357,\"height\":125,\"caption\":\"Wild travel\"},\"image\":{\"@id\":\"https:\\\/\\\/wildtravel.ro\\\/#\\\/schema\\\/logo\\\/image\\\/\"},\"sameAs\":[\"https:\\\/\\\/www.facebook.com\\\/wildtravel.ro\\\/\"]}]}<\/script>\n<!-- \/ Yoast SEO plugin. -->","yoast_head_json":{"title":"Fluviul Dun\u0103rea - wild travel in Delta Dunarii","description":"Dunarea, al doilea fluviu ca marime din Europa, dupa Volga, izvoraste de sub varful Kandel (1241 m), din Muntii Padurea Neagra","robots":{"index":"index","follow":"follow","max-snippet":"max-snippet:-1","max-image-preview":"max-image-preview:large","max-video-preview":"max-video-preview:-1"},"canonical":"https:\/\/wildtravel.ro\/ro\/fluviul-dunarea\/","og_locale":"ro_RO","og_type":"article","og_title":"Fluviul Dun\u0103rea - wild travel in Delta Dunarii","og_description":"Dunarea, al doilea fluviu ca marime din Europa, dupa Volga, izvoraste de sub varful Kandel (1241 m), din Muntii Padurea Neagra","og_url":"https:\/\/wildtravel.ro\/ro\/fluviul-dunarea\/","og_site_name":"wild travel in Delta Dunarii","article_publisher":"https:\/\/www.facebook.com\/wildtravel.ro\/","article_modified_time":"2023-01-23T21:05:22+00:00","og_image":[{"url":"https:\/\/wildtravel.ro\/wp-content\/uploads\/2012\/03\/aaaaaccccc.jpg","width":1,"height":1,"type":"image\/jpeg"}],"twitter_card":"summary_large_image","twitter_misc":{"Timp estimat pentru citire":"5 minute"},"schema":{"@context":"https:\/\/schema.org","@graph":[{"@type":"WebPage","@id":"https:\/\/wildtravel.ro\/ro\/fluviul-dunarea\/","url":"https:\/\/wildtravel.ro\/ro\/fluviul-dunarea\/","name":"Fluviul Dun\u0103rea - wild travel in Delta Dunarii","isPartOf":{"@id":"https:\/\/wildtravel.ro\/#website"},"primaryImageOfPage":{"@id":"https:\/\/wildtravel.ro\/ro\/fluviul-dunarea\/#primaryimage"},"image":{"@id":"https:\/\/wildtravel.ro\/ro\/fluviul-dunarea\/#primaryimage"},"thumbnailUrl":"https:\/\/wildtravel.ro\/wp-content\/uploads\/2012\/03\/aaaaaccccc.jpg","datePublished":"2012-03-28T05:32:25+00:00","dateModified":"2023-01-23T21:05:22+00:00","description":"Dunarea, al doilea fluviu ca marime din Europa, dupa Volga, izvoraste de sub varful Kandel (1241 m), din Muntii Padurea Neagra","breadcrumb":{"@id":"https:\/\/wildtravel.ro\/ro\/fluviul-dunarea\/#breadcrumb"},"inLanguage":"ro-RO","potentialAction":[{"@type":"ReadAction","target":["https:\/\/wildtravel.ro\/ro\/fluviul-dunarea\/"]}]},{"@type":"ImageObject","inLanguage":"ro-RO","@id":"https:\/\/wildtravel.ro\/ro\/fluviul-dunarea\/#primaryimage","url":"https:\/\/wildtravel.ro\/wp-content\/uploads\/2012\/03\/aaaaaccccc.jpg","contentUrl":"https:\/\/wildtravel.ro\/wp-content\/uploads\/2012\/03\/aaaaaccccc.jpg","caption":"barca"},{"@type":"BreadcrumbList","@id":"https:\/\/wildtravel.ro\/ro\/fluviul-dunarea\/#breadcrumb","itemListElement":[{"@type":"ListItem","position":1,"name":"Home","item":"https:\/\/wildtravel.ro\/ro\/"},{"@type":"ListItem","position":2,"name":"Fluviul Dun\u0103rea"}]},{"@type":"WebSite","@id":"https:\/\/wildtravel.ro\/#website","url":"https:\/\/wildtravel.ro\/","name":"wild travel in Delta Dunarii","description":"My WordPress Blog","publisher":{"@id":"https:\/\/wildtravel.ro\/#organization"},"potentialAction":[{"@type":"SearchAction","target":{"@type":"EntryPoint","urlTemplate":"https:\/\/wildtravel.ro\/?s={search_term_string}"},"query-input":{"@type":"PropertyValueSpecification","valueRequired":true,"valueName":"search_term_string"}}],"inLanguage":"ro-RO"},{"@type":"Organization","@id":"https:\/\/wildtravel.ro\/#organization","name":"Wild travel","url":"https:\/\/wildtravel.ro\/","logo":{"@type":"ImageObject","inLanguage":"ro-RO","@id":"https:\/\/wildtravel.ro\/#\/schema\/logo\/image\/","url":"http:\/\/wildtravel.ro\/wp-content\/uploads\/2023\/01\/logo-125.png","contentUrl":"http:\/\/wildtravel.ro\/wp-content\/uploads\/2023\/01\/logo-125.png","width":357,"height":125,"caption":"Wild travel"},"image":{"@id":"https:\/\/wildtravel.ro\/#\/schema\/logo\/image\/"},"sameAs":["https:\/\/www.facebook.com\/wildtravel.ro\/"]}]}},"_links":{"self":[{"href":"https:\/\/wildtravel.ro\/ro\/wp-json\/wp\/v2\/pages\/117","targetHints":{"allow":["GET"]}}],"collection":[{"href":"https:\/\/wildtravel.ro\/ro\/wp-json\/wp\/v2\/pages"}],"about":[{"href":"https:\/\/wildtravel.ro\/ro\/wp-json\/wp\/v2\/types\/page"}],"author":[{"embeddable":true,"href":"https:\/\/wildtravel.ro\/ro\/wp-json\/wp\/v2\/users\/3"}],"replies":[{"embeddable":true,"href":"https:\/\/wildtravel.ro\/ro\/wp-json\/wp\/v2\/comments?post=117"}],"version-history":[{"count":0,"href":"https:\/\/wildtravel.ro\/ro\/wp-json\/wp\/v2\/pages\/117\/revisions"}],"wp:featuredmedia":[{"embeddable":true,"href":"https:\/\/wildtravel.ro\/ro\/wp-json\/wp\/v2\/media\/118"}],"wp:attachment":[{"href":"https:\/\/wildtravel.ro\/ro\/wp-json\/wp\/v2\/media?parent=117"}],"curies":[{"name":"wp","href":"https:\/\/api.w.org\/{rel}","templated":true}]}}