{"id":87,"date":"2012-03-10T20:18:19","date_gmt":"2012-03-10T18:18:19","guid":{"rendered":"http:\/\/wildtravel.ro\/presentation-d-eco-chettusia\/"},"modified":"2023-08-08T11:57:04","modified_gmt":"2023-08-08T09:57:04","slug":"presentation","status":"publish","type":"page","link":"https:\/\/wildtravel.ro\/fr\/presentation\/","title":{"rendered":"Presentation de WILD TRAVEL TOURS"},"content":{"rendered":"<p>Wild Travel \u00a0Roumanie est une entreprise roumaine qui promeut l&rsquo;\u00e9cotourisme dans le Delta du Danube.<\/p>\n<p>Fond\u00e9e par l&rsquo;ornithologue Mihai Baciu, la soci\u00e9t\u00e9 organise des circuits dans le Delta du Danube, bas\u00e9s sur l&rsquo;observation des oiseaux, la photographie animali\u00e8re ou simplement la d\u00e9tente dans la nature, avec ses propres bateaux ou en location. <img fetchpriority=\"high\" decoding=\"async\" class=\"alignleft wp-image-20315 \" src=\"http:\/\/wildtravel.ro\/wp-content\/uploads\/2023\/01\/eee-scaled.jpg\" alt=\"\" width=\"430\" height=\"285\" srcset=\"https:\/\/wildtravel.ro\/wp-content\/uploads\/2023\/01\/eee-scaled.jpg 2560w, https:\/\/wildtravel.ro\/wp-content\/uploads\/2023\/01\/eee-300x199.jpg 300w, https:\/\/wildtravel.ro\/wp-content\/uploads\/2023\/01\/eee-1024x678.jpg 1024w, https:\/\/wildtravel.ro\/wp-content\/uploads\/2023\/01\/eee-768x509.jpg 768w, https:\/\/wildtravel.ro\/wp-content\/uploads\/2023\/01\/eee-1536x1017.jpg 1536w, https:\/\/wildtravel.ro\/wp-content\/uploads\/2023\/01\/eee-2048x1356.jpg 2048w\" sizes=\"(max-width: 430px) 100vw, 430px\" \/><img decoding=\"async\" class=\"alignright wp-image-20316 \" src=\"http:\/\/wildtravel.ro\/wp-content\/uploads\/2023\/01\/eu2-scaled.jpg\" alt=\"\" width=\"400\" height=\"265\" srcset=\"https:\/\/wildtravel.ro\/wp-content\/uploads\/2023\/01\/eu2-scaled.jpg 2560w, https:\/\/wildtravel.ro\/wp-content\/uploads\/2023\/01\/eu2-300x199.jpg 300w, https:\/\/wildtravel.ro\/wp-content\/uploads\/2023\/01\/eu2-1024x678.jpg 1024w, https:\/\/wildtravel.ro\/wp-content\/uploads\/2023\/01\/eu2-768x509.jpg 768w, https:\/\/wildtravel.ro\/wp-content\/uploads\/2023\/01\/eu2-1536x1017.jpg 1536w, https:\/\/wildtravel.ro\/wp-content\/uploads\/2023\/01\/eu2-2048x1356.jpg 2048w\" sizes=\"(max-width: 400px) 100vw, 400px\" \/><\/p>\n<p>Mihai BACIU est le directeur de l&rsquo;entreprise et le guide principal. Il est photographe de nature, ornithologue et \u00e9crivain, ayant publi\u00e9 4 livres sur les oiseaux du Delta du Danube et ses environs, avec les photographies qu&rsquo;il a prises au fil des ans.<\/p>\n<p>Il \u00e9tait garde naturaliste pour la R\u00e9serve de Biosph\u00e8re du Delta du Danube, o\u00f9 il a acquis sa passion pour l&rsquo;observation des oiseaux et le guidage des touristes.<\/p>\n<p>En 1996 il fait une \u00e9cole de tourisme ornithologique dans le parc ornitologique du Marquenterre en Picardie, France.<\/p>\n<p>Les livres sont \u00e9crits en roumain et traduits en italien, anglais, fran\u00e7ais et allemand. Dans les pages des livres, il y a plus de 300 esp\u00e8ces d&rsquo;oiseaux qui peuvent \u00e9galement \u00eatre vues dans les visites organis\u00e9es par l&rsquo;entreprise.<\/p>\n<p>Mihai est \u00e9galement le capitaine du navire principal de la compagnie appel\u00e9 \u00ab\u00a0CODRUTZ\u00a0\u00bb.Il parle fran\u00e7ais, italien et anglais.<\/p>\n<p>===============================================================================================================<\/p>\n<p>Valentina est l&rsquo;\u00e9pouse de Mihai et est la cuisini\u00e8re du navire \u00ab\u00a0CODRUTZ\u00a0\u00bb, le bateau principal de la compagnie.<\/p>\n<p><img decoding=\"async\" class=\"wp-image-20318 alignright\" src=\"http:\/\/wildtravel.ro\/wp-content\/uploads\/2023\/01\/val.-1-225x300.jpg\" alt=\"\" width=\"242\" height=\"323\" srcset=\"https:\/\/wildtravel.ro\/wp-content\/uploads\/2023\/01\/val.-1-225x300.jpg 225w, https:\/\/wildtravel.ro\/wp-content\/uploads\/2023\/01\/val.-1-768x1024.jpg 768w, https:\/\/wildtravel.ro\/wp-content\/uploads\/2023\/01\/val.-1-1152x1536.jpg 1152w, https:\/\/wildtravel.ro\/wp-content\/uploads\/2023\/01\/val.-1.jpg 1536w\" sizes=\"(max-width: 242px) 100vw, 242px\" \/><\/p>\n<p><img loading=\"lazy\" decoding=\"async\" class=\"wp-image-20327 alignleft\" src=\"http:\/\/wildtravel.ro\/wp-content\/uploads\/2023\/01\/oper-293x300.jpg\" alt=\"\" width=\"298\" height=\"306\" srcset=\"https:\/\/wildtravel.ro\/wp-content\/uploads\/2023\/01\/oper-293x300.jpg 293w, https:\/\/wildtravel.ro\/wp-content\/uploads\/2023\/01\/oper-1000x1024.jpg 1000w, https:\/\/wildtravel.ro\/wp-content\/uploads\/2023\/01\/oper-768x786.jpg 768w, https:\/\/wildtravel.ro\/wp-content\/uploads\/2023\/01\/oper.jpg 1136w\" sizes=\"(max-width: 298px) 100vw, 298px\" \/><\/p>\n<p>Valentina est une cuisini\u00e8re passionn\u00e9e, ancienne participante \u00e0 l&rsquo;\u00e9mission roumaine \u00ab\u00a0Master Chef\u00a0\u00bb, mais elle a une tr\u00e8s bonne connaissance de delta, \u00e9tant originaire de la communaut\u00e9 russe Lipovens, qui forme la majorit\u00e9 des habitants du delta.<\/p>\n<p>Elle a une grande exp\u00e9rience des voyages, elle a escalad\u00e9 l&rsquo;Everest (pas au sommet&#8230;), elle a visit\u00e9 presque toute l&rsquo;Afrique et l&rsquo;Asie..<\/p>\n<p>Elle parle anglais, russe et italien, comprend bien le fran\u00e7ais<\/p>\n","protected":false},"excerpt":{"rendered":"<p>Wild Travel \u00a0Roumanie est une entreprise roumaine qui promeut l&rsquo;\u00e9cotourisme dans le Delta du Danube. Fond\u00e9e par l&rsquo;ornithologue Mihai Baciu, la soci\u00e9t\u00e9 organise des circuits dans le Delta du Danube, bas\u00e9s sur l&rsquo;observation des oiseaux, la photographie animali\u00e8re ou simplement la d\u00e9tente dans la nature, avec ses propres bateaux ou en location. Mihai BACIU est [&hellip;]<\/p>\n","protected":false},"author":3,"featured_media":20321,"parent":0,"menu_order":0,"comment_status":"closed","ping_status":"closed","template":"","meta":{"_acf_changed":false,"footnotes":""},"class_list":["post-87","page","type-page","status-publish","has-post-thumbnail","hentry"],"acf":[],"yoast_head":"<!-- This site is optimized with the Yoast SEO plugin v27.3 - https:\/\/yoast.com\/product\/yoast-seo-wordpress\/ -->\n<title>Presentation de WILD TRAVEL TOURS - Voyage sauvage dans le delta du Danube<\/title>\n<meta name=\"description\" content=\"Wild Travel \u00a0Roumanie est une entreprise roumaine qui promeut l&#039;\u00e9cotourisme dans le Delta du Danube. Oiseaux\" \/>\n<meta name=\"robots\" content=\"index, follow, max-snippet:-1, max-image-preview:large, max-video-preview:-1\" \/>\n<link rel=\"canonical\" href=\"https:\/\/wildtravel.ro\/fr\/presentation\/\" \/>\n<meta property=\"og:locale\" content=\"fr_FR\" \/>\n<meta property=\"og:type\" content=\"article\" \/>\n<meta property=\"og:title\" content=\"Presentation de WILD TRAVEL TOURS - Voyage sauvage dans le delta du Danube\" \/>\n<meta property=\"og:description\" content=\"Wild Travel \u00a0Roumanie est une entreprise roumaine qui promeut l&#039;\u00e9cotourisme dans le Delta du Danube. Oiseaux\" \/>\n<meta property=\"og:url\" content=\"https:\/\/wildtravel.ro\/fr\/presentation\/\" \/>\n<meta property=\"og:site_name\" content=\"Voyage sauvage dans le delta du Danube\" \/>\n<meta property=\"article:publisher\" content=\"https:\/\/www.facebook.com\/wildtravel.ro\/\" \/>\n<meta property=\"article:modified_time\" content=\"2023-08-08T09:57:04+00:00\" \/>\n<meta property=\"og:image\" content=\"https:\/\/wildtravel.ro\/wp-content\/uploads\/2023\/01\/filme-1.jpg\" \/>\n\t<meta property=\"og:image:width\" content=\"2048\" \/>\n\t<meta property=\"og:image:height\" content=\"1800\" \/>\n\t<meta property=\"og:image:type\" content=\"image\/jpeg\" \/>\n<meta name=\"twitter:card\" content=\"summary_large_image\" \/>\n<meta name=\"twitter:label1\" content=\"Dur\u00e9e de lecture estim\u00e9e\" \/>\n\t<meta name=\"twitter:data1\" content=\"3 minutes\" \/>\n<script type=\"application\/ld+json\" class=\"yoast-schema-graph\">{\"@context\":\"https:\\\/\\\/schema.org\",\"@graph\":[{\"@type\":\"WebPage\",\"@id\":\"https:\\\/\\\/wildtravel.ro\\\/fr\\\/presentation\\\/\",\"url\":\"https:\\\/\\\/wildtravel.ro\\\/fr\\\/presentation\\\/\",\"name\":\"Presentation de WILD TRAVEL TOURS - Voyage sauvage dans le delta du Danube\",\"isPartOf\":{\"@id\":\"https:\\\/\\\/wildtravel.ro\\\/#website\"},\"primaryImageOfPage\":{\"@id\":\"https:\\\/\\\/wildtravel.ro\\\/fr\\\/presentation\\\/#primaryimage\"},\"image\":{\"@id\":\"https:\\\/\\\/wildtravel.ro\\\/fr\\\/presentation\\\/#primaryimage\"},\"thumbnailUrl\":\"https:\\\/\\\/wildtravel.ro\\\/wp-content\\\/uploads\\\/2023\\\/01\\\/filme-1.jpg\",\"datePublished\":\"2012-03-10T18:18:19+00:00\",\"dateModified\":\"2023-08-08T09:57:04+00:00\",\"description\":\"Wild Travel \u00a0Roumanie est une entreprise roumaine qui promeut l'\u00e9cotourisme dans le Delta du Danube. Oiseaux\",\"breadcrumb\":{\"@id\":\"https:\\\/\\\/wildtravel.ro\\\/fr\\\/presentation\\\/#breadcrumb\"},\"inLanguage\":\"fr-FR\",\"potentialAction\":[{\"@type\":\"ReadAction\",\"target\":[\"https:\\\/\\\/wildtravel.ro\\\/fr\\\/presentation\\\/\"]}]},{\"@type\":\"ImageObject\",\"inLanguage\":\"fr-FR\",\"@id\":\"https:\\\/\\\/wildtravel.ro\\\/fr\\\/presentation\\\/#primaryimage\",\"url\":\"https:\\\/\\\/wildtravel.ro\\\/wp-content\\\/uploads\\\/2023\\\/01\\\/filme-1.jpg\",\"contentUrl\":\"https:\\\/\\\/wildtravel.ro\\\/wp-content\\\/uploads\\\/2023\\\/01\\\/filme-1.jpg\",\"width\":2048,\"height\":1800,\"caption\":\"mihai\"},{\"@type\":\"BreadcrumbList\",\"@id\":\"https:\\\/\\\/wildtravel.ro\\\/fr\\\/presentation\\\/#breadcrumb\",\"itemListElement\":[{\"@type\":\"ListItem\",\"position\":1,\"name\":\"Home\",\"item\":\"https:\\\/\\\/wildtravel.ro\\\/fr\\\/\"},{\"@type\":\"ListItem\",\"position\":2,\"name\":\"Presentation de WILD TRAVEL TOURS\"}]},{\"@type\":\"WebSite\",\"@id\":\"https:\\\/\\\/wildtravel.ro\\\/#website\",\"url\":\"https:\\\/\\\/wildtravel.ro\\\/\",\"name\":\"Voyage sauvage dans le delta du Danube\",\"description\":\"Wild about wild\",\"publisher\":{\"@id\":\"https:\\\/\\\/wildtravel.ro\\\/#organization\"},\"potentialAction\":[{\"@type\":\"SearchAction\",\"target\":{\"@type\":\"EntryPoint\",\"urlTemplate\":\"https:\\\/\\\/wildtravel.ro\\\/?s={search_term_string}\"},\"query-input\":{\"@type\":\"PropertyValueSpecification\",\"valueRequired\":true,\"valueName\":\"search_term_string\"}}],\"inLanguage\":\"fr-FR\"},{\"@type\":\"Organization\",\"@id\":\"https:\\\/\\\/wildtravel.ro\\\/#organization\",\"name\":\"Wild travel\",\"url\":\"https:\\\/\\\/wildtravel.ro\\\/\",\"logo\":{\"@type\":\"ImageObject\",\"inLanguage\":\"fr-FR\",\"@id\":\"https:\\\/\\\/wildtravel.ro\\\/#\\\/schema\\\/logo\\\/image\\\/\",\"url\":\"http:\\\/\\\/wildtravel.ro\\\/wp-content\\\/uploads\\\/2023\\\/01\\\/logo-125.png\",\"contentUrl\":\"http:\\\/\\\/wildtravel.ro\\\/wp-content\\\/uploads\\\/2023\\\/01\\\/logo-125.png\",\"width\":357,\"height\":125,\"caption\":\"Wild travel\"},\"image\":{\"@id\":\"https:\\\/\\\/wildtravel.ro\\\/#\\\/schema\\\/logo\\\/image\\\/\"},\"sameAs\":[\"https:\\\/\\\/www.facebook.com\\\/wildtravel.ro\\\/\"]}]}<\/script>\n<!-- \/ Yoast SEO plugin. -->","yoast_head_json":{"title":"Presentation de WILD TRAVEL TOURS - Voyage sauvage dans le delta du Danube","description":"Wild Travel \u00a0Roumanie est une entreprise roumaine qui promeut l'\u00e9cotourisme dans le Delta du Danube. Oiseaux","robots":{"index":"index","follow":"follow","max-snippet":"max-snippet:-1","max-image-preview":"max-image-preview:large","max-video-preview":"max-video-preview:-1"},"canonical":"https:\/\/wildtravel.ro\/fr\/presentation\/","og_locale":"fr_FR","og_type":"article","og_title":"Presentation de WILD TRAVEL TOURS - Voyage sauvage dans le delta du Danube","og_description":"Wild Travel \u00a0Roumanie est une entreprise roumaine qui promeut l'\u00e9cotourisme dans le Delta du Danube. Oiseaux","og_url":"https:\/\/wildtravel.ro\/fr\/presentation\/","og_site_name":"Voyage sauvage dans le delta du Danube","article_publisher":"https:\/\/www.facebook.com\/wildtravel.ro\/","article_modified_time":"2023-08-08T09:57:04+00:00","og_image":[{"width":2048,"height":1800,"url":"https:\/\/wildtravel.ro\/wp-content\/uploads\/2023\/01\/filme-1.jpg","type":"image\/jpeg"}],"twitter_card":"summary_large_image","twitter_misc":{"Dur\u00e9e de lecture estim\u00e9e":"3 minutes"},"schema":{"@context":"https:\/\/schema.org","@graph":[{"@type":"WebPage","@id":"https:\/\/wildtravel.ro\/fr\/presentation\/","url":"https:\/\/wildtravel.ro\/fr\/presentation\/","name":"Presentation de WILD TRAVEL TOURS - Voyage sauvage dans le delta du Danube","isPartOf":{"@id":"https:\/\/wildtravel.ro\/#website"},"primaryImageOfPage":{"@id":"https:\/\/wildtravel.ro\/fr\/presentation\/#primaryimage"},"image":{"@id":"https:\/\/wildtravel.ro\/fr\/presentation\/#primaryimage"},"thumbnailUrl":"https:\/\/wildtravel.ro\/wp-content\/uploads\/2023\/01\/filme-1.jpg","datePublished":"2012-03-10T18:18:19+00:00","dateModified":"2023-08-08T09:57:04+00:00","description":"Wild Travel \u00a0Roumanie est une entreprise roumaine qui promeut l'\u00e9cotourisme dans le Delta du Danube. Oiseaux","breadcrumb":{"@id":"https:\/\/wildtravel.ro\/fr\/presentation\/#breadcrumb"},"inLanguage":"fr-FR","potentialAction":[{"@type":"ReadAction","target":["https:\/\/wildtravel.ro\/fr\/presentation\/"]}]},{"@type":"ImageObject","inLanguage":"fr-FR","@id":"https:\/\/wildtravel.ro\/fr\/presentation\/#primaryimage","url":"https:\/\/wildtravel.ro\/wp-content\/uploads\/2023\/01\/filme-1.jpg","contentUrl":"https:\/\/wildtravel.ro\/wp-content\/uploads\/2023\/01\/filme-1.jpg","width":2048,"height":1800,"caption":"mihai"},{"@type":"BreadcrumbList","@id":"https:\/\/wildtravel.ro\/fr\/presentation\/#breadcrumb","itemListElement":[{"@type":"ListItem","position":1,"name":"Home","item":"https:\/\/wildtravel.ro\/fr\/"},{"@type":"ListItem","position":2,"name":"Presentation de WILD TRAVEL TOURS"}]},{"@type":"WebSite","@id":"https:\/\/wildtravel.ro\/#website","url":"https:\/\/wildtravel.ro\/","name":"Voyage sauvage dans le delta du Danube","description":"Wild about wild","publisher":{"@id":"https:\/\/wildtravel.ro\/#organization"},"potentialAction":[{"@type":"SearchAction","target":{"@type":"EntryPoint","urlTemplate":"https:\/\/wildtravel.ro\/?s={search_term_string}"},"query-input":{"@type":"PropertyValueSpecification","valueRequired":true,"valueName":"search_term_string"}}],"inLanguage":"fr-FR"},{"@type":"Organization","@id":"https:\/\/wildtravel.ro\/#organization","name":"Wild travel","url":"https:\/\/wildtravel.ro\/","logo":{"@type":"ImageObject","inLanguage":"fr-FR","@id":"https:\/\/wildtravel.ro\/#\/schema\/logo\/image\/","url":"http:\/\/wildtravel.ro\/wp-content\/uploads\/2023\/01\/logo-125.png","contentUrl":"http:\/\/wildtravel.ro\/wp-content\/uploads\/2023\/01\/logo-125.png","width":357,"height":125,"caption":"Wild travel"},"image":{"@id":"https:\/\/wildtravel.ro\/#\/schema\/logo\/image\/"},"sameAs":["https:\/\/www.facebook.com\/wildtravel.ro\/"]}]}},"_links":{"self":[{"href":"https:\/\/wildtravel.ro\/fr\/wp-json\/wp\/v2\/pages\/87","targetHints":{"allow":["GET"]}}],"collection":[{"href":"https:\/\/wildtravel.ro\/fr\/wp-json\/wp\/v2\/pages"}],"about":[{"href":"https:\/\/wildtravel.ro\/fr\/wp-json\/wp\/v2\/types\/page"}],"author":[{"embeddable":true,"href":"https:\/\/wildtravel.ro\/fr\/wp-json\/wp\/v2\/users\/3"}],"replies":[{"embeddable":true,"href":"https:\/\/wildtravel.ro\/fr\/wp-json\/wp\/v2\/comments?post=87"}],"version-history":[{"count":0,"href":"https:\/\/wildtravel.ro\/fr\/wp-json\/wp\/v2\/pages\/87\/revisions"}],"wp:featuredmedia":[{"embeddable":true,"href":"https:\/\/wildtravel.ro\/fr\/wp-json\/wp\/v2\/media\/20321"}],"wp:attachment":[{"href":"https:\/\/wildtravel.ro\/fr\/wp-json\/wp\/v2\/media?parent=87"}],"curies":[{"name":"wp","href":"https:\/\/api.w.org\/{rel}","templated":true}]}}