{"id":28,"date":"2012-03-10T18:04:30","date_gmt":"2012-03-10T16:04:30","guid":{"rendered":"http:\/\/wildtravel.ro\/delta-du-danube\/"},"modified":"2023-01-26T08:43:54","modified_gmt":"2023-01-26T06:43:54","slug":"delta-du-danube","status":"publish","type":"page","link":"https:\/\/wildtravel.ro\/fr\/delta-du-danube\/","title":{"rendered":"Delta du Danube"},"content":{"rendered":"<p>Amoureux de la nature et du calme peuvent trouver refuge ici, en se cachant dans l\u2019 enchev\u00eatrement de lacs et de canaux qui est une porte vers un monde de r\u00eave encore pr\u00e9serv\u00e9 de l&rsquo;intervention destructrice humaine. Avec une superficie d&rsquo;environ 5050 kilom\u00e8tres carr\u00e9s, le Delta du Danube occupe le deuxi\u00e8me rang en Europe apr\u00e8s la delta de la Volga, form\u00e9 il y a 10.000 ans, l\u00e0 o\u00f9 le Danube se jette dans la mer Noire. Le Danube qui vient d&rsquo;Allemagne, des montagnes de la For\u00eat Noire traverse le territoire d&rsquo;une dizaine de pays et apr\u00e8s un voyage de 2860 km trouve le repos en se versant lentement \u00e0 travers trois branches principales dans la mer Noire (Chilia, Sulina, Sf. Gheorghe). L&rsquo;ensemble du territoire a \u00e9t\u00e9 d\u00e9clar\u00e9 R\u00e9serve de la biosph\u00e8re en 1990, inclus dans le patrimoine mondial et est administr\u00e9 par une institution bas\u00e9e \u00e0 Tulcea (Port St. n \u00b0 34 A), dirig\u00e9e par un gouverneur. L&rsquo;objectif principal de la ARBDD est avant tout de pr\u00e9server et de prot\u00e9ger l\u2019immense patrimoine naturel existant dans ce paradis terrestre. Une autre pr\u00e9occupation de grande importance est la restauration \u00e9cologique des zones d\u00e9grad\u00e9es par l&rsquo;impact des activit\u00e9s humaines, en particulier durant la p\u00e9riode communiste.<\/p>\n","protected":false},"excerpt":{"rendered":"<p>Amoureux de la nature et du calme peuvent trouver refuge ici, en se cachant dans l\u2019 enchev\u00eatrement de lacs et de canaux qui est une porte vers un monde de r\u00eave encore pr\u00e9serv\u00e9 de l&rsquo;intervention destructrice humaine. Avec une superficie d&rsquo;environ 5050 kilom\u00e8tres carr\u00e9s, le Delta du Danube occupe le deuxi\u00e8me rang en Europe apr\u00e8s [&hellip;]<\/p>\n","protected":false},"author":3,"featured_media":23,"parent":0,"menu_order":0,"comment_status":"closed","ping_status":"closed","template":"elementor_header_footer","meta":{"_acf_changed":false,"footnotes":""},"class_list":["post-28","page","type-page","status-publish","has-post-thumbnail","hentry"],"acf":[],"yoast_head":"<!-- This site is optimized with the Yoast SEO plugin v27.5 - https:\/\/yoast.com\/product\/yoast-seo-wordpress\/ -->\n<title>Delta du Danube - Voyage sauvage dans le delta du Danube<\/title>\n<meta name=\"robots\" content=\"index, follow, max-snippet:-1, max-image-preview:large, max-video-preview:-1\" \/>\n<link rel=\"canonical\" href=\"https:\/\/wildtravel.ro\/fr\/delta-du-danube\/\" \/>\n<meta property=\"og:locale\" content=\"fr_FR\" \/>\n<meta property=\"og:type\" content=\"article\" \/>\n<meta property=\"og:title\" content=\"Delta du Danube - Voyage sauvage dans le delta du Danube\" \/>\n<meta property=\"og:description\" content=\"Amoureux de la nature et du calme peuvent trouver refuge ici, en se cachant dans l\u2019 enchev\u00eatrement de lacs et de canaux qui est une porte vers un monde de r\u00eave encore pr\u00e9serv\u00e9 de l&rsquo;intervention destructrice humaine. Avec une superficie d&rsquo;environ 5050 kilom\u00e8tres carr\u00e9s, le Delta du Danube occupe le deuxi\u00e8me rang en Europe apr\u00e8s [&hellip;]\" \/>\n<meta property=\"og:url\" content=\"https:\/\/wildtravel.ro\/fr\/delta-du-danube\/\" \/>\n<meta property=\"og:site_name\" content=\"Voyage sauvage dans le delta du Danube\" \/>\n<meta property=\"article:publisher\" content=\"https:\/\/www.facebook.com\/wildtravel.ro\/\" \/>\n<meta property=\"article:modified_time\" content=\"2023-01-26T06:43:54+00:00\" \/>\n<meta property=\"og:image\" content=\"https:\/\/wildtravel.ro\/wp-content\/uploads\/2012\/03\/dcr.jpg\" \/>\n\t<meta property=\"og:image:width\" content=\"1\" \/>\n\t<meta property=\"og:image:height\" content=\"1\" \/>\n\t<meta property=\"og:image:type\" content=\"image\/jpeg\" \/>\n<meta name=\"twitter:card\" content=\"summary_large_image\" \/>\n<meta name=\"twitter:label1\" content=\"Dur\u00e9e de lecture estim\u00e9e\" \/>\n\t<meta name=\"twitter:data1\" content=\"1 minute\" \/>\n<script type=\"application\/ld+json\" class=\"yoast-schema-graph\">{\"@context\":\"https:\\\/\\\/schema.org\",\"@graph\":[{\"@type\":\"WebPage\",\"@id\":\"https:\\\/\\\/wildtravel.ro\\\/fr\\\/delta-du-danube\\\/\",\"url\":\"https:\\\/\\\/wildtravel.ro\\\/fr\\\/delta-du-danube\\\/\",\"name\":\"Delta du Danube - Voyage sauvage dans le delta du Danube\",\"isPartOf\":{\"@id\":\"https:\\\/\\\/wildtravel.ro\\\/#website\"},\"primaryImageOfPage\":{\"@id\":\"https:\\\/\\\/wildtravel.ro\\\/fr\\\/delta-du-danube\\\/#primaryimage\"},\"image\":{\"@id\":\"https:\\\/\\\/wildtravel.ro\\\/fr\\\/delta-du-danube\\\/#primaryimage\"},\"thumbnailUrl\":\"https:\\\/\\\/wildtravel.ro\\\/wp-content\\\/uploads\\\/2012\\\/03\\\/dcr.jpg\",\"datePublished\":\"2012-03-10T16:04:30+00:00\",\"dateModified\":\"2023-01-26T06:43:54+00:00\",\"breadcrumb\":{\"@id\":\"https:\\\/\\\/wildtravel.ro\\\/fr\\\/delta-du-danube\\\/#breadcrumb\"},\"inLanguage\":\"fr-FR\",\"potentialAction\":[{\"@type\":\"ReadAction\",\"target\":[\"https:\\\/\\\/wildtravel.ro\\\/fr\\\/delta-du-danube\\\/\"]}]},{\"@type\":\"ImageObject\",\"inLanguage\":\"fr-FR\",\"@id\":\"https:\\\/\\\/wildtravel.ro\\\/fr\\\/delta-du-danube\\\/#primaryimage\",\"url\":\"https:\\\/\\\/wildtravel.ro\\\/wp-content\\\/uploads\\\/2012\\\/03\\\/dcr.jpg\",\"contentUrl\":\"https:\\\/\\\/wildtravel.ro\\\/wp-content\\\/uploads\\\/2012\\\/03\\\/dcr.jpg\",\"caption\":\"pelican alb\"},{\"@type\":\"BreadcrumbList\",\"@id\":\"https:\\\/\\\/wildtravel.ro\\\/fr\\\/delta-du-danube\\\/#breadcrumb\",\"itemListElement\":[{\"@type\":\"ListItem\",\"position\":1,\"name\":\"Home\",\"item\":\"https:\\\/\\\/wildtravel.ro\\\/fr\\\/\"},{\"@type\":\"ListItem\",\"position\":2,\"name\":\"Delta du Danube\"}]},{\"@type\":\"WebSite\",\"@id\":\"https:\\\/\\\/wildtravel.ro\\\/#website\",\"url\":\"https:\\\/\\\/wildtravel.ro\\\/\",\"name\":\"Voyage sauvage dans le delta du Danube\",\"description\":\"Wild about wild\",\"publisher\":{\"@id\":\"https:\\\/\\\/wildtravel.ro\\\/#organization\"},\"potentialAction\":[{\"@type\":\"SearchAction\",\"target\":{\"@type\":\"EntryPoint\",\"urlTemplate\":\"https:\\\/\\\/wildtravel.ro\\\/?s={search_term_string}\"},\"query-input\":{\"@type\":\"PropertyValueSpecification\",\"valueRequired\":true,\"valueName\":\"search_term_string\"}}],\"inLanguage\":\"fr-FR\"},{\"@type\":\"Organization\",\"@id\":\"https:\\\/\\\/wildtravel.ro\\\/#organization\",\"name\":\"Wild travel\",\"url\":\"https:\\\/\\\/wildtravel.ro\\\/\",\"logo\":{\"@type\":\"ImageObject\",\"inLanguage\":\"fr-FR\",\"@id\":\"https:\\\/\\\/wildtravel.ro\\\/#\\\/schema\\\/logo\\\/image\\\/\",\"url\":\"http:\\\/\\\/wildtravel.ro\\\/wp-content\\\/uploads\\\/2023\\\/01\\\/logo-125.png\",\"contentUrl\":\"http:\\\/\\\/wildtravel.ro\\\/wp-content\\\/uploads\\\/2023\\\/01\\\/logo-125.png\",\"width\":357,\"height\":125,\"caption\":\"Wild travel\"},\"image\":{\"@id\":\"https:\\\/\\\/wildtravel.ro\\\/#\\\/schema\\\/logo\\\/image\\\/\"},\"sameAs\":[\"https:\\\/\\\/www.facebook.com\\\/wildtravel.ro\\\/\"]}]}<\/script>\n<!-- \/ Yoast SEO plugin. -->","yoast_head_json":{"title":"Delta du Danube - Voyage sauvage dans le delta du Danube","robots":{"index":"index","follow":"follow","max-snippet":"max-snippet:-1","max-image-preview":"max-image-preview:large","max-video-preview":"max-video-preview:-1"},"canonical":"https:\/\/wildtravel.ro\/fr\/delta-du-danube\/","og_locale":"fr_FR","og_type":"article","og_title":"Delta du Danube - Voyage sauvage dans le delta du Danube","og_description":"Amoureux de la nature et du calme peuvent trouver refuge ici, en se cachant dans l\u2019 enchev\u00eatrement de lacs et de canaux qui est une porte vers un monde de r\u00eave encore pr\u00e9serv\u00e9 de l&rsquo;intervention destructrice humaine. Avec une superficie d&rsquo;environ 5050 kilom\u00e8tres carr\u00e9s, le Delta du Danube occupe le deuxi\u00e8me rang en Europe apr\u00e8s [&hellip;]","og_url":"https:\/\/wildtravel.ro\/fr\/delta-du-danube\/","og_site_name":"Voyage sauvage dans le delta du Danube","article_publisher":"https:\/\/www.facebook.com\/wildtravel.ro\/","article_modified_time":"2023-01-26T06:43:54+00:00","og_image":[{"url":"https:\/\/wildtravel.ro\/wp-content\/uploads\/2012\/03\/dcr.jpg","width":1,"height":1,"type":"image\/jpeg"}],"twitter_card":"summary_large_image","twitter_misc":{"Dur\u00e9e de lecture estim\u00e9e":"1 minute"},"schema":{"@context":"https:\/\/schema.org","@graph":[{"@type":"WebPage","@id":"https:\/\/wildtravel.ro\/fr\/delta-du-danube\/","url":"https:\/\/wildtravel.ro\/fr\/delta-du-danube\/","name":"Delta du Danube - Voyage sauvage dans le delta du Danube","isPartOf":{"@id":"https:\/\/wildtravel.ro\/#website"},"primaryImageOfPage":{"@id":"https:\/\/wildtravel.ro\/fr\/delta-du-danube\/#primaryimage"},"image":{"@id":"https:\/\/wildtravel.ro\/fr\/delta-du-danube\/#primaryimage"},"thumbnailUrl":"https:\/\/wildtravel.ro\/wp-content\/uploads\/2012\/03\/dcr.jpg","datePublished":"2012-03-10T16:04:30+00:00","dateModified":"2023-01-26T06:43:54+00:00","breadcrumb":{"@id":"https:\/\/wildtravel.ro\/fr\/delta-du-danube\/#breadcrumb"},"inLanguage":"fr-FR","potentialAction":[{"@type":"ReadAction","target":["https:\/\/wildtravel.ro\/fr\/delta-du-danube\/"]}]},{"@type":"ImageObject","inLanguage":"fr-FR","@id":"https:\/\/wildtravel.ro\/fr\/delta-du-danube\/#primaryimage","url":"https:\/\/wildtravel.ro\/wp-content\/uploads\/2012\/03\/dcr.jpg","contentUrl":"https:\/\/wildtravel.ro\/wp-content\/uploads\/2012\/03\/dcr.jpg","caption":"pelican alb"},{"@type":"BreadcrumbList","@id":"https:\/\/wildtravel.ro\/fr\/delta-du-danube\/#breadcrumb","itemListElement":[{"@type":"ListItem","position":1,"name":"Home","item":"https:\/\/wildtravel.ro\/fr\/"},{"@type":"ListItem","position":2,"name":"Delta du Danube"}]},{"@type":"WebSite","@id":"https:\/\/wildtravel.ro\/#website","url":"https:\/\/wildtravel.ro\/","name":"Voyage sauvage dans le delta du Danube","description":"Wild about wild","publisher":{"@id":"https:\/\/wildtravel.ro\/#organization"},"potentialAction":[{"@type":"SearchAction","target":{"@type":"EntryPoint","urlTemplate":"https:\/\/wildtravel.ro\/?s={search_term_string}"},"query-input":{"@type":"PropertyValueSpecification","valueRequired":true,"valueName":"search_term_string"}}],"inLanguage":"fr-FR"},{"@type":"Organization","@id":"https:\/\/wildtravel.ro\/#organization","name":"Wild travel","url":"https:\/\/wildtravel.ro\/","logo":{"@type":"ImageObject","inLanguage":"fr-FR","@id":"https:\/\/wildtravel.ro\/#\/schema\/logo\/image\/","url":"http:\/\/wildtravel.ro\/wp-content\/uploads\/2023\/01\/logo-125.png","contentUrl":"http:\/\/wildtravel.ro\/wp-content\/uploads\/2023\/01\/logo-125.png","width":357,"height":125,"caption":"Wild travel"},"image":{"@id":"https:\/\/wildtravel.ro\/#\/schema\/logo\/image\/"},"sameAs":["https:\/\/www.facebook.com\/wildtravel.ro\/"]}]}},"_links":{"self":[{"href":"https:\/\/wildtravel.ro\/fr\/wp-json\/wp\/v2\/pages\/28","targetHints":{"allow":["GET"]}}],"collection":[{"href":"https:\/\/wildtravel.ro\/fr\/wp-json\/wp\/v2\/pages"}],"about":[{"href":"https:\/\/wildtravel.ro\/fr\/wp-json\/wp\/v2\/types\/page"}],"author":[{"embeddable":true,"href":"https:\/\/wildtravel.ro\/fr\/wp-json\/wp\/v2\/users\/3"}],"replies":[{"embeddable":true,"href":"https:\/\/wildtravel.ro\/fr\/wp-json\/wp\/v2\/comments?post=28"}],"version-history":[{"count":0,"href":"https:\/\/wildtravel.ro\/fr\/wp-json\/wp\/v2\/pages\/28\/revisions"}],"wp:featuredmedia":[{"embeddable":true,"href":"https:\/\/wildtravel.ro\/fr\/wp-json\/wp\/v2\/media\/23"}],"wp:attachment":[{"href":"https:\/\/wildtravel.ro\/fr\/wp-json\/wp\/v2\/media?parent=28"}],"curies":[{"name":"wp","href":"https:\/\/api.w.org\/{rel}","templated":true}]}}