{"id":20331,"date":"2023-01-28T18:43:55","date_gmt":"2023-01-28T16:43:55","guid":{"rendered":"http:\/\/wildtravel.ro\/?page_id=20331"},"modified":"2023-02-03T15:52:26","modified_gmt":"2023-02-03T13:52:26","slug":"delta-du-danube-roumanie","status":"publish","type":"page","link":"https:\/\/wildtravel.ro\/fr\/delta-du-danube-roumanie\/","title":{"rendered":"Delta du Danube &#8211; Roumanie"},"content":{"rendered":"<div class=\"wp-block-image\">\n<figure class=\"alignleft size-large is-resized\"><img fetchpriority=\"high\" decoding=\"async\" src=\"http:\/\/wildtravel.ro\/wp-content\/uploads\/2023\/01\/zz-1024x683.jpg\" alt=\"\" class=\"wp-image-18927\" width=\"401\" height=\"267\" srcset=\"https:\/\/wildtravel.ro\/wp-content\/uploads\/2023\/01\/zz-1024x683.jpg 1024w, https:\/\/wildtravel.ro\/wp-content\/uploads\/2023\/01\/zz-300x200.jpg 300w, https:\/\/wildtravel.ro\/wp-content\/uploads\/2023\/01\/zz-768x512.jpg 768w, https:\/\/wildtravel.ro\/wp-content\/uploads\/2023\/01\/zz-1536x1024.jpg 1536w, https:\/\/wildtravel.ro\/wp-content\/uploads\/2023\/01\/zz-2048x1366.jpg 2048w\" sizes=\"(max-width: 401px) 100vw, 401px\" \/><\/figure>\n<\/div>\n\n\n<p>Avec une superficie d&rsquo;environ 5050 km2, le delta du Danube est le deuxi\u00e8me plus grand d&rsquo;Europe, apr\u00e8s le delta de la Volga, form\u00e9 il y a 10 000 ans \u00e0 l&#8217;embouchure du Danube dans la mer Noire. Le Danube, qui prend sa source en Allemagne, dans les montagnes de la For\u00eat-Noire, traverse les territoires de dix pays et apr\u00e8s un voyage de 2 860 km trouve le repos en s&rsquo;\u00e9coulant paresseusement \u00e0 travers trois bras principaux dans la mer Noire (Chilia, Sulina, St. George).\n\nLe delta du Danube est limit\u00e9 au sud-ouest par le plateau de Dobrogea, au nord il forme la fronti\u00e8re avec l&rsquo;Ukraine et \u00e0 l&rsquo;est il se jette dans la mer Noire. Le delta du Danube est travers\u00e9 par le parall\u00e8le de 45\u00b0 de latitude N et le m\u00e9ridien de 29\u00b0 de longitude E. Le delta occupe, avec le complexe lagunaire Razim \u2013 Sinoe 5050 km\u00b2, dont 732 km\u00b2 appartiennent \u00e0 l&rsquo;Ukraine, le delta roumain revenant une superficie de 2540 km\u00b2. Gr\u00e2ce aux 67 millions de tonnes d&rsquo;alluvions apport\u00e9es par le Danube, le delta du Danube cro\u00eet chaque ann\u00e9e d&rsquo;env. 40 m\u00b2.<\/p>\n\n\n\n<p>Lorsque le Danube atteint P\u0103tl\u0103geanca, il se divise en deux branches, la branche Chilia au nord et la branche Tulcea au sud, qui se branche ensuite \u00e0 Ceatal Sfantu Gheorghe, il se divise en Bra\u021bul Sulina et Bra\u021bul Sf\u00e2ntul Gheorghe.<\/p>\n\n\n\n<p id=\"tw-target-rmn\">Le bras Chilia, forme la fronti\u00e8re avec l&rsquo;Ukraine, et transporte 60% des eaux et alluvions du Danube le long de son cours de 104 km\u00b2.<\/p>\n\n\n\n<p>Sulina Arm est situ\u00e9 au milieu du delta, et contrairement \u00e0 Chilia, il a un cours rectiligne, dragu\u00e9 en permanence et entretenu pour la navigation des navires maritimes. Il mesure 71 km de long et transporte 18% du volume d&rsquo;eau du Danube.<\/p>\n\n\n<div class=\"wp-block-image\">\n<figure class=\"alignright size-large is-resized\"><img decoding=\"async\" src=\"http:\/\/wildtravel.ro\/wp-content\/uploads\/2023\/01\/plachie-2-1024x845.jpg\" alt=\"\" class=\"wp-image-20236\" width=\"342\" height=\"282\" srcset=\"https:\/\/wildtravel.ro\/wp-content\/uploads\/2023\/01\/plachie-2-1024x845.jpg 1024w, https:\/\/wildtravel.ro\/wp-content\/uploads\/2023\/01\/plachie-2-300x248.jpg 300w, https:\/\/wildtravel.ro\/wp-content\/uploads\/2023\/01\/plachie-2-768x634.jpg 768w, https:\/\/wildtravel.ro\/wp-content\/uploads\/2023\/01\/plachie-2-1536x1267.jpg 1536w, https:\/\/wildtravel.ro\/wp-content\/uploads\/2023\/01\/plachie-2.jpg 1658w\" sizes=\"(max-width: 342px) 100vw, 342px\" \/><\/figure>\n<\/div>\n\n\n<p>Le cours de Bra\u021bului Sf\u00e2ntul Gheorghe est orient\u00e9 au sud-est et s&rsquo;\u00e9tend sur 112 km, emportant 22% du d\u00e9bit du Danube. A l&#8217;embouchure, il forme les \u00eeles Sacalin, consid\u00e9r\u00e9es comme le d\u00e9but d&rsquo;un delta secondaire. Le delta du Danube (\u00e0 l&rsquo;exception du delta secondaire du bras de Chilia) fait traditionnellement partie de Dobrogea, mais dans l&rsquo;Antiquit\u00e9 et au Moyen \u00c2ge, la c\u00f4te \u00e9tait beaucoup plus \u00e0 l&rsquo;ouest (entre Old Chilia et Murighiol au temps de Strabon, entre Periprava et le lac Dranov \u00e0 l&rsquo;\u00e9poque byzantine), de sorte que les cartes historiques qui repr\u00e9sentent Dobrogea, y compris l&rsquo;ensemble du delta actuel, sont g\u00e9omorphologiquement fausses.<\/p>\n\n\n\n<p>L&rsquo;ensemble du territoire a \u00e9t\u00e9 d\u00e9clar\u00e9 r\u00e9serve de biosph\u00e8re en 1990, inclus dans le patrimoine mondial et est administr\u00e9 par une institution bas\u00e9e \u00e0 Tulcea (str. Portului n \u00b0 34 A; www.ddbra.ro), dirig\u00e9e par un gouverneur.<\/p>\n\n\n\n<p>L&rsquo;objectif principal de l&rsquo;ARBDD est principalement de conserver et de prot\u00e9ger l&rsquo;immense patrimoine naturel existant dans ce mauvais coin du monde.<\/p>\n\n\n\n<p>La faune du delta comprend de nombreuses esp\u00e8ces d&rsquo;oiseaux, de mammif\u00e8res, de reptiles, d&rsquo;amphibiens ainsi que 3018 esp\u00e8ces d&rsquo;invert\u00e9br\u00e9s.<\/p>\n\n\n\n<p>Les ornithologues passionn\u00e9s ont l&rsquo;occasion d&rsquo;admirer pendant un an, un certain nombre de 350 esp\u00e8ces d&rsquo;oiseaux, dont beaucoup sont tr\u00e8s rares en Europe.<\/p>\n\n\n\n<p id=\"tw-target-rmn\">Pendant la migration printani\u00e8re (15 avril-15 juin), la p\u00e9riode d&rsquo;observation des oiseaux la plus attrayante et la plus int\u00e9ressante (ainsi qu&rsquo;ao\u00fbt-septembre), sur un parcours organis\u00e9 de 8-10 jours, on peut observer un nombre moyen d&rsquo;environ 140-160 esp\u00e8ces d&rsquo;oiseaux.<\/p>\n\n\n<div class=\"wp-block-image\">\n<figure class=\"alignleft size-large is-resized\"><img decoding=\"async\" src=\"http:\/\/wildtravel.ro\/wp-content\/uploads\/2014\/03\/2b-1-1024x683.jpg\" alt=\"\" class=\"wp-image-18788\" width=\"356\" height=\"237\" srcset=\"https:\/\/wildtravel.ro\/wp-content\/uploads\/2014\/03\/2b-1-1024x683.jpg 1024w, https:\/\/wildtravel.ro\/wp-content\/uploads\/2014\/03\/2b-1-300x200.jpg 300w, https:\/\/wildtravel.ro\/wp-content\/uploads\/2014\/03\/2b-1-768x512.jpg 768w, https:\/\/wildtravel.ro\/wp-content\/uploads\/2014\/03\/2b-1-1536x1024.jpg 1536w, https:\/\/wildtravel.ro\/wp-content\/uploads\/2014\/03\/2b-1-2048x1365.jpg 2048w\" sizes=\"(max-width: 356px) 100vw, 356px\" \/><\/figure>\n<\/div>\n\n\n<p>L&rsquo;oiseau embl\u00e9matique du delta est le p\u00e9lican, repr\u00e9sent\u00e9 par les deux esp\u00e8ces europ\u00e9ennes : le p\u00e9lican fris\u00e9 et le p\u00e9lican commun.<\/p>\n\n\n\n<p>D&rsquo;autres esp\u00e8ces int\u00e9ressantes pour le delta sont : le faucon sacre(Falco cherrug), pygargue a queue blanche (Haliaeetus albicilla), le faucon kobez (Falco vespertinus), la bernache \u00e0 cou roux (Branta ruficollis), le rollier(Coracias garrulus), les guepieres(Merops apiaster), les pics syriaque (Dendrocopos syriacus), le ibis (Plegadis falcinellus), la spatule (Platalea leucorodia), etc&#8230;<\/p>\n\n\n\n<p>Parmi les mammif\u00e8res, on citera la loutre d&rsquo;Europe (Lutra lutra), l&rsquo;une des populations les plus riches d&rsquo;Europe, le chat sauvage (Felix silvestris), le chien viverine (Nyctereutes procyonoides), le sanglier (Sus scrofa), etc.<\/p>\n\n\n\n<p>Les reptiles sont \u00e9galement bien repr\u00e9sent\u00e9s par la couleuvre a colliere (Natrix tessellata) et la couleuvre dtesselaite (Natrix natrix), la tortue mauresque (Testudo graeca) et la cistude (Emys orbicularis), ainsi qu&rsquo;une vari\u00e9t\u00e9 d&rsquo;esp\u00e8ces de l\u00e9zards.<\/p>\n\n\n\n<p>Une autre richesse naturelle du delta est le poisson, parmi les esp\u00e8ces les plus communes que nous citons : la carpe (Cyprinus carpio), le silure (Silurus glanis), le brochet (Esox lucius), la sandre (Stizostedion lucioperca), l&rsquo;esturgeon (famille des Acipenseridae), etc. .<\/p>\n\n\n\n<p id=\"tw-target-rmn\">Le delta du Danube a une population d&rsquo;environ 15 000 habitants, la plus grande ville \u00e9tant la ville de Sulina, qui compte environ 5 000 habitants.<\/p>\n\n\n<div class=\"wp-block-image\">\n<figure class=\"alignright size-large is-resized\"><img loading=\"lazy\" decoding=\"async\" src=\"http:\/\/wildtravel.ro\/wp-content\/uploads\/2023\/01\/nedumeririr-1024x546.jpg\" alt=\"\" class=\"wp-image-18589\" width=\"523\" height=\"279\" srcset=\"https:\/\/wildtravel.ro\/wp-content\/uploads\/2023\/01\/nedumeririr-1024x546.jpg 1024w, https:\/\/wildtravel.ro\/wp-content\/uploads\/2023\/01\/nedumeririr-300x160.jpg 300w, https:\/\/wildtravel.ro\/wp-content\/uploads\/2023\/01\/nedumeririr-768x410.jpg 768w, https:\/\/wildtravel.ro\/wp-content\/uploads\/2023\/01\/nedumeririr-1536x820.jpg 1536w, https:\/\/wildtravel.ro\/wp-content\/uploads\/2023\/01\/nedumeririr-2048x1093.jpg 2048w\" sizes=\"(max-width: 523px) 100vw, 523px\" \/><\/figure>\n<\/div>\n\n\n<p>La population majoritaire est compos\u00e9e de Roumains qui vivent ensemble dans une \u00ab\u00a0Tour de Babel\u00a0\u00bb moderne avec plus de 15 minorit\u00e9s (Lipoviens, Ukrainiens, Turcs, Tatars, Grecs, Ruth\u00e8nes, Italiens, etc.).<\/p>\n\n\n\n<p>Tulcea touristique La ville de Tulcea, porte d&rsquo;entr\u00e9e du delta du Danube, offre aux visiteurs de nombreux points d&rsquo;int\u00e9r\u00eat touristique dont les plus int\u00e9ressants sont certainement les quatre mus\u00e9es (art, arch\u00e9ologie, ethnographie, sciences naturelles).\n<\/p>\n\n\n\n<p>\u00c9videmment, en prenant la ville dans la foul\u00e9e, vous pourrez d\u00e9couvrir d&rsquo;autres objectifs qui retiendront votre attention et raviront l&rsquo;\u0153il, en avant-premi\u00e8re du spectacle qui suivra &#8211; le DELTA DU DANUBE. Le Mus\u00e9e des Sciences Naturelles est un objectif incontournable \u00e0 Tulcea.<\/p>\n","protected":false},"excerpt":{"rendered":"<p>Avec une superficie d&rsquo;environ 5050 km2, le delta du Danube est le deuxi\u00e8me plus grand d&rsquo;Europe, apr\u00e8s le delta de la Volga, form\u00e9 il y a 10 000 ans \u00e0 l&#8217;embouchure du Danube dans la mer Noire. Le Danube, qui prend sa source en Allemagne, dans les montagnes de la For\u00eat-Noire, traverse les territoires de [&hellip;]<\/p>\n","protected":false},"author":3,"featured_media":18930,"parent":0,"menu_order":0,"comment_status":"closed","ping_status":"closed","template":"","meta":{"_acf_changed":false,"footnotes":""},"class_list":["post-20331","page","type-page","status-publish","has-post-thumbnail","hentry"],"acf":[],"yoast_head":"<!-- This site is optimized with the Yoast SEO plugin v27.4 - https:\/\/yoast.com\/product\/yoast-seo-wordpress\/ -->\n<title>Delta du Danube - Roumanie - Voyage sauvage dans le delta du Danube<\/title>\n<meta name=\"description\" content=\"Le delta du Danube est limit\u00e9 au sud-ouest par le plateau de Dobrogea, au nord il forme la fronti\u00e8re avec l&#039;Ukraine\" \/>\n<meta name=\"robots\" content=\"index, follow, max-snippet:-1, max-image-preview:large, max-video-preview:-1\" \/>\n<link rel=\"canonical\" href=\"https:\/\/wildtravel.ro\/fr\/delta-du-danube-roumanie\/\" \/>\n<meta property=\"og:locale\" content=\"fr_FR\" \/>\n<meta property=\"og:type\" content=\"article\" \/>\n<meta property=\"og:title\" content=\"Delta du Danube - Roumanie - Voyage sauvage dans le delta du Danube\" \/>\n<meta property=\"og:description\" content=\"Le delta du Danube est limit\u00e9 au sud-ouest par le plateau de Dobrogea, au nord il forme la fronti\u00e8re avec l&#039;Ukraine\" \/>\n<meta property=\"og:url\" content=\"https:\/\/wildtravel.ro\/fr\/delta-du-danube-roumanie\/\" \/>\n<meta property=\"og:site_name\" content=\"Voyage sauvage dans le delta du Danube\" \/>\n<meta property=\"article:publisher\" content=\"https:\/\/www.facebook.com\/wildtravel.ro\/\" \/>\n<meta property=\"article:modified_time\" content=\"2023-02-03T13:52:26+00:00\" \/>\n<meta property=\"og:image\" content=\"https:\/\/wildtravel.ro\/wp-content\/uploads\/2023\/01\/g9.jpg\" \/>\n\t<meta property=\"og:image:width\" content=\"1844\" \/>\n\t<meta property=\"og:image:height\" content=\"1229\" \/>\n\t<meta property=\"og:image:type\" content=\"image\/jpeg\" \/>\n<meta name=\"twitter:card\" content=\"summary_large_image\" \/>\n<meta name=\"twitter:label1\" content=\"Dur\u00e9e de lecture estim\u00e9e\" \/>\n\t<meta name=\"twitter:data1\" content=\"5 minutes\" \/>\n<script type=\"application\/ld+json\" class=\"yoast-schema-graph\">{\"@context\":\"https:\\\/\\\/schema.org\",\"@graph\":[{\"@type\":\"WebPage\",\"@id\":\"https:\\\/\\\/wildtravel.ro\\\/fr\\\/delta-du-danube-roumanie\\\/\",\"url\":\"https:\\\/\\\/wildtravel.ro\\\/fr\\\/delta-du-danube-roumanie\\\/\",\"name\":\"Delta du Danube - Roumanie - Voyage sauvage dans le delta du Danube\",\"isPartOf\":{\"@id\":\"https:\\\/\\\/wildtravel.ro\\\/#website\"},\"primaryImageOfPage\":{\"@id\":\"https:\\\/\\\/wildtravel.ro\\\/fr\\\/delta-du-danube-roumanie\\\/#primaryimage\"},\"image\":{\"@id\":\"https:\\\/\\\/wildtravel.ro\\\/fr\\\/delta-du-danube-roumanie\\\/#primaryimage\"},\"thumbnailUrl\":\"https:\\\/\\\/wildtravel.ro\\\/wp-content\\\/uploads\\\/2023\\\/01\\\/g9.jpg\",\"datePublished\":\"2023-01-28T16:43:55+00:00\",\"dateModified\":\"2023-02-03T13:52:26+00:00\",\"description\":\"Le delta du Danube est limit\u00e9 au sud-ouest par le plateau de Dobrogea, au nord il forme la fronti\u00e8re avec l'Ukraine\",\"breadcrumb\":{\"@id\":\"https:\\\/\\\/wildtravel.ro\\\/fr\\\/delta-du-danube-roumanie\\\/#breadcrumb\"},\"inLanguage\":\"fr-FR\",\"potentialAction\":[{\"@type\":\"ReadAction\",\"target\":[\"https:\\\/\\\/wildtravel.ro\\\/fr\\\/delta-du-danube-roumanie\\\/\"]}]},{\"@type\":\"ImageObject\",\"inLanguage\":\"fr-FR\",\"@id\":\"https:\\\/\\\/wildtravel.ro\\\/fr\\\/delta-du-danube-roumanie\\\/#primaryimage\",\"url\":\"https:\\\/\\\/wildtravel.ro\\\/wp-content\\\/uploads\\\/2023\\\/01\\\/g9.jpg\",\"contentUrl\":\"https:\\\/\\\/wildtravel.ro\\\/wp-content\\\/uploads\\\/2023\\\/01\\\/g9.jpg\",\"width\":1844,\"height\":1229,\"caption\":\"pygargue\"},{\"@type\":\"BreadcrumbList\",\"@id\":\"https:\\\/\\\/wildtravel.ro\\\/fr\\\/delta-du-danube-roumanie\\\/#breadcrumb\",\"itemListElement\":[{\"@type\":\"ListItem\",\"position\":1,\"name\":\"Home\",\"item\":\"https:\\\/\\\/wildtravel.ro\\\/fr\\\/\"},{\"@type\":\"ListItem\",\"position\":2,\"name\":\"Delta du Danube &#8211; Roumanie\"}]},{\"@type\":\"WebSite\",\"@id\":\"https:\\\/\\\/wildtravel.ro\\\/#website\",\"url\":\"https:\\\/\\\/wildtravel.ro\\\/\",\"name\":\"Voyage sauvage dans le delta du Danube\",\"description\":\"Wild about wild\",\"publisher\":{\"@id\":\"https:\\\/\\\/wildtravel.ro\\\/#organization\"},\"potentialAction\":[{\"@type\":\"SearchAction\",\"target\":{\"@type\":\"EntryPoint\",\"urlTemplate\":\"https:\\\/\\\/wildtravel.ro\\\/?s={search_term_string}\"},\"query-input\":{\"@type\":\"PropertyValueSpecification\",\"valueRequired\":true,\"valueName\":\"search_term_string\"}}],\"inLanguage\":\"fr-FR\"},{\"@type\":\"Organization\",\"@id\":\"https:\\\/\\\/wildtravel.ro\\\/#organization\",\"name\":\"Wild travel\",\"url\":\"https:\\\/\\\/wildtravel.ro\\\/\",\"logo\":{\"@type\":\"ImageObject\",\"inLanguage\":\"fr-FR\",\"@id\":\"https:\\\/\\\/wildtravel.ro\\\/#\\\/schema\\\/logo\\\/image\\\/\",\"url\":\"http:\\\/\\\/wildtravel.ro\\\/wp-content\\\/uploads\\\/2023\\\/01\\\/logo-125.png\",\"contentUrl\":\"http:\\\/\\\/wildtravel.ro\\\/wp-content\\\/uploads\\\/2023\\\/01\\\/logo-125.png\",\"width\":357,\"height\":125,\"caption\":\"Wild travel\"},\"image\":{\"@id\":\"https:\\\/\\\/wildtravel.ro\\\/#\\\/schema\\\/logo\\\/image\\\/\"},\"sameAs\":[\"https:\\\/\\\/www.facebook.com\\\/wildtravel.ro\\\/\"]}]}<\/script>\n<!-- \/ Yoast SEO plugin. -->","yoast_head_json":{"title":"Delta du Danube - Roumanie - Voyage sauvage dans le delta du Danube","description":"Le delta du Danube est limit\u00e9 au sud-ouest par le plateau de Dobrogea, au nord il forme la fronti\u00e8re avec l'Ukraine","robots":{"index":"index","follow":"follow","max-snippet":"max-snippet:-1","max-image-preview":"max-image-preview:large","max-video-preview":"max-video-preview:-1"},"canonical":"https:\/\/wildtravel.ro\/fr\/delta-du-danube-roumanie\/","og_locale":"fr_FR","og_type":"article","og_title":"Delta du Danube - Roumanie - Voyage sauvage dans le delta du Danube","og_description":"Le delta du Danube est limit\u00e9 au sud-ouest par le plateau de Dobrogea, au nord il forme la fronti\u00e8re avec l'Ukraine","og_url":"https:\/\/wildtravel.ro\/fr\/delta-du-danube-roumanie\/","og_site_name":"Voyage sauvage dans le delta du Danube","article_publisher":"https:\/\/www.facebook.com\/wildtravel.ro\/","article_modified_time":"2023-02-03T13:52:26+00:00","og_image":[{"width":1844,"height":1229,"url":"https:\/\/wildtravel.ro\/wp-content\/uploads\/2023\/01\/g9.jpg","type":"image\/jpeg"}],"twitter_card":"summary_large_image","twitter_misc":{"Dur\u00e9e de lecture estim\u00e9e":"5 minutes"},"schema":{"@context":"https:\/\/schema.org","@graph":[{"@type":"WebPage","@id":"https:\/\/wildtravel.ro\/fr\/delta-du-danube-roumanie\/","url":"https:\/\/wildtravel.ro\/fr\/delta-du-danube-roumanie\/","name":"Delta du Danube - Roumanie - Voyage sauvage dans le delta du Danube","isPartOf":{"@id":"https:\/\/wildtravel.ro\/#website"},"primaryImageOfPage":{"@id":"https:\/\/wildtravel.ro\/fr\/delta-du-danube-roumanie\/#primaryimage"},"image":{"@id":"https:\/\/wildtravel.ro\/fr\/delta-du-danube-roumanie\/#primaryimage"},"thumbnailUrl":"https:\/\/wildtravel.ro\/wp-content\/uploads\/2023\/01\/g9.jpg","datePublished":"2023-01-28T16:43:55+00:00","dateModified":"2023-02-03T13:52:26+00:00","description":"Le delta du Danube est limit\u00e9 au sud-ouest par le plateau de Dobrogea, au nord il forme la fronti\u00e8re avec l'Ukraine","breadcrumb":{"@id":"https:\/\/wildtravel.ro\/fr\/delta-du-danube-roumanie\/#breadcrumb"},"inLanguage":"fr-FR","potentialAction":[{"@type":"ReadAction","target":["https:\/\/wildtravel.ro\/fr\/delta-du-danube-roumanie\/"]}]},{"@type":"ImageObject","inLanguage":"fr-FR","@id":"https:\/\/wildtravel.ro\/fr\/delta-du-danube-roumanie\/#primaryimage","url":"https:\/\/wildtravel.ro\/wp-content\/uploads\/2023\/01\/g9.jpg","contentUrl":"https:\/\/wildtravel.ro\/wp-content\/uploads\/2023\/01\/g9.jpg","width":1844,"height":1229,"caption":"pygargue"},{"@type":"BreadcrumbList","@id":"https:\/\/wildtravel.ro\/fr\/delta-du-danube-roumanie\/#breadcrumb","itemListElement":[{"@type":"ListItem","position":1,"name":"Home","item":"https:\/\/wildtravel.ro\/fr\/"},{"@type":"ListItem","position":2,"name":"Delta du Danube &#8211; Roumanie"}]},{"@type":"WebSite","@id":"https:\/\/wildtravel.ro\/#website","url":"https:\/\/wildtravel.ro\/","name":"Voyage sauvage dans le delta du Danube","description":"Wild about wild","publisher":{"@id":"https:\/\/wildtravel.ro\/#organization"},"potentialAction":[{"@type":"SearchAction","target":{"@type":"EntryPoint","urlTemplate":"https:\/\/wildtravel.ro\/?s={search_term_string}"},"query-input":{"@type":"PropertyValueSpecification","valueRequired":true,"valueName":"search_term_string"}}],"inLanguage":"fr-FR"},{"@type":"Organization","@id":"https:\/\/wildtravel.ro\/#organization","name":"Wild travel","url":"https:\/\/wildtravel.ro\/","logo":{"@type":"ImageObject","inLanguage":"fr-FR","@id":"https:\/\/wildtravel.ro\/#\/schema\/logo\/image\/","url":"http:\/\/wildtravel.ro\/wp-content\/uploads\/2023\/01\/logo-125.png","contentUrl":"http:\/\/wildtravel.ro\/wp-content\/uploads\/2023\/01\/logo-125.png","width":357,"height":125,"caption":"Wild travel"},"image":{"@id":"https:\/\/wildtravel.ro\/#\/schema\/logo\/image\/"},"sameAs":["https:\/\/www.facebook.com\/wildtravel.ro\/"]}]}},"_links":{"self":[{"href":"https:\/\/wildtravel.ro\/fr\/wp-json\/wp\/v2\/pages\/20331","targetHints":{"allow":["GET"]}}],"collection":[{"href":"https:\/\/wildtravel.ro\/fr\/wp-json\/wp\/v2\/pages"}],"about":[{"href":"https:\/\/wildtravel.ro\/fr\/wp-json\/wp\/v2\/types\/page"}],"author":[{"embeddable":true,"href":"https:\/\/wildtravel.ro\/fr\/wp-json\/wp\/v2\/users\/3"}],"replies":[{"embeddable":true,"href":"https:\/\/wildtravel.ro\/fr\/wp-json\/wp\/v2\/comments?post=20331"}],"version-history":[{"count":0,"href":"https:\/\/wildtravel.ro\/fr\/wp-json\/wp\/v2\/pages\/20331\/revisions"}],"wp:featuredmedia":[{"embeddable":true,"href":"https:\/\/wildtravel.ro\/fr\/wp-json\/wp\/v2\/media\/18930"}],"wp:attachment":[{"href":"https:\/\/wildtravel.ro\/fr\/wp-json\/wp\/v2\/media?parent=20331"}],"curies":[{"name":"wp","href":"https:\/\/api.w.org\/{rel}","templated":true}]}}