{"id":18561,"date":"2023-01-04T07:56:30","date_gmt":"2023-01-04T05:56:30","guid":{"rendered":"http:\/\/wildtravel.ro\/tours\/"},"modified":"2025-05-26T18:21:44","modified_gmt":"2025-05-26T16:21:44","slug":"excursions","status":"publish","type":"page","link":"https:\/\/wildtravel.ro\/fr\/excursions\/","title":{"rendered":"Excursions \u00e0 Delta du Danube"},"content":{"rendered":"\t\t<div data-elementor-type=\"wp-page\" data-elementor-id=\"18561\" class=\"elementor elementor-18561 elementor-10244\" data-elementor-post-type=\"page\">\n\t\t\t\t\t\t<section class=\"elementor-section elementor-top-section elementor-element elementor-element-1049fc9 elementor-section-boxed elementor-section-height-default elementor-section-height-default\" data-id=\"1049fc9\" data-element_type=\"section\" data-e-type=\"section\">\n\t\t\t\t\t\t<div class=\"elementor-container elementor-column-gap-default\">\n\t\t\t\t\t<div class=\"elementor-column elementor-col-100 elementor-top-column elementor-element elementor-element-7641f60\" data-id=\"7641f60\" data-element_type=\"column\" data-e-type=\"column\">\n\t\t\t<div class=\"elementor-widget-wrap elementor-element-populated\">\n\t\t\t\t\t\t<div class=\"elementor-element elementor-element-e1c9a15 elementor-widget elementor-widget-spacer\" data-id=\"e1c9a15\" data-element_type=\"widget\" data-e-type=\"widget\" data-widget_type=\"spacer.default\">\n\t\t\t\t\t\t\t<div class=\"elementor-spacer\">\n\t\t\t<div class=\"elementor-spacer-inner\"><\/div>\n\t\t<\/div>\n\t\t\t\t\t\t<\/div>\n\t\t\t\t\t<\/div>\n\t\t<\/div>\n\t\t\t\t\t<\/div>\n\t\t<\/section>\n\t\t\t\t<section class=\"elementor-section elementor-top-section elementor-element elementor-element-5ead4bd elementor-section-height-min-height elementor-section-content-bottom elementor-section-items-bottom elementor-section-boxed elementor-section-height-default\" data-id=\"5ead4bd\" data-element_type=\"section\" data-e-type=\"section\" id=\"#video\" data-settings=\"{&quot;background_background&quot;:&quot;video&quot;,&quot;background_video_link&quot;:&quot;https:\\\/\\\/youtu.be\\\/wF61jGR0zu4&quot;,&quot;background_play_on_mobile&quot;:&quot;yes&quot;}\">\n\t\t\t\t\t\t\t\t<div class=\"elementor-background-video-container\">\n\t\t\t\t\t\t\t\t\t\t\t\t\t<div class=\"elementor-background-video-embed\" role=\"presentation\"><\/div>\n\t\t\t\t\t\t\t\t\t\t\t\t<\/div>\n\t\t\t\t\t\t\t\t<div class=\"elementor-container elementor-column-gap-default\">\n\t\t\t\t\t<div class=\"elementor-column elementor-col-100 elementor-top-column elementor-element elementor-element-6bdd715\" data-id=\"6bdd715\" data-element_type=\"column\" data-e-type=\"column\">\n\t\t\t<div class=\"elementor-widget-wrap elementor-element-populated\">\n\t\t\t\t\t\t<div class=\"elementor-element elementor-element-813cfc0 elementor-widget elementor-widget-spacer\" data-id=\"813cfc0\" data-element_type=\"widget\" data-e-type=\"widget\" data-widget_type=\"spacer.default\">\n\t\t\t\t\t\t\t<div class=\"elementor-spacer\">\n\t\t\t<div class=\"elementor-spacer-inner\"><\/div>\n\t\t<\/div>\n\t\t\t\t\t\t<\/div>\n\t\t\t\t<div class=\"elementor-element elementor-element-828ff9e text-shadow elementor-widget__width-initial elementor-widget elementor-widget-heading\" data-id=\"828ff9e\" data-element_type=\"widget\" data-e-type=\"widget\" data-widget_type=\"heading.default\">\n\t\t\t\t\t<h2 class=\"elementor-heading-title elementor-size-default\">Respect pour la nature<br>\nNOUS ORGANISONS QUE DES SLOW TOURS<\/h2>\t\t\t\t<\/div>\n\t\t\t\t<div class=\"elementor-element elementor-element-5623332 text-shadow elementor-view-default elementor-widget elementor-widget-icon\" data-id=\"5623332\" data-element_type=\"widget\" data-e-type=\"widget\" data-widget_type=\"icon.default\">\n\t\t\t\t\t\t\t<div class=\"elementor-icon-wrapper\">\n\t\t\t<a class=\"elementor-icon\" href=\"#h1\">\n\t\t\t<svg aria-hidden=\"true\" class=\"e-font-icon-svg e-far-arrow-alt-circle-down\" viewBox=\"0 0 512 512\" xmlns=\"http:\/\/www.w3.org\/2000\/svg\"><path d=\"M256 8C119 8 8 119 8 256s111 248 248 248 248-111 248-248S393 8 256 8zm0 448c-110.5 0-200-89.5-200-200S145.5 56 256 56s200 89.5 200 200-89.5 200-200 200zm-32-316v116h-67c-10.7 0-16 12.9-8.5 20.5l99 99c4.7 4.7 12.3 4.7 17 0l99-99c7.6-7.6 2.2-20.5-8.5-20.5h-67V140c0-6.6-5.4-12-12-12h-40c-6.6 0-12 5.4-12 12z\"><\/path><\/svg>\t\t\t<\/a>\n\t\t<\/div>\n\t\t\t\t\t\t<\/div>\n\t\t\t\t\t<\/div>\n\t\t<\/div>\n\t\t\t\t\t<\/div>\n\t\t<\/section>\n\t\t\t\t<section class=\"elementor-section elementor-top-section elementor-element elementor-element-23c9246 elementor-section-boxed elementor-section-height-default elementor-section-height-default\" data-id=\"23c9246\" data-element_type=\"section\" data-e-type=\"section\">\n\t\t\t\t\t\t<div class=\"elementor-container elementor-column-gap-default\">\n\t\t\t\t\t<div class=\"elementor-column elementor-col-100 elementor-top-column elementor-element elementor-element-9db6381\" data-id=\"9db6381\" data-element_type=\"column\" data-e-type=\"column\">\n\t\t\t<div class=\"elementor-widget-wrap elementor-element-populated\">\n\t\t\t\t\t\t<div class=\"elementor-element elementor-element-4b4002e elementor-widget elementor-widget-spacer\" data-id=\"4b4002e\" data-element_type=\"widget\" data-e-type=\"widget\" data-widget_type=\"spacer.default\">\n\t\t\t\t\t\t\t<div class=\"elementor-spacer\">\n\t\t\t<div class=\"elementor-spacer-inner\"><\/div>\n\t\t<\/div>\n\t\t\t\t\t\t<\/div>\n\t\t\t\t<div class=\"elementor-element elementor-element-a3c27b5 elementor-widget elementor-widget-heading\" data-id=\"a3c27b5\" data-element_type=\"widget\" data-e-type=\"widget\" data-widget_type=\"heading.default\">\n\t\t\t\t\t<h1 class=\"elementor-heading-title elementor-size-default\">Tours en bateau lent dans Delta du Danube - 2026<\/h1>\t\t\t\t<\/div>\n\t\t\t\t<div class=\"elementor-element elementor-element-7c39092 elementor-widget elementor-widget-text-editor\" data-id=\"7c39092\" data-element_type=\"widget\" data-e-type=\"widget\" id=\"slow\" data-widget_type=\"text-editor.default\">\n\t\t\t\t\t\t\t\t\t<p><span style=\"font-weight: 400;\">Des excursions en bateau lent offrent le plaisir de voir, comme sur un grand \u00e9cran, tout le delta du Danube dans toute sa splendeur.<\/span><\/p><p><span style=\"font-weight: 400;\">La navigation lente et silencieuse, les terrasses ext\u00e9rieures spacieuses, le pont en bois o\u00f9 vous pouvez marcher pieds nus, les services \u00e0 bord du navire et le guide professionnel combin\u00e9s ensemble feront de votre vacance de r\u00eave.<\/span><\/p><p><span style=\"font-weight: 400;\">Calme, oiseaux, delta, nature: tout cela avec l&rsquo;un des plus beaux bateaux \u00e0 vapeur du delta.<\/span><\/p>\t\t\t\t\t\t\t\t<\/div>\n\t\t\t\t<div class=\"elementor-element elementor-element-d6e5170 elementor-widget elementor-widget-spacer\" data-id=\"d6e5170\" data-element_type=\"widget\" data-e-type=\"widget\" data-widget_type=\"spacer.default\">\n\t\t\t\t\t\t\t<div class=\"elementor-spacer\">\n\t\t\t<div class=\"elementor-spacer-inner\"><\/div>\n\t\t<\/div>\n\t\t\t\t\t\t<\/div>\n\t\t\t\t\t<\/div>\n\t\t<\/div>\n\t\t\t\t\t<\/div>\n\t\t<\/section>\n\t\t\t\t<section class=\"elementor-section elementor-top-section elementor-element elementor-element-244b575 elementor-section-boxed elementor-section-height-default elementor-section-height-default\" data-id=\"244b575\" data-element_type=\"section\" data-e-type=\"section\">\n\t\t\t\t\t\t<div class=\"elementor-container elementor-column-gap-default\">\n\t\t\t\t\t<div class=\"elementor-column elementor-col-100 elementor-top-column elementor-element elementor-element-096587a\" data-id=\"096587a\" data-element_type=\"column\" data-e-type=\"column\">\n\t\t\t<div class=\"elementor-widget-wrap elementor-element-populated\">\n\t\t\t\t\t\t<div class=\"elementor-element elementor-element-3744af5 elementor-widget elementor-widget-spacer\" data-id=\"3744af5\" data-element_type=\"widget\" data-e-type=\"widget\" data-widget_type=\"spacer.default\">\n\t\t\t\t\t\t\t<div class=\"elementor-spacer\">\n\t\t\t<div class=\"elementor-spacer-inner\"><\/div>\n\t\t<\/div>\n\t\t\t\t\t\t<\/div>\n\t\t\t\t\t<\/div>\n\t\t<\/div>\n\t\t\t\t\t<\/div>\n\t\t<\/section>\n\t\t\t\t<section class=\"elementor-section elementor-top-section elementor-element elementor-element-0d530e2 elementor-section-boxed elementor-section-height-default elementor-section-height-default\" data-id=\"0d530e2\" data-element_type=\"section\" data-e-type=\"section\">\n\t\t\t\t\t\t<div class=\"elementor-container elementor-column-gap-default\">\n\t\t\t\t\t<div class=\"elementor-column elementor-col-100 elementor-top-column elementor-element elementor-element-f8028a9\" data-id=\"f8028a9\" data-element_type=\"column\" data-e-type=\"column\">\n\t\t\t<div class=\"elementor-widget-wrap elementor-element-populated\">\n\t\t\t\t\t\t<div class=\"elementor-element elementor-element-4638d15 elementor-widget elementor-widget-heading\" data-id=\"4638d15\" data-element_type=\"widget\" data-e-type=\"widget\" data-widget_type=\"heading.default\">\n\t\t\t\t\t<h2 class=\"elementor-heading-title elementor-size-default\">Tours en bateau lent dans Delta du Danube - 2026<\/h2>\t\t\t\t<\/div>\n\t\t\t\t<div class=\"elementor-element elementor-element-391ebc9 elementor-widget elementor-widget-spacer\" data-id=\"391ebc9\" data-element_type=\"widget\" data-e-type=\"widget\" data-widget_type=\"spacer.default\">\n\t\t\t\t\t\t\t<div class=\"elementor-spacer\">\n\t\t\t<div class=\"elementor-spacer-inner\"><\/div>\n\t\t<\/div>\n\t\t\t\t\t\t<\/div>\n\t\t\t\t\t<\/div>\n\t\t<\/div>\n\t\t\t\t\t<\/div>\n\t\t<\/section>\n\t\t\t\t<section class=\"elementor-section elementor-top-section elementor-element elementor-element-f20467b elementor-section-boxed elementor-section-height-default elementor-section-height-default\" data-id=\"f20467b\" data-element_type=\"section\" data-e-type=\"section\">\n\t\t\t\t\t\t<div class=\"elementor-container elementor-column-gap-default\">\n\t\t\t\t\t<div class=\"elementor-column elementor-col-100 elementor-top-column elementor-element elementor-element-3efb661\" data-id=\"3efb661\" data-element_type=\"column\" data-e-type=\"column\">\n\t\t\t<div class=\"elementor-widget-wrap elementor-element-populated\">\n\t\t\t\t\t\t<div class=\"elementor-element elementor-element-7e726d2 elementor-widget elementor-widget-heading\" data-id=\"7e726d2\" data-element_type=\"widget\" data-e-type=\"widget\" data-widget_type=\"heading.default\">\n\t\t\t\t\t<h2 class=\"elementor-heading-title elementor-size-default\">Recettes culinaires de la Delta du Danube<\/h2>\t\t\t\t<\/div>\n\t\t\t\t\t<\/div>\n\t\t<\/div>\n\t\t\t\t\t<\/div>\n\t\t<\/section>\n\t\t\t\t<section class=\"elementor-section elementor-top-section elementor-element elementor-element-213a5f6 elementor-section-boxed elementor-section-height-default elementor-section-height-default\" data-id=\"213a5f6\" data-element_type=\"section\" data-e-type=\"section\">\n\t\t\t\t\t\t<div class=\"elementor-container elementor-column-gap-default\">\n\t\t\t\t\t<div class=\"elementor-column elementor-col-100 elementor-top-column elementor-element elementor-element-44aef62\" data-id=\"44aef62\" data-element_type=\"column\" data-e-type=\"column\">\n\t\t\t<div class=\"elementor-widget-wrap elementor-element-populated\">\n\t\t\t\t\t\t<div class=\"elementor-element elementor-element-7d61835 elementor-widget elementor-widget-wildworld_donations\" data-id=\"7d61835\" data-element_type=\"widget\" data-e-type=\"widget\" data-widget_type=\"wildworld_donations.default\">\n\t\t\t\t<div class=\"elementor-widget-container\">\n\t\t\t\t\t\n        <div class=\"wildworld_donation_listing_widget\">\n            <div class=\"wildworld_donation_wrapper view_type_2\">\n                \n                        <div class=\"wildworld_donations_item\">\n                            <div class=\"wildworld_donations_item_wrapper\">\n                                                                    <div class=\"wildworld_donation_item_img_cont\">\n                                        <img decoding=\"async\" src=\"https:\/\/wildtravel.ro\/wp-content\/uploads\/2023\/01\/storceag-640x519.jpg\" alt=\"Featured Image\" \/>\n                                    <\/div>\n                                    \n                                <h4 class=\"wildworld_donation_item_title\">\n                                    <a href=\"https:\/\/wildtravel.ro\/fr\/recipes\/storceagul\/\">Storceagul<\/a>\n                                <\/h4>\n\n                                <p class=\"wildworld_donation_item_excerpt\">Au cours des derni\u00e8res ann\u00e9es, le storceag est entr\u00e9 dans le menu de presque toutes les pensions et restaurants de la delta. Cependant, peu de...<\/p>\n\n                                <div class=\"wildworld_donation_item_form_cont\">\n                                                                    <\/div>\n\n                                <a class=\"wildworld_donations_item_link wildworld_button\" href=\"https:\/\/wildtravel.ro\/fr\/recipes\/storceagul\/\">Recette<\/a>\n                            <\/div>\n                        <\/div>\n                        \n                        <div class=\"wildworld_donations_item\">\n                            <div class=\"wildworld_donations_item_wrapper\">\n                                                                    <div class=\"wildworld_donation_item_img_cont\">\n                                        <img decoding=\"async\" src=\"https:\/\/wildtravel.ro\/wp-content\/uploads\/2023\/01\/ssa-1-640x519.jpg\" alt=\"Featured Image\" \/>\n                                    <\/div>\n                                    \n                                <h4 class=\"wildworld_donation_item_title\">\n                                    <a href=\"https:\/\/wildtravel.ro\/fr\/recipes\/carpe-au-four\/\">Carpe au four<\/a>\n                                <\/h4>\n\n                                <p class=\"wildworld_donation_item_excerpt\">Le crap cuit au four est certainement l&rsquo;un des plats de base de la gastronomie du delta. Evidemment, ce type de nourriture peut \u00eatre fait...<\/p>\n\n                                <div class=\"wildworld_donation_item_form_cont\">\n                                                                    <\/div>\n\n                                <a class=\"wildworld_donations_item_link wildworld_button\" href=\"https:\/\/wildtravel.ro\/fr\/recipes\/carpe-au-four\/\">Recette<\/a>\n                            <\/div>\n                        <\/div>\n                        \n                        <div class=\"wildworld_donations_item\">\n                            <div class=\"wildworld_donations_item_wrapper\">\n                                                                    <div class=\"wildworld_donation_item_img_cont\">\n                                        <img decoding=\"async\" src=\"https:\/\/wildtravel.ro\/wp-content\/uploads\/2023\/01\/peste-bors-640x519.jpg\" alt=\"Featured Image\" \/>\n                                    <\/div>\n                                    \n                                <h4 class=\"wildworld_donation_item_title\">\n                                    <a href=\"https:\/\/wildtravel.ro\/fr\/recipes\/poisson-bors\/\">Poisson bor\u0219<\/a>\n                                <\/h4>\n\n                                <p class=\"wildworld_donation_item_excerpt\">Qui n&rsquo;a pas mang\u00e9 de vrai bor\u0219 de poisson du delta? La plupart des touristes viennent \u00e0 cet endroit miraculeux pour la cuisine de fruits de...<\/p>\n\n                                <div class=\"wildworld_donation_item_form_cont\">\n                                                                    <\/div>\n\n                                <a class=\"wildworld_donations_item_link wildworld_button\" href=\"https:\/\/wildtravel.ro\/fr\/recipes\/poisson-bors\/\">Recette<\/a>\n                            <\/div>\n                        <\/div>\n                                    <\/div>\n\n                    <\/div>\n        \t\t\t\t<\/div>\n\t\t\t\t<\/div>\n\t\t\t\t\t<\/div>\n\t\t<\/div>\n\t\t\t\t\t<\/div>\n\t\t<\/section>\n\t\t\t\t<\/div>\n\t\t","protected":false},"excerpt":{"rendered":"<p>Respect pour la nature NOUS ORGANISONS QUE DES SLOW TOURS Tours en bateau lent dans Delta du Danube &#8211; 2026 Des excursions en bateau lent offrent le plaisir de voir, comme sur un grand \u00e9cran, tout le delta du Danube dans toute sa splendeur. La navigation lente et silencieuse, les terrasses ext\u00e9rieures spacieuses, le pont [&hellip;]<\/p>\n","protected":false},"author":1,"featured_media":9581,"parent":0,"menu_order":0,"comment_status":"closed","ping_status":"closed","template":"elementor_header_footer","meta":{"_acf_changed":false,"footnotes":""},"class_list":["post-18561","page","type-page","status-publish","has-post-thumbnail","hentry"],"acf":[],"yoast_head":"<!-- This site is optimized with the Yoast SEO plugin v27.3 - https:\/\/yoast.com\/product\/yoast-seo-wordpress\/ -->\n<title>Excursions \u00e0 Delta du Danube - Voyage sauvage dans le delta du Danube<\/title>\n<meta name=\"robots\" content=\"index, follow, max-snippet:-1, max-image-preview:large, max-video-preview:-1\" \/>\n<link rel=\"canonical\" href=\"https:\/\/wildtravel.ro\/fr\/excursions\/\" \/>\n<meta property=\"og:locale\" content=\"fr_FR\" \/>\n<meta property=\"og:type\" content=\"article\" \/>\n<meta property=\"og:title\" content=\"Excursions \u00e0 Delta du Danube - Voyage sauvage dans le delta du Danube\" \/>\n<meta property=\"og:description\" content=\"Respect pour la nature NOUS ORGANISONS QUE DES SLOW TOURS Tours en bateau lent dans Delta du Danube &#8211; 2026 Des excursions en bateau lent offrent le plaisir de voir, comme sur un grand \u00e9cran, tout le delta du Danube dans toute sa splendeur. La navigation lente et silencieuse, les terrasses ext\u00e9rieures spacieuses, le pont [&hellip;]\" \/>\n<meta property=\"og:url\" content=\"https:\/\/wildtravel.ro\/fr\/excursions\/\" \/>\n<meta property=\"og:site_name\" content=\"Voyage sauvage dans le delta du Danube\" \/>\n<meta property=\"article:publisher\" content=\"https:\/\/www.facebook.com\/wildtravel.ro\/\" \/>\n<meta property=\"article:modified_time\" content=\"2025-05-26T16:21:44+00:00\" \/>\n<meta property=\"og:image\" content=\"https:\/\/wildtravel.ro\/wp-content\/uploads\/2022\/09\/4y.jpg\" \/>\n\t<meta property=\"og:image:width\" content=\"1\" \/>\n\t<meta property=\"og:image:height\" content=\"1\" \/>\n\t<meta property=\"og:image:type\" content=\"image\/jpeg\" \/>\n<meta name=\"twitter:card\" content=\"summary_large_image\" \/>\n<meta name=\"twitter:label1\" content=\"Dur\u00e9e de lecture estim\u00e9e\" \/>\n\t<meta name=\"twitter:data1\" content=\"9 minutes\" \/>\n<script type=\"application\/ld+json\" class=\"yoast-schema-graph\">{\"@context\":\"https:\\\/\\\/schema.org\",\"@graph\":[{\"@type\":\"WebPage\",\"@id\":\"https:\\\/\\\/wildtravel.ro\\\/fr\\\/excursions\\\/\",\"url\":\"https:\\\/\\\/wildtravel.ro\\\/fr\\\/excursions\\\/\",\"name\":\"Excursions \u00e0 Delta du Danube - Voyage sauvage dans le delta du Danube\",\"isPartOf\":{\"@id\":\"https:\\\/\\\/wildtravel.ro\\\/#website\"},\"primaryImageOfPage\":{\"@id\":\"https:\\\/\\\/wildtravel.ro\\\/fr\\\/excursions\\\/#primaryimage\"},\"image\":{\"@id\":\"https:\\\/\\\/wildtravel.ro\\\/fr\\\/excursions\\\/#primaryimage\"},\"thumbnailUrl\":\"https:\\\/\\\/wildtravel.ro\\\/wp-content\\\/uploads\\\/2022\\\/09\\\/4y.jpg\",\"datePublished\":\"2023-01-04T05:56:30+00:00\",\"dateModified\":\"2025-05-26T16:21:44+00:00\",\"breadcrumb\":{\"@id\":\"https:\\\/\\\/wildtravel.ro\\\/fr\\\/excursions\\\/#breadcrumb\"},\"inLanguage\":\"fr-FR\",\"potentialAction\":[{\"@type\":\"ReadAction\",\"target\":[\"https:\\\/\\\/wildtravel.ro\\\/fr\\\/excursions\\\/\"]}]},{\"@type\":\"ImageObject\",\"inLanguage\":\"fr-FR\",\"@id\":\"https:\\\/\\\/wildtravel.ro\\\/fr\\\/excursions\\\/#primaryimage\",\"url\":\"https:\\\/\\\/wildtravel.ro\\\/wp-content\\\/uploads\\\/2022\\\/09\\\/4y.jpg\",\"contentUrl\":\"https:\\\/\\\/wildtravel.ro\\\/wp-content\\\/uploads\\\/2022\\\/09\\\/4y.jpg\",\"caption\":\",ihai\"},{\"@type\":\"BreadcrumbList\",\"@id\":\"https:\\\/\\\/wildtravel.ro\\\/fr\\\/excursions\\\/#breadcrumb\",\"itemListElement\":[{\"@type\":\"ListItem\",\"position\":1,\"name\":\"Home\",\"item\":\"https:\\\/\\\/wildtravel.ro\\\/fr\\\/\"},{\"@type\":\"ListItem\",\"position\":2,\"name\":\"Excursions \u00e0 Delta du Danube\"}]},{\"@type\":\"WebSite\",\"@id\":\"https:\\\/\\\/wildtravel.ro\\\/#website\",\"url\":\"https:\\\/\\\/wildtravel.ro\\\/\",\"name\":\"Voyage sauvage dans le delta du Danube\",\"description\":\"Wild about wild\",\"publisher\":{\"@id\":\"https:\\\/\\\/wildtravel.ro\\\/#organization\"},\"potentialAction\":[{\"@type\":\"SearchAction\",\"target\":{\"@type\":\"EntryPoint\",\"urlTemplate\":\"https:\\\/\\\/wildtravel.ro\\\/?s={search_term_string}\"},\"query-input\":{\"@type\":\"PropertyValueSpecification\",\"valueRequired\":true,\"valueName\":\"search_term_string\"}}],\"inLanguage\":\"fr-FR\"},{\"@type\":\"Organization\",\"@id\":\"https:\\\/\\\/wildtravel.ro\\\/#organization\",\"name\":\"Wild travel\",\"url\":\"https:\\\/\\\/wildtravel.ro\\\/\",\"logo\":{\"@type\":\"ImageObject\",\"inLanguage\":\"fr-FR\",\"@id\":\"https:\\\/\\\/wildtravel.ro\\\/#\\\/schema\\\/logo\\\/image\\\/\",\"url\":\"http:\\\/\\\/wildtravel.ro\\\/wp-content\\\/uploads\\\/2023\\\/01\\\/logo-125.png\",\"contentUrl\":\"http:\\\/\\\/wildtravel.ro\\\/wp-content\\\/uploads\\\/2023\\\/01\\\/logo-125.png\",\"width\":357,\"height\":125,\"caption\":\"Wild travel\"},\"image\":{\"@id\":\"https:\\\/\\\/wildtravel.ro\\\/#\\\/schema\\\/logo\\\/image\\\/\"},\"sameAs\":[\"https:\\\/\\\/www.facebook.com\\\/wildtravel.ro\\\/\"]}]}<\/script>\n<!-- \/ Yoast SEO plugin. -->","yoast_head_json":{"title":"Excursions \u00e0 Delta du Danube - Voyage sauvage dans le delta du Danube","robots":{"index":"index","follow":"follow","max-snippet":"max-snippet:-1","max-image-preview":"max-image-preview:large","max-video-preview":"max-video-preview:-1"},"canonical":"https:\/\/wildtravel.ro\/fr\/excursions\/","og_locale":"fr_FR","og_type":"article","og_title":"Excursions \u00e0 Delta du Danube - Voyage sauvage dans le delta du Danube","og_description":"Respect pour la nature NOUS ORGANISONS QUE DES SLOW TOURS Tours en bateau lent dans Delta du Danube &#8211; 2026 Des excursions en bateau lent offrent le plaisir de voir, comme sur un grand \u00e9cran, tout le delta du Danube dans toute sa splendeur. La navigation lente et silencieuse, les terrasses ext\u00e9rieures spacieuses, le pont [&hellip;]","og_url":"https:\/\/wildtravel.ro\/fr\/excursions\/","og_site_name":"Voyage sauvage dans le delta du Danube","article_publisher":"https:\/\/www.facebook.com\/wildtravel.ro\/","article_modified_time":"2025-05-26T16:21:44+00:00","og_image":[{"url":"https:\/\/wildtravel.ro\/wp-content\/uploads\/2022\/09\/4y.jpg","width":1,"height":1,"type":"image\/jpeg"}],"twitter_card":"summary_large_image","twitter_misc":{"Dur\u00e9e de lecture estim\u00e9e":"9 minutes"},"schema":{"@context":"https:\/\/schema.org","@graph":[{"@type":"WebPage","@id":"https:\/\/wildtravel.ro\/fr\/excursions\/","url":"https:\/\/wildtravel.ro\/fr\/excursions\/","name":"Excursions \u00e0 Delta du Danube - Voyage sauvage dans le delta du Danube","isPartOf":{"@id":"https:\/\/wildtravel.ro\/#website"},"primaryImageOfPage":{"@id":"https:\/\/wildtravel.ro\/fr\/excursions\/#primaryimage"},"image":{"@id":"https:\/\/wildtravel.ro\/fr\/excursions\/#primaryimage"},"thumbnailUrl":"https:\/\/wildtravel.ro\/wp-content\/uploads\/2022\/09\/4y.jpg","datePublished":"2023-01-04T05:56:30+00:00","dateModified":"2025-05-26T16:21:44+00:00","breadcrumb":{"@id":"https:\/\/wildtravel.ro\/fr\/excursions\/#breadcrumb"},"inLanguage":"fr-FR","potentialAction":[{"@type":"ReadAction","target":["https:\/\/wildtravel.ro\/fr\/excursions\/"]}]},{"@type":"ImageObject","inLanguage":"fr-FR","@id":"https:\/\/wildtravel.ro\/fr\/excursions\/#primaryimage","url":"https:\/\/wildtravel.ro\/wp-content\/uploads\/2022\/09\/4y.jpg","contentUrl":"https:\/\/wildtravel.ro\/wp-content\/uploads\/2022\/09\/4y.jpg","caption":",ihai"},{"@type":"BreadcrumbList","@id":"https:\/\/wildtravel.ro\/fr\/excursions\/#breadcrumb","itemListElement":[{"@type":"ListItem","position":1,"name":"Home","item":"https:\/\/wildtravel.ro\/fr\/"},{"@type":"ListItem","position":2,"name":"Excursions \u00e0 Delta du Danube"}]},{"@type":"WebSite","@id":"https:\/\/wildtravel.ro\/#website","url":"https:\/\/wildtravel.ro\/","name":"Voyage sauvage dans le delta du Danube","description":"Wild about wild","publisher":{"@id":"https:\/\/wildtravel.ro\/#organization"},"potentialAction":[{"@type":"SearchAction","target":{"@type":"EntryPoint","urlTemplate":"https:\/\/wildtravel.ro\/?s={search_term_string}"},"query-input":{"@type":"PropertyValueSpecification","valueRequired":true,"valueName":"search_term_string"}}],"inLanguage":"fr-FR"},{"@type":"Organization","@id":"https:\/\/wildtravel.ro\/#organization","name":"Wild travel","url":"https:\/\/wildtravel.ro\/","logo":{"@type":"ImageObject","inLanguage":"fr-FR","@id":"https:\/\/wildtravel.ro\/#\/schema\/logo\/image\/","url":"http:\/\/wildtravel.ro\/wp-content\/uploads\/2023\/01\/logo-125.png","contentUrl":"http:\/\/wildtravel.ro\/wp-content\/uploads\/2023\/01\/logo-125.png","width":357,"height":125,"caption":"Wild travel"},"image":{"@id":"https:\/\/wildtravel.ro\/#\/schema\/logo\/image\/"},"sameAs":["https:\/\/www.facebook.com\/wildtravel.ro\/"]}]}},"_links":{"self":[{"href":"https:\/\/wildtravel.ro\/fr\/wp-json\/wp\/v2\/pages\/18561","targetHints":{"allow":["GET"]}}],"collection":[{"href":"https:\/\/wildtravel.ro\/fr\/wp-json\/wp\/v2\/pages"}],"about":[{"href":"https:\/\/wildtravel.ro\/fr\/wp-json\/wp\/v2\/types\/page"}],"author":[{"embeddable":true,"href":"https:\/\/wildtravel.ro\/fr\/wp-json\/wp\/v2\/users\/1"}],"replies":[{"embeddable":true,"href":"https:\/\/wildtravel.ro\/fr\/wp-json\/wp\/v2\/comments?post=18561"}],"version-history":[{"count":9,"href":"https:\/\/wildtravel.ro\/fr\/wp-json\/wp\/v2\/pages\/18561\/revisions"}],"predecessor-version":[{"id":41968,"href":"https:\/\/wildtravel.ro\/fr\/wp-json\/wp\/v2\/pages\/18561\/revisions\/41968"}],"wp:featuredmedia":[{"embeddable":true,"href":"https:\/\/wildtravel.ro\/fr\/wp-json\/wp\/v2\/media\/9581"}],"wp:attachment":[{"href":"https:\/\/wildtravel.ro\/fr\/wp-json\/wp\/v2\/media?parent=18561"}],"curies":[{"name":"wp","href":"https:\/\/api.w.org\/{rel}","templated":true}]}}