{"id":130,"date":"2012-03-28T08:12:30","date_gmt":"2012-03-28T06:12:30","guid":{"rendered":"http:\/\/wildtravel.ro\/patrimoine-culturel-de-la-population-du-delta-du-danube\/"},"modified":"2012-03-28T08:12:30","modified_gmt":"2012-03-28T06:12:30","slug":"patrimoine-culturel-de-la-population-du-delta-du-danube","status":"publish","type":"page","link":"https:\/\/wildtravel.ro\/fr\/patrimoine-culturel-de-la-population-du-delta-du-danube\/","title":{"rendered":"Patrimoine culturel de la population du Delta du Danube"},"content":{"rendered":"<p><strong>Patrimoine culturel de la population du Delta du Danube<\/strong><\/p>\n<p> Par ses richesses naturelles et sa position g\u00e9ographique, le Delta du Danube avec son relief vari\u00e9 et f\u00e9cond, son climat d&rsquo;\u00e9t\u00e9 et la diversit\u00e9 de la nature, a toujours attir\u00e9 la pr\u00e9sence de l&rsquo;homme. Pour la pr\u00e9histoire, les vestiges arch\u00e9ologiques repr\u00e9sentent la seule source parlant des formes de civilisation et culture des hommes vivant ici. Le littoral entre Sinoe et l&rsquo;Ile de Popina au Nord du Lac Razim est le berceau de la civilisation n\u00e9olithique de type Hamangia (Baia d&rsquo;aujourd&rsquo;hui) \ufffd 5000-3000 avant .J.Chr. Les statuettes en argile appartenant \u00e0 cette culture sont les manifestations de la vie spirituelle quotidienne, et les deux statues en argile connues sous les noms de \u00ab&nbsp;Le Pensant&nbsp;\u00bb et \u00ab&nbsp;La femme assise&nbsp;\u00bb repr\u00e9sentent la famille &#8211; paire et sont consid\u00e9r\u00e9es comme chefs d&rsquo;\ufffduvre de l&rsquo;art n\u00e9olithique universel.<\/p>\n<p> Les fortifications avec des foss\u00e9s et des murs en terre sur les promontoires de Sinoe, Enisala, Babadag, Tulcea et Somova, ainsi que les tumulus r\u00e9pandus au long du fleuve et sur les collines entre le Danube et Razim sont les vestiges de l&rsquo;\u00e9poque du fer (1200- 500 avant J.Chr.).<\/p>\n<p> Le tr\u00e9sor princi\u00e8re d\u00e9couvert dans une telle tombe tumulaire d&rsquo;Agighiol, \u00e0 cot\u00e9 d&rsquo;autres riches n\u00e9cropoles de Murighiol et Enisala, ainsi que la grande cit\u00e9 de refuge de Bestepe, sont des t\u00e9moignages d&rsquo;une civilisation s\u00e9dentaire cr\u00e9e par les getes autochtones, selon les grecs, ou les dacs, selon les romans.<\/p>\n<p> Vers le Nord on d\u00e9couvre un grande centre \u00e9conomique de la p\u00e9riode romane, la ville de Halmyris (Murighiol aujourd&rsquo;hui). Apres Dinogetia (sur l&rsquo;\u00eele Bisericuta dans le village de Garv\u00e3n), Halmyris est le plus connu de point de vue arch\u00e9ologique de toutes les cit\u00e9s: Salsovia (Mahmudia), Talamonium (Nufaru), Aegyssus (Tulcea), Noviodunum (Isaccea), ou d&rsquo;autres dont le nom est perdu dans le temps, comme les cit\u00e9s romanes d&rsquo;Enisala ou celle sur les collines de Parches.<\/p>\n<p> Les cartes de Genova et les sources byzantines parlent beaucoup de la p\u00eache et du commerce de tout sort des si\u00e8cles X &#8211; XV dans les ports sur le Danube comme Solina (Sulina aujourd&rsquo;hui), Licostoma (Periprava) et Vicina (position incertaine).<\/p>\n<p> Les guerres entre les russes et les turcs des si\u00e8cles XVIII et XIX, ainsi que l&rsquo;administration russe du Delta du Danube jusqu&rsquo;en 1856 ont d\u00e9truit les vestiges de la p\u00e9riode de domination turque.<\/p>\n<p> Les deux grands centres commerciaux au c\ufffdur du Delta (Chilia et Sulina) renaissent apr\u00e8s la guerre de Crim\u00e9e. Entre 1856 et 1940, Sulina a connu un d\u00e9veloppement \u00e9conomique, urbain et spirituel particulier non seulement par ampleur, mais surtout par un sp\u00e9cifique qui la rend sp\u00e9ciale parmi les ville danubiennes de Roumanie. Aujourd&rsquo;hui, quelques b\u00e2timents restent (comme le Palais de la Commission Europ\u00e9enne du Danube, les phares anciens et nouveaux) et les \u00e9glises et la cimeti\u00e8re gardent l&rsquo;image de la ville cosmopolite d&rsquo;antan.<\/p>\n","protected":false},"excerpt":{"rendered":"<p>Patrimoine culturel de la population du Delta du Danube Par ses richesses naturelles et sa position g\u00e9ographique, le Delta du Danube avec son relief vari\u00e9 et f\u00e9cond, son climat d&rsquo;\u00e9t\u00e9 et la diversit\u00e9 de la nature, a toujours attir\u00e9 la pr\u00e9sence de l&rsquo;homme. Pour la pr\u00e9histoire, les vestiges arch\u00e9ologiques repr\u00e9sentent la seule source parlant des [&hellip;]<\/p>\n","protected":false},"author":3,"featured_media":131,"parent":0,"menu_order":0,"comment_status":"closed","ping_status":"closed","template":"","meta":{"_acf_changed":false,"footnotes":""},"class_list":["post-130","page","type-page","status-publish","has-post-thumbnail","hentry"],"acf":[],"yoast_head":"<!-- This site is optimized with the Yoast SEO plugin v27.3 - https:\/\/yoast.com\/product\/yoast-seo-wordpress\/ -->\n<title>Patrimoine culturel de la population du Delta du Danube - Voyage sauvage dans le delta du Danube<\/title>\n<meta name=\"robots\" content=\"index, follow, max-snippet:-1, max-image-preview:large, max-video-preview:-1\" \/>\n<link rel=\"canonical\" href=\"https:\/\/wildtravel.ro\/fr\/patrimoine-culturel-de-la-population-du-delta-du-danube\/\" \/>\n<meta property=\"og:locale\" content=\"fr_FR\" \/>\n<meta property=\"og:type\" content=\"article\" \/>\n<meta property=\"og:title\" content=\"Patrimoine culturel de la population du Delta du Danube - Voyage sauvage dans le delta du Danube\" \/>\n<meta property=\"og:description\" content=\"Patrimoine culturel de la population du Delta du Danube Par ses richesses naturelles et sa position g\u00e9ographique, le Delta du Danube avec son relief vari\u00e9 et f\u00e9cond, son climat d&rsquo;\u00e9t\u00e9 et la diversit\u00e9 de la nature, a toujours attir\u00e9 la pr\u00e9sence de l&rsquo;homme. Pour la pr\u00e9histoire, les vestiges arch\u00e9ologiques repr\u00e9sentent la seule source parlant des [&hellip;]\" \/>\n<meta property=\"og:url\" content=\"https:\/\/wildtravel.ro\/fr\/patrimoine-culturel-de-la-population-du-delta-du-danube\/\" \/>\n<meta property=\"og:site_name\" content=\"Voyage sauvage dans le delta du Danube\" \/>\n<meta property=\"article:publisher\" content=\"https:\/\/www.facebook.com\/wildtravel.ro\/\" \/>\n<meta property=\"og:image\" content=\"https:\/\/wildtravel.ro\/wp-content\/uploads\/2012\/03\/gtt.jpg\" \/>\n\t<meta property=\"og:image:width\" content=\"1\" \/>\n\t<meta property=\"og:image:height\" content=\"1\" \/>\n\t<meta property=\"og:image:type\" content=\"image\/jpeg\" \/>\n<meta name=\"twitter:card\" content=\"summary_large_image\" \/>\n<meta name=\"twitter:label1\" content=\"Dur\u00e9e de lecture estim\u00e9e\" \/>\n\t<meta name=\"twitter:data1\" content=\"3 minutes\" \/>\n<script type=\"application\/ld+json\" class=\"yoast-schema-graph\">{\"@context\":\"https:\\\/\\\/schema.org\",\"@graph\":[{\"@type\":\"WebPage\",\"@id\":\"https:\\\/\\\/wildtravel.ro\\\/fr\\\/patrimoine-culturel-de-la-population-du-delta-du-danube\\\/\",\"url\":\"https:\\\/\\\/wildtravel.ro\\\/fr\\\/patrimoine-culturel-de-la-population-du-delta-du-danube\\\/\",\"name\":\"Patrimoine culturel de la population du Delta du Danube - Voyage sauvage dans le delta du Danube\",\"isPartOf\":{\"@id\":\"https:\\\/\\\/wildtravel.ro\\\/#website\"},\"primaryImageOfPage\":{\"@id\":\"https:\\\/\\\/wildtravel.ro\\\/fr\\\/patrimoine-culturel-de-la-population-du-delta-du-danube\\\/#primaryimage\"},\"image\":{\"@id\":\"https:\\\/\\\/wildtravel.ro\\\/fr\\\/patrimoine-culturel-de-la-population-du-delta-du-danube\\\/#primaryimage\"},\"thumbnailUrl\":\"https:\\\/\\\/wildtravel.ro\\\/wp-content\\\/uploads\\\/2012\\\/03\\\/gtt.jpg\",\"datePublished\":\"2012-03-28T06:12:30+00:00\",\"breadcrumb\":{\"@id\":\"https:\\\/\\\/wildtravel.ro\\\/fr\\\/patrimoine-culturel-de-la-population-du-delta-du-danube\\\/#breadcrumb\"},\"inLanguage\":\"fr-FR\",\"potentialAction\":[{\"@type\":\"ReadAction\",\"target\":[\"https:\\\/\\\/wildtravel.ro\\\/fr\\\/patrimoine-culturel-de-la-population-du-delta-du-danube\\\/\"]}]},{\"@type\":\"ImageObject\",\"inLanguage\":\"fr-FR\",\"@id\":\"https:\\\/\\\/wildtravel.ro\\\/fr\\\/patrimoine-culturel-de-la-population-du-delta-du-danube\\\/#primaryimage\",\"url\":\"https:\\\/\\\/wildtravel.ro\\\/wp-content\\\/uploads\\\/2012\\\/03\\\/gtt.jpg\",\"contentUrl\":\"https:\\\/\\\/wildtravel.ro\\\/wp-content\\\/uploads\\\/2012\\\/03\\\/gtt.jpg\",\"caption\":\"barca\"},{\"@type\":\"BreadcrumbList\",\"@id\":\"https:\\\/\\\/wildtravel.ro\\\/fr\\\/patrimoine-culturel-de-la-population-du-delta-du-danube\\\/#breadcrumb\",\"itemListElement\":[{\"@type\":\"ListItem\",\"position\":1,\"name\":\"Home\",\"item\":\"https:\\\/\\\/wildtravel.ro\\\/fr\\\/\"},{\"@type\":\"ListItem\",\"position\":2,\"name\":\"Patrimoine culturel de la population du Delta du Danube\"}]},{\"@type\":\"WebSite\",\"@id\":\"https:\\\/\\\/wildtravel.ro\\\/#website\",\"url\":\"https:\\\/\\\/wildtravel.ro\\\/\",\"name\":\"Voyage sauvage dans le delta du Danube\",\"description\":\"Wild about wild\",\"publisher\":{\"@id\":\"https:\\\/\\\/wildtravel.ro\\\/#organization\"},\"potentialAction\":[{\"@type\":\"SearchAction\",\"target\":{\"@type\":\"EntryPoint\",\"urlTemplate\":\"https:\\\/\\\/wildtravel.ro\\\/?s={search_term_string}\"},\"query-input\":{\"@type\":\"PropertyValueSpecification\",\"valueRequired\":true,\"valueName\":\"search_term_string\"}}],\"inLanguage\":\"fr-FR\"},{\"@type\":\"Organization\",\"@id\":\"https:\\\/\\\/wildtravel.ro\\\/#organization\",\"name\":\"Wild travel\",\"url\":\"https:\\\/\\\/wildtravel.ro\\\/\",\"logo\":{\"@type\":\"ImageObject\",\"inLanguage\":\"fr-FR\",\"@id\":\"https:\\\/\\\/wildtravel.ro\\\/#\\\/schema\\\/logo\\\/image\\\/\",\"url\":\"http:\\\/\\\/wildtravel.ro\\\/wp-content\\\/uploads\\\/2023\\\/01\\\/logo-125.png\",\"contentUrl\":\"http:\\\/\\\/wildtravel.ro\\\/wp-content\\\/uploads\\\/2023\\\/01\\\/logo-125.png\",\"width\":357,\"height\":125,\"caption\":\"Wild travel\"},\"image\":{\"@id\":\"https:\\\/\\\/wildtravel.ro\\\/#\\\/schema\\\/logo\\\/image\\\/\"},\"sameAs\":[\"https:\\\/\\\/www.facebook.com\\\/wildtravel.ro\\\/\"]}]}<\/script>\n<!-- \/ Yoast SEO plugin. -->","yoast_head_json":{"title":"Patrimoine culturel de la population du Delta du Danube - Voyage sauvage dans le delta du Danube","robots":{"index":"index","follow":"follow","max-snippet":"max-snippet:-1","max-image-preview":"max-image-preview:large","max-video-preview":"max-video-preview:-1"},"canonical":"https:\/\/wildtravel.ro\/fr\/patrimoine-culturel-de-la-population-du-delta-du-danube\/","og_locale":"fr_FR","og_type":"article","og_title":"Patrimoine culturel de la population du Delta du Danube - Voyage sauvage dans le delta du Danube","og_description":"Patrimoine culturel de la population du Delta du Danube Par ses richesses naturelles et sa position g\u00e9ographique, le Delta du Danube avec son relief vari\u00e9 et f\u00e9cond, son climat d&rsquo;\u00e9t\u00e9 et la diversit\u00e9 de la nature, a toujours attir\u00e9 la pr\u00e9sence de l&rsquo;homme. Pour la pr\u00e9histoire, les vestiges arch\u00e9ologiques repr\u00e9sentent la seule source parlant des [&hellip;]","og_url":"https:\/\/wildtravel.ro\/fr\/patrimoine-culturel-de-la-population-du-delta-du-danube\/","og_site_name":"Voyage sauvage dans le delta du Danube","article_publisher":"https:\/\/www.facebook.com\/wildtravel.ro\/","og_image":[{"url":"https:\/\/wildtravel.ro\/wp-content\/uploads\/2012\/03\/gtt.jpg","width":1,"height":1,"type":"image\/jpeg"}],"twitter_card":"summary_large_image","twitter_misc":{"Dur\u00e9e de lecture estim\u00e9e":"3 minutes"},"schema":{"@context":"https:\/\/schema.org","@graph":[{"@type":"WebPage","@id":"https:\/\/wildtravel.ro\/fr\/patrimoine-culturel-de-la-population-du-delta-du-danube\/","url":"https:\/\/wildtravel.ro\/fr\/patrimoine-culturel-de-la-population-du-delta-du-danube\/","name":"Patrimoine culturel de la population du Delta du Danube - Voyage sauvage dans le delta du Danube","isPartOf":{"@id":"https:\/\/wildtravel.ro\/#website"},"primaryImageOfPage":{"@id":"https:\/\/wildtravel.ro\/fr\/patrimoine-culturel-de-la-population-du-delta-du-danube\/#primaryimage"},"image":{"@id":"https:\/\/wildtravel.ro\/fr\/patrimoine-culturel-de-la-population-du-delta-du-danube\/#primaryimage"},"thumbnailUrl":"https:\/\/wildtravel.ro\/wp-content\/uploads\/2012\/03\/gtt.jpg","datePublished":"2012-03-28T06:12:30+00:00","breadcrumb":{"@id":"https:\/\/wildtravel.ro\/fr\/patrimoine-culturel-de-la-population-du-delta-du-danube\/#breadcrumb"},"inLanguage":"fr-FR","potentialAction":[{"@type":"ReadAction","target":["https:\/\/wildtravel.ro\/fr\/patrimoine-culturel-de-la-population-du-delta-du-danube\/"]}]},{"@type":"ImageObject","inLanguage":"fr-FR","@id":"https:\/\/wildtravel.ro\/fr\/patrimoine-culturel-de-la-population-du-delta-du-danube\/#primaryimage","url":"https:\/\/wildtravel.ro\/wp-content\/uploads\/2012\/03\/gtt.jpg","contentUrl":"https:\/\/wildtravel.ro\/wp-content\/uploads\/2012\/03\/gtt.jpg","caption":"barca"},{"@type":"BreadcrumbList","@id":"https:\/\/wildtravel.ro\/fr\/patrimoine-culturel-de-la-population-du-delta-du-danube\/#breadcrumb","itemListElement":[{"@type":"ListItem","position":1,"name":"Home","item":"https:\/\/wildtravel.ro\/fr\/"},{"@type":"ListItem","position":2,"name":"Patrimoine culturel de la population du Delta du Danube"}]},{"@type":"WebSite","@id":"https:\/\/wildtravel.ro\/#website","url":"https:\/\/wildtravel.ro\/","name":"Voyage sauvage dans le delta du Danube","description":"Wild about wild","publisher":{"@id":"https:\/\/wildtravel.ro\/#organization"},"potentialAction":[{"@type":"SearchAction","target":{"@type":"EntryPoint","urlTemplate":"https:\/\/wildtravel.ro\/?s={search_term_string}"},"query-input":{"@type":"PropertyValueSpecification","valueRequired":true,"valueName":"search_term_string"}}],"inLanguage":"fr-FR"},{"@type":"Organization","@id":"https:\/\/wildtravel.ro\/#organization","name":"Wild travel","url":"https:\/\/wildtravel.ro\/","logo":{"@type":"ImageObject","inLanguage":"fr-FR","@id":"https:\/\/wildtravel.ro\/#\/schema\/logo\/image\/","url":"http:\/\/wildtravel.ro\/wp-content\/uploads\/2023\/01\/logo-125.png","contentUrl":"http:\/\/wildtravel.ro\/wp-content\/uploads\/2023\/01\/logo-125.png","width":357,"height":125,"caption":"Wild travel"},"image":{"@id":"https:\/\/wildtravel.ro\/#\/schema\/logo\/image\/"},"sameAs":["https:\/\/www.facebook.com\/wildtravel.ro\/"]}]}},"_links":{"self":[{"href":"https:\/\/wildtravel.ro\/fr\/wp-json\/wp\/v2\/pages\/130","targetHints":{"allow":["GET"]}}],"collection":[{"href":"https:\/\/wildtravel.ro\/fr\/wp-json\/wp\/v2\/pages"}],"about":[{"href":"https:\/\/wildtravel.ro\/fr\/wp-json\/wp\/v2\/types\/page"}],"author":[{"embeddable":true,"href":"https:\/\/wildtravel.ro\/fr\/wp-json\/wp\/v2\/users\/3"}],"replies":[{"embeddable":true,"href":"https:\/\/wildtravel.ro\/fr\/wp-json\/wp\/v2\/comments?post=130"}],"version-history":[{"count":0,"href":"https:\/\/wildtravel.ro\/fr\/wp-json\/wp\/v2\/pages\/130\/revisions"}],"wp:featuredmedia":[{"embeddable":true,"href":"https:\/\/wildtravel.ro\/fr\/wp-json\/wp\/v2\/media\/131"}],"wp:attachment":[{"href":"https:\/\/wildtravel.ro\/fr\/wp-json\/wp\/v2\/media?parent=130"}],"curies":[{"name":"wp","href":"https:\/\/api.w.org\/{rel}","templated":true}]}}